{"id":12483,"date":"2025-12-06T12:22:18","date_gmt":"2025-12-06T11:22:18","guid":{"rendered":"https:\/\/www.morzeaniolow.pl\/?page_id=12483"},"modified":"2026-04-07T15:38:29","modified_gmt":"2026-04-07T14:38:29","slug":"1000-aniolow-2026","status":"publish","type":"page","link":"https:\/\/www.morzeaniolow.pl\/index.php\/1000-aniolow-2026\/","title":{"rendered":"1000 ANIO\u0141\u00d3W 2026"},"content":{"rendered":"<div class=\"et_pb_section_0 et_pb_section et_section_regular et_block_section\">\n<div class=\"et_pb_row_0 et_pb_row et_block_row\">\n<div class=\"et_pb_column_0 et_pb_column et_pb_column_4_4 et-last-child et_block_column et_pb_css_mix_blend_mode_passthrough\">\n\n\n<div class=\"et_pb_module et_d4_element dipl_floating_image dipl_floating_image_0 et_clickable\">\n\t\t\t\t\n\t\t\t\t\n\t\t\t\t\n\t\t\t\t\n\t\t\t\t\n\t\t\t\t\n\t\t\t\t<div class=\"et_pb_module_inner\">\n\t\t\t\t\t<div class=\"dipl_floating_images_wrapper\"><div class=\"et_pb_module et_d4_element dipl_floating_image_item dipl_floating_image_item_0\">\n\t\t\t\t\n\t\t\t\t\n\t\t\t\t\n\t\t\t\t\n\t\t\t\t\n\t\t\t\t\n\t\t\t\t<div class=\"et_pb_module_inner\">\n\t\t\t\t\t<img  title=\"\" decoding=\"async\" data-src=\"https:\/\/www.morzeaniolow.pl\/wp-content\/uploads\/2022\/02\/Artboard-1@4x.png\"  alt=\"Artboard-1@4x 1000 ANIO\u0141\u00d3W 2026\"  data-srcset=\"https:\/\/www.morzeaniolow.pl\/wp-content\/uploads\/2022\/02\/Artboard-1@4x.png 987w, https:\/\/www.morzeaniolow.pl\/wp-content\/uploads\/2022\/02\/Artboard-1@4x-980x453.png 980w, https:\/\/www.morzeaniolow.pl\/wp-content\/uploads\/2022\/02\/Artboard-1@4x-480x222.png 480w\" data-sizes=\"(min-width: 0px) and (max-width: 480px) 480px, (min-width: 481px) and (max-width: 980px) 980px, (min-width: 981px) 987px, 100vw\" src=\"data:image\/gif;base64,R0lGODlhAQABAAAAACH5BAEKAAEALAAAAAABAAEAAAICTAEAOw==\" class=\"lazyload\" style=\"--smush-placeholder-width: 987px; --smush-placeholder-aspect-ratio: 987\/456;\" \/>\n\t\t\t\t<\/div>\n\t\t\t<\/div><\/div>\n\t\t\t\t<\/div>\n\t\t\t<\/div>\n\n\n\n\n\n<div class=\"et_pb_module et_d4_element dipl_button dipl_button_0\">\n\t\t\t\t\n\t\t\t\t\n\t\t\t\t\n\t\t\t\t\n\t\t\t\t\n\t\t\t\t\n\t\t\t\t<div class=\"et_pb_module_inner\">\n\t\t\t\t\t<div class=\"et_pb_module et_d4_element dipl_button_item dipl_button_item_0\">\n\t\t\t\t\n\t\t\t\t\n\t\t\t\t\n\t\t\t\t\n\t\t\t\t\n\t\t\t\t\n\t\t\t\t<div class=\"et_pb_module_inner\">\n\t\t\t\t\t<div class=\"dipl_button_wrapper dipl_button_classic\"><a class=\"dipl_button_link dipl_button_default_fill\" href=\"https:\/\/elektronicznezapisy.pl\/event\/14252.html\" target=\"_blank\"><span class=\"dipl_button_text\">REJESTRACJA<\/span><\/a><\/div>\n\t\t\t\t<\/div>\n\t\t\t<\/div>\n\t\t\t\t<\/div>\n\t\t\t<\/div>\n\n\n\n\n\n<div class=\"et_pb_module et_d4_element dipl_text_highlighter dipl_text_highlighter_0\">\n\t\t\t\t\n\t\t\t\t\n\t\t\t\t\n\t\t\t\t\n\t\t\t\t\n\t\t\t\t\n\t\t\t\t<div class=\"et_pb_module_inner\">\n\t\t\t\t\t<div class=\"dipl_text_highlighter_wrapper dipl_highlighter_heading dipl_highlight_double_underline \"><h1><span class=\"dipl_text_highlighter_pre_inner_wrapper\">31.05.2026 - &nbsp;<\/span><span class=\"dipl_text_highlighter_inner_wrapper\"><span class=\"dipl_text_highlighted_content\">1000 Anio\u0142\u00f3w o<\/span><?xml version=\"1.0\" encoding=\"utf-8\"?><!-- Generator: Adobe Illustrator 24.3.0, SVG Export Plug-In . SVG Version: 6.00 Build 0)  --><svg version=\"1.1\" xmlns=\"http:\/\/www.w3.org\/2000\/svg\" xmlns:xlink=\"http:\/\/www.w3.org\/1999\/xlink\" x=\"0px\" y=\"0px\" viewBox=\"0 0 176.4 15.3\" style=\"enable-background:new 0 0 176.4 15.3;\" xml:space=\"preserve\"><style type=\"text\/css\">.st0{fill:none;stroke:#231F20;stroke-width:2.5;stroke-linecap:round;stroke-linejoin:round;}<\/style><path class=\"st0\" d=\"M3.7,8.4c0,0,112.2-9,169.3-3.1\"\/><path class=\"st0\" d=\"M12.7,12.2c0,0,92.8-8,149.9-2.7\"\/><\/svg><\/span><span class=\"dipl_text_highlighter_post_inner_wrapper\">&nbsp; wschodzie s\u0142o\u0144ca wydarzenie charytatywne Morza Anio\u0142\u00f3w.<\/span><\/h1><\/div>\n\t\t\t\t<\/div>\n\t\t\t<\/div>\n\n\n\n<div class=\"et_pb_image_0 et_pb_image et_pb_module et_flex_module\"><span class=\"et_pb_image_wrap\"><img  alt=\"Sopot-Patronat-poziom-marynarz-CMYK 1000 ANIO\u0141\u00d3W 2026\" decoding=\"async\" data-src=\"https:\/\/www.morzeaniolow.pl\/wp-content\/uploads\/2026\/04\/Sopot-Patronat-poziom-marynarz-CMYK.jpg\"  title=\"\"  width=\"1072\" height=\"508\" data-srcset=\"https:\/\/www.morzeaniolow.pl\/wp-content\/uploads\/2026\/04\/Sopot-Patronat-poziom-marynarz-CMYK.jpg 1072w, https:\/\/www.morzeaniolow.pl\/wp-content\/uploads\/2026\/04\/Sopot-Patronat-poziom-marynarz-CMYK-980x464.jpg 980w, https:\/\/www.morzeaniolow.pl\/wp-content\/uploads\/2026\/04\/Sopot-Patronat-poziom-marynarz-CMYK-480x227.jpg 480w\" data-sizes=\"(min-width: 0px) and (max-width: 480px) 480px, (min-width: 481px) and (max-width: 980px) 980px, (min-width: 981px) 1072px, 100vw\" class=\"wp-image-14537 lazyload\" src=\"data:image\/gif;base64,R0lGODlhAQABAAAAACH5BAEKAAEALAAAAAABAAEAAAICTAEAOw==\" style=\"--smush-placeholder-width: 1072px; --smush-placeholder-aspect-ratio: 1072\/508;\" \/><\/span><\/div>\n\n<div class=\"et_pb_countdown_timer_0 et_pb_countdown_timer et_pb_bg_layout_dark et_pb_module et_grid_module\" data-end-timestamp=\"1780197600\"><div class=\"et_pb_countdown_timer_container clearfix\"><h4 class=\"title\">DO WSCHODU S\u0141O\u0143CA 1000 ANIO\u0141\u00d3W ZOSTA\u0141O:<\/h4><div class=\"days section values\" data-short=\"D\" data-full=\"Dzie\u0144\/Dni\"><p class=\"value\"><\/p><p class=\"label\">Dzie\u0144\/Dni<\/p><\/div><div class=\"sep section\"><p>:<\/p><\/div><div class=\"hours section values\" data-short=\"Godz\" data-full=\"Godzina\/Godzin(y)\"><p class=\"value\"><\/p><p class=\"label\">Godzina\/Godzin(y)<\/p><\/div><div class=\"sep section\"><p>:<\/p><\/div><div class=\"minutes section values\" data-short=\"Min\" data-full=\"Minuta\/Minut(y)\"><p class=\"value\"><\/p><p class=\"label\">Minuta\/Minut(y)<\/p><\/div><div class=\"sep section\"><p>:<\/p><\/div><div class=\"seconds section values\" data-short=\"Sek\" data-full=\"Sekunda\/Sekund(y)\"><p class=\"value\"><\/p><p class=\"label\">Sekunda\/Sekund(y)<\/p><\/div><\/div><\/div>\n<\/div>\n<\/div>\n\n<div class=\"et_pb_row_1 et_pb_row et_pb_equal_columns et_block_row\">\n<div class=\"et_pb_column_1 et_pb_column et_pb_column_1_2 et_block_column et_pb_css_mix_blend_mode_passthrough\">\n\n\n<div class=\"et_pb_module et_d4_element dipl_image_mask dipl_image_mask_0 et_animated\">\n\t\t\t\t\n\t\t\t\t\n\t\t\t\t\n\t\t\t\t\n\t\t\t\t\n\t\t\t\t\n\t\t\t\t<div class=\"et_pb_module_inner\">\n\t\t\t\t\t<div class=\"dipl_image_mask_container\"><div class=\"dipl_image_mask_inner\"><img  title=\"\" decoding=\"async\" data-src=\"https:\/\/www.morzeaniolow.pl\/wp-content\/uploads\/2024\/11\/20240601_041838-scaled.jpg\"  alt=\"20240601_041838-scaled 1000 ANIO\u0141\u00d3W 2026\" src=\"data:image\/gif;base64,R0lGODlhAQABAAAAACH5BAEKAAEALAAAAAABAAEAAAICTAEAOw==\" class=\"lazyload\" style=\"--smush-placeholder-width: 2560px; --smush-placeholder-aspect-ratio: 2560\/1441;\" \/><\/div><\/div>\n\t\t\t\t<\/div>\n\t\t\t<\/div>\n\n\n<\/div>\n\n<div class=\"et_pb_column_2 et_pb_column et_pb_column_1_2 et-last-child et_block_column et_pb_css_mix_blend_mode_passthrough\">\n<div class=\"et_pb_text_0 et_pb_text et_pb_bg_layout_light et_pb_module et_block_module\"><div class=\"et_pb_text_inner\"><p><strong>31 maja 2026, o godzinie 4:18<\/strong>, setki os\u00f3b w Sopocie i na ca\u0142ym \u015bwiecie wejd\u0105 do wody o wschodzie s\u0142o\u0144ca w intencji pokoju i wolno\u015bci.<br \/>To VII edycja charytatywnej akcji \u201e1000 Anio\u0142\u00f3w o wschodzie s\u0142o\u0144ca\u201d na rzecz <strong>Hospicjum Pomorze Dzieciom<\/strong> \u2013 mo\u017cesz do\u0142\u0105czy\u0107 w Sopocie lub z dowolnego miejsca na \u015bwiecie.<br \/>Zarejestruj si\u0119, wybierz pakiet i b\u0105d\u017a z nami \u2013 w wodzie lub w intencji \u2013 bo dobro nie zna granic. <strong>Rejestracja tylko online <\/strong>do 2 czerwca<strong>.<\/strong><\/p>\n<p>Zosta\u0144 Anio\u0142em !<\/p>\n<p>Do zobaczenia na pla\u017cy w Sopocie<\/p>\n<\/div><\/div>\n<\/div>\n<\/div>\n\n\n\n\n\n<div class=\"et_pb_row_4 et_pb_row et_block_row\">\n<div class=\"et_pb_column_6 et_pb_column et_pb_column_4_4 et-last-child et_block_column et_pb_css_mix_blend_mode_passthrough\">\n\n\n<div class=\"et_pb_module et_d4_element dipl_text_highlighter dipl_text_highlighter_1\">\n\t\t\t\t\n\t\t\t\t\n\t\t\t\t\n\t\t\t\t\n\t\t\t\t\n\t\t\t\t\n\t\t\t\t<div class=\"et_pb_module_inner\">\n\t\t\t\t\t<div class=\"dipl_text_highlighter_wrapper dipl_highlighter_heading dipl_highlight_double_underline \"><h1><span class=\"dipl_text_highlighter_inner_wrapper\"><span class=\"dipl_text_highlighted_content\">S\u0105 z nami<\/span><?xml version=\"1.0\" encoding=\"utf-8\"?><!-- Generator: Adobe Illustrator 24.3.0, SVG Export Plug-In . SVG Version: 6.00 Build 0)  --><svg version=\"1.1\" xmlns=\"http:\/\/www.w3.org\/2000\/svg\" xmlns:xlink=\"http:\/\/www.w3.org\/1999\/xlink\" x=\"0px\" y=\"0px\" viewBox=\"0 0 176.4 15.3\" style=\"enable-background:new 0 0 176.4 15.3;\" xml:space=\"preserve\"><style type=\"text\/css\">.st0{fill:none;stroke:#231F20;stroke-width:2.5;stroke-linecap:round;stroke-linejoin:round;}<\/style><path class=\"st0\" d=\"M3.7,8.4c0,0,112.2-9,169.3-3.1\"\/><path class=\"st0\" d=\"M12.7,12.2c0,0,92.8-8,149.9-2.7\"\/><\/svg><\/span><\/h1><\/div>\n\t\t\t\t<\/div>\n\t\t\t<\/div>\n\n\n\n\n<div class=\"et_pb_module et_d4_element dipl_logo_slider dipl_logo_slider_0\">\n\t\t\t\t\n\t\t\t\t\n\t\t\t\t\n\t\t\t\t\n\t\t\t\t\n\t\t\t\t\n\t\t\t\t<div class=\"et_pb_module_inner\">\n\t\t\t\t\t<div class=\"dipl_swiper_wrapper\"><div class=\"dipl_logo_slider_wrapper dipl_swiper_inner_wrap dipl_slide_center\"><div class=\"swiper-container\"><div class=\"swiper-wrapper\"><div class=\"et_pb_module et_d4_element dipl_logo_slider_item dipl_logo_slider_item_0 et_clickable swiper-slide\">\n\t\t\t\t\n\t\t\t\t\n\t\t\t\t\n\t\t\t\t\n\t\t\t\t\n\t\t\t\t\n\t\t\t\t<div class=\"et_pb_module_inner\">\n\t\t\t\t\t<div class=\"dipl_logo_wrapper\"><img  title=\"\" decoding=\"async\" class=\"dipl_logo_image no-lazyload skip-lazy\" src=\"https:\/\/www.morzeaniolow.pl\/wp-content\/uploads\/2021\/05\/Hospicjum-Pomorze-Dzieciom.png\"  alt=\"Hospicjum-Pomorze-Dzieciom 1000 ANIO\u0141\u00d3W 2026\" \/><\/div>\n\t\t\t\t<\/div>\n\t\t\t<\/div><div class=\"et_pb_module et_d4_element dipl_logo_slider_item dipl_logo_slider_item_1 et_clickable swiper-slide\">\n\t\t\t\t\n\t\t\t\t\n\t\t\t\t\n\t\t\t\t\n\t\t\t\t\n\t\t\t\t\n\t\t\t\t<div class=\"et_pb_module_inner\">\n\t\t\t\t\t<div class=\"dipl_logo_wrapper\"><img  title=\"\" decoding=\"async\" class=\"dipl_logo_image no-lazyload skip-lazy\" src=\"https:\/\/www.morzeaniolow.pl\/wp-content\/uploads\/2024\/01\/Zasob-2.png\"  alt=\"Zasob-2 1000 ANIO\u0141\u00d3W 2026\" \/><\/div>\n\t\t\t\t<\/div>\n\t\t\t<\/div><div class=\"et_pb_module et_d4_element dipl_logo_slider_item dipl_logo_slider_item_2 et_clickable swiper-slide\">\n\t\t\t\t\n\t\t\t\t\n\t\t\t\t\n\t\t\t\t\n\t\t\t\t\n\t\t\t\t\n\t\t\t\t<div class=\"et_pb_module_inner\">\n\t\t\t\t\t<div class=\"dipl_logo_wrapper\"><img  title=\"\" decoding=\"async\" class=\"dipl_logo_image no-lazyload skip-lazy\" src=\"https:\/\/www.morzeaniolow.pl\/wp-content\/uploads\/2022\/08\/Sopot-logo.jpg\"  alt=\"Sopot-logo 1000 ANIO\u0141\u00d3W 2026\" \/><\/div>\n\t\t\t\t<\/div>\n\t\t\t<\/div><div class=\"et_pb_module et_d4_element dipl_logo_slider_item dipl_logo_slider_item_3 et_clickable swiper-slide\">\n\t\t\t\t\n\t\t\t\t\n\t\t\t\t\n\t\t\t\t\n\t\t\t\t\n\t\t\t\t\n\t\t\t\t<div class=\"et_pb_module_inner\">\n\t\t\t\t\t<div class=\"dipl_logo_wrapper\"><img  title=\"\" decoding=\"async\" class=\"dipl_logo_image no-lazyload skip-lazy\" src=\"https:\/\/www.morzeaniolow.pl\/wp-content\/uploads\/2021\/05\/E-Sopot.jpg\"  alt=\"E-Sopot 1000 ANIO\u0141\u00d3W 2026\" \/><\/div>\n\t\t\t\t<\/div>\n\t\t\t<\/div><div class=\"et_pb_module et_d4_element dipl_logo_slider_item dipl_logo_slider_item_4 et_clickable swiper-slide\">\n\t\t\t\t\n\t\t\t\t\n\t\t\t\t\n\t\t\t\t\n\t\t\t\t\n\t\t\t\t\n\t\t\t\t<div class=\"et_pb_module_inner\">\n\t\t\t\t\t<div class=\"dipl_logo_wrapper\"><img  title=\"\" decoding=\"async\" class=\"dipl_logo_image no-lazyload skip-lazy\" src=\"https:\/\/www.morzeaniolow.pl\/wp-content\/uploads\/2022\/08\/mosir_sopot_logo.jpg\"  alt=\"mosir_sopot_logo 1000 ANIO\u0141\u00d3W 2026\" \/><\/div>\n\t\t\t\t<\/div>\n\t\t\t<\/div><div class=\"et_pb_module et_d4_element dipl_logo_slider_item dipl_logo_slider_item_5 et_clickable swiper-slide\">\n\t\t\t\t\n\t\t\t\t\n\t\t\t\t\n\t\t\t\t\n\t\t\t\t\n\t\t\t\t\n\t\t\t\t<div class=\"et_pb_module_inner\">\n\t\t\t\t\t<div class=\"dipl_logo_wrapper\"><img  title=\"\" decoding=\"async\" class=\"dipl_logo_image no-lazyload skip-lazy\" src=\"https:\/\/www.morzeaniolow.pl\/wp-content\/uploads\/2021\/05\/elektroniczne-zapisy.png\"  alt=\"elektroniczne-zapisy 1000 ANIO\u0141\u00d3W 2026\" \/><\/div>\n\t\t\t\t<\/div>\n\t\t\t<\/div><div class=\"et_pb_module et_d4_element dipl_logo_slider_item dipl_logo_slider_item_6 et_clickable swiper-slide\">\n\t\t\t\t\n\t\t\t\t\n\t\t\t\t\n\t\t\t\t\n\t\t\t\t\n\t\t\t\t\n\t\t\t\t<div class=\"et_pb_module_inner\">\n\t\t\t\t\t<div class=\"dipl_logo_wrapper\"><img  title=\"\" decoding=\"async\" class=\"dipl_logo_image no-lazyload skip-lazy\" src=\"https:\/\/www.morzeaniolow.pl\/wp-content\/uploads\/2025\/05\/Radio_Gdansk_80_lat_znak-300x100.png\"  alt=\"Radio_Gdansk_80_lat_znak-300x100 1000 ANIO\u0141\u00d3W 2026\" \/><\/div>\n\t\t\t\t<\/div>\n\t\t\t<\/div><div class=\"et_pb_module et_d4_element dipl_logo_slider_item dipl_logo_slider_item_7 et_clickable swiper-slide\">\n\t\t\t\t\n\t\t\t\t\n\t\t\t\t\n\t\t\t\t\n\t\t\t\t\n\t\t\t\t\n\t\t\t\t<div class=\"et_pb_module_inner\">\n\t\t\t\t\t<div class=\"dipl_logo_wrapper\"><img  title=\"\" decoding=\"async\" class=\"dipl_logo_image no-lazyload skip-lazy\" src=\"https:\/\/www.morzeaniolow.pl\/wp-content\/uploads\/2025\/05\/logo-Sopockie-WOPR-komplet_Strona_1-300x300.jpg\"  alt=\"logo-Sopockie-WOPR-komplet_Strona_1-300x300 1000 ANIO\u0141\u00d3W 2026\" \/><\/div>\n\t\t\t\t<\/div>\n\t\t\t<\/div><div class=\"et_pb_module et_d4_element dipl_logo_slider_item dipl_logo_slider_item_8 et_clickable swiper-slide\">\n\t\t\t\t\n\t\t\t\t\n\t\t\t\t\n\t\t\t\t\n\t\t\t\t\n\t\t\t\t\n\t\t\t\t<div class=\"et_pb_module_inner\">\n\t\t\t\t\t<div class=\"dipl_logo_wrapper\"><img  title=\"\" decoding=\"async\" class=\"dipl_logo_image no-lazyload skip-lazy\" src=\"https:\/\/www.morzeaniolow.pl\/wp-content\/uploads\/2025\/05\/helios.png\"  alt=\"helios 1000 ANIO\u0141\u00d3W 2026\" \/><\/div>\n\t\t\t\t<\/div>\n\t\t\t<\/div><div class=\"et_pb_module et_d4_element dipl_logo_slider_item dipl_logo_slider_item_9 et_clickable swiper-slide\">\n\t\t\t\t\n\t\t\t\t\n\t\t\t\t\n\t\t\t\t\n\t\t\t\t\n\t\t\t\t\n\t\t\t\t<div class=\"et_pb_module_inner\">\n\t\t\t\t\t<div class=\"dipl_logo_wrapper\"><img  title=\"\" decoding=\"async\" class=\"dipl_logo_image no-lazyload skip-lazy\" src=\"https:\/\/www.morzeaniolow.pl\/wp-content\/uploads\/2025\/05\/InPost_logotype_2024_RGB_white_bg.png\"  alt=\"InPost_logotype_2024_RGB_white_bg 1000 ANIO\u0141\u00d3W 2026\" \/><\/div>\n\t\t\t\t<\/div>\n\t\t\t<\/div><div class=\"et_pb_module et_d4_element dipl_logo_slider_item dipl_logo_slider_item_10 et_clickable swiper-slide\">\n\t\t\t\t\n\t\t\t\t\n\t\t\t\t\n\t\t\t\t\n\t\t\t\t\n\t\t\t\t\n\t\t\t\t<div class=\"et_pb_module_inner\">\n\t\t\t\t\t<div class=\"dipl_logo_wrapper\"><img  title=\"\" decoding=\"async\" class=\"dipl_logo_image no-lazyload skip-lazy\" src=\"https:\/\/www.morzeaniolow.pl\/wp-content\/uploads\/2025\/05\/LOGO-Fundacja-CMYK-monochrom-czarne.png\"  alt=\"LOGO-Fundacja-CMYK-monochrom-czarne 1000 ANIO\u0141\u00d3W 2026\" \/><\/div>\n\t\t\t\t<\/div>\n\t\t\t<\/div><\/div> <!-- swiper-wrapper --><\/div> <!-- swiper-container --><div class=\"dipl_swiper_navigation\" data-arrows_desktop=\"inside\"><div class=\"swiper-button-next\"><\/div> <div class=\"swiper-button-prev\"><\/div><\/div><\/div> <!-- dipl_logo_slider_wrapper --><div class=\"dipl_swiper_pagination\"><div class=\"swiper-pagination solid_dot\"><\/div><\/div><\/div> <!--- dipl_swiper_wrapper --><script>jQuery(function($) {var dipl_logo_slider_0_swiper = new Swiper('.dipl_logo_slider_0 .swiper-container', {\n                            slidesPerView: 4,\n                            slidesPerGroup: 1,\n                            slidesPerGroupSkip: 3,\n                            autoplay: {\n                                delay:3000,\n                                disableOnInteraction: true,\n                            },\n                            spaceBetween: 15,\n                            speed: 1000,\n                            loop: true,\n                            pagination: {\n                        el: '.dipl_logo_slider_0 .swiper-pagination',\n                        dynamicBullets: false,\n                        clickable: true,\n                    },\n                            navigation: {    \n                            nextEl: '.dipl_logo_slider_0 .swiper-button-next',\n                            prevEl: '.dipl_logo_slider_0 .swiper-button-prev',\n                    },\n                            grabCursor: 'true',\n                            observer: true,\n\t\t\t\t\t\t\tobserveParents: true,\n                            breakpoints: {\n                            \t981: {\n\t\t                          \tslidesPerView: 4,\n\t\t                          \tspaceBetween: 15,\n                            \t\tslidesPerGroup: 1,\n                            \t\tslidesPerGroupSkip: 3,\n\t\t                        },\n\t\t                        768: {\n\t\t                          \tslidesPerView: 3,\n\t\t                          \tspaceBetween: 15,\n\t\t                          \tslidesPerGroup: 1,\n                            \t\tslidesPerGroupSkip: 2,\n\t\t                        },\n\t\t                        0: {\n\t\t                          \tslidesPerView: 1,\n\t\t                          \tspaceBetween: 15,\n\t\t                          \tslidesPerGroup: 1,\n                            \t\tslidesPerGroupSkip: 0,\n\t\t                        }\n\t\t                    },\n                    });$(\".dipl_logo_slider_0 .swiper-container\").on(\"mouseenter\", function(e) {\n\t\t\t\t\t\t\tif ( typeof dipl_logo_slider_0_swiper.autoplay.stop === \"function\" ) {\n\t\t\t\t\t\t\t\tdipl_logo_slider_0_swiper.autoplay.stop();\n\t\t\t\t\t\t\t}\n                        });$(\".dipl_logo_slider_0 .swiper-container\").on(\"mouseleave\", function(e) {\n        \t\t\t\t\tif ( typeof dipl_logo_slider_0_swiper.autoplay.start === \"function\" ) {\n                            \tdipl_logo_slider_0_swiper.autoplay.start();\n                            }\n                        });});<\/script>\n\t\t\t\t<\/div>\n\t\t\t<\/div>\n\n<\/div>\n<\/div>\n<\/div>","protected":false},"excerpt":{"rendered":"","protected":false},"author":1,"featured_media":0,"parent":0,"menu_order":0,"comment_status":"closed","ping_status":"closed","template":"","meta":{"_acf_changed":false,"_et_pb_use_builder":"on","_et_pb_old_content":"","_et_gb_content_width":"","footnotes":""},"class_list":["post-12483","page","type-page","status-publish","hentry"],"acf":[],"_links":{"self":[{"href":"https:\/\/www.morzeaniolow.pl\/index.php\/wp-json\/wp\/v2\/pages\/12483","targetHints":{"allow":["GET"]}}],"collection":[{"href":"https:\/\/www.morzeaniolow.pl\/index.php\/wp-json\/wp\/v2\/pages"}],"about":[{"href":"https:\/\/www.morzeaniolow.pl\/index.php\/wp-json\/wp\/v2\/types\/page"}],"author":[{"embeddable":true,"href":"https:\/\/www.morzeaniolow.pl\/index.php\/wp-json\/wp\/v2\/users\/1"}],"replies":[{"embeddable":true,"href":"https:\/\/www.morzeaniolow.pl\/index.php\/wp-json\/wp\/v2\/comments?post=12483"}],"version-history":[{"count":8,"href":"https:\/\/www.morzeaniolow.pl\/index.php\/wp-json\/wp\/v2\/pages\/12483\/revisions"}],"predecessor-version":[{"id":14538,"href":"https:\/\/www.morzeaniolow.pl\/index.php\/wp-json\/wp\/v2\/pages\/12483\/revisions\/14538"}],"wp:attachment":[{"href":"https:\/\/www.morzeaniolow.pl\/index.php\/wp-json\/wp\/v2\/media?parent=12483"}],"curies":[{"name":"wp","href":"https:\/\/api.w.org\/{rel}","templated":true}]}}