{"id":3451,"date":"2020-07-03T10:03:03","date_gmt":"2020-07-03T09:03:03","guid":{"rendered":"https:\/\/www.morzeaniolow.pl\/?page_id=3451"},"modified":"2025-04-16T08:15:17","modified_gmt":"2025-04-16T07:15:17","slug":"galeria","status":"publish","type":"page","link":"https:\/\/www.morzeaniolow.pl\/index.php\/galeria\/","title":{"rendered":"GALERIE"},"content":{"rendered":"<div class=\"et_d4_element et_pb_section et_pb_section_0  et_pb_css_mix_blend_mode et_section_regular et_block_section\" >\n\t\t\t\t\n\t\t\t\t\n\t\t\t\t\n\t\t\t\t\n\t\t\t\t\n\t\t\t\t\n\t\t\t\t<div class=\"et_d4_element et_pb_row et_pb_row_0 et_pb_equal_columns et_pb_gutters1  et_pb_css_mix_blend_mode et_block_row\">\n\t\t\t\t<div class=\"et_d4_element et_pb_column_1_3 et_pb_column et_pb_column_0  et_pb_css_mix_blend_mode et_block_column\">\n\t\t\t\t\n\t\t\t\t\n\t\t\t\t\n\t\t\t\t\n\t\t\t\t<div class=\"et_pb_with_border et_pb_module et_d4_element et_pb_video et_pb_video_0\">\n\t\t\t\t\n\t\t\t\t\n\t\t\t\t\n\t\t\t\t\n\t\t\t\t<div class=\"et_pb_video_box\"><iframe title=\"Kr\u0105g Quantum Przep\u0142ywu\" width=\"1080\" height=\"608\" data-src=\"https:\/\/www.youtube.com\/embed\/PCqkVQ5S-1Q?feature=oembed\"  allow=\"accelerometer; autoplay; clipboard-write; encrypted-media; gyroscope; picture-in-picture; web-share\" referrerpolicy=\"strict-origin-when-cross-origin\" allowfullscreen src=\"data:image\/gif;base64,R0lGODlhAQABAAAAACH5BAEKAAEALAAAAAABAAEAAAICTAEAOw==\" class=\"lazyload\" data-load-mode=\"1\"><\/iframe><\/div>\n\t\t\t\t\n\t\t\t<\/div><div class=\"et_pb_with_border et_pb_module et_d4_element et_pb_video et_pb_video_1\">\n\t\t\t\t\n\t\t\t\t\n\t\t\t\t\n\t\t\t\t\n\t\t\t\t<div class=\"et_pb_video_box\"><iframe title=\"Morze Anio\u0142\u00f3w 1.06.2020 - w intencji WOLNO\u015aCI\" width=\"1080\" height=\"608\" data-src=\"https:\/\/www.youtube.com\/embed\/fcAGz9IziuI?feature=oembed\"  allow=\"accelerometer; autoplay; clipboard-write; encrypted-media; gyroscope; picture-in-picture; web-share\" referrerpolicy=\"strict-origin-when-cross-origin\" allowfullscreen src=\"data:image\/gif;base64,R0lGODlhAQABAAAAACH5BAEKAAEALAAAAAABAAEAAAICTAEAOw==\" class=\"lazyload\" data-load-mode=\"1\"><\/iframe><\/div>\n\t\t\t\t\n\t\t\t<\/div><div class=\"et_pb_with_border et_pb_module et_d4_element et_pb_image et_pb_image_0 et_pb_has_overlay\">\n\t\t\t\t\n\t\t\t\t\n\t\t\t\t\n\t\t\t\t\n\t\t\t\t<a href=\"https:\/\/www.morzeaniolow.pl\/index.php\/wschod-slonca-25-07-2020\/\"><span class=\"et_pb_image_wrap \"><img decoding=\"async\" data-src=\"https:\/\/www.morzeaniolow.pl\/wp-content\/uploads\/2020\/07\/Morze-Anio\u0142\u00f3w-wsch\u00f3d-25062020.jpg\"  alt=\"Morze-Anio\u0142\u00f3w-wsch\u00f3d-25062020 GALERIE\"   title=\"\" src=\"data:image\/gif;base64,R0lGODlhAQABAAAAACH5BAEKAAEALAAAAAABAAEAAAICTAEAOw==\" class=\"lazyload\" style=\"--smush-placeholder-width: 1000px; --smush-placeholder-aspect-ratio: 1000\/709;\" \/><span class=\"et_overlay\"><\/span><\/span><\/a>\n\t\t\t<\/div>\n\t\t\t<\/div><div class=\"et_d4_element et_pb_column_1_3 et_pb_column et_pb_column_1  et_pb_css_mix_blend_mode et_block_column\">\n\t\t\t\t\n\t\t\t\t\n\t\t\t\t\n\t\t\t\t\n\t\t\t\t<div class=\"et_pb_with_border et_pb_module et_d4_element et_pb_video et_pb_video_2\">\n\t\t\t\t\n\t\t\t\t\n\t\t\t\t\n\t\t\t\t\n\t\t\t\t<div class=\"et_pb_video_box\"><iframe title=\"Morze Anio\u0142\u00f3w Ubuntu\" width=\"1080\" height=\"608\" data-src=\"https:\/\/www.youtube.com\/embed\/FcnNkE9FMrk?feature=oembed\"  allow=\"accelerometer; autoplay; clipboard-write; encrypted-media; gyroscope; picture-in-picture; web-share\" referrerpolicy=\"strict-origin-when-cross-origin\" allowfullscreen src=\"data:image\/gif;base64,R0lGODlhAQABAAAAACH5BAEKAAEALAAAAAABAAEAAAICTAEAOw==\" class=\"lazyload\" data-load-mode=\"1\"><\/iframe><\/div>\n\t\t\t\t\n\t\t\t<\/div><div class=\"et_pb_with_border et_pb_module et_d4_element et_pb_video et_pb_video_3\">\n\t\t\t\t\n\t\t\t\t\n\t\t\t\t\n\t\t\t\t\n\t\t\t\t<div class=\"et_pb_video_box\"><iframe title=\"MAGIA GRUPY relacja z premiery Ksi\u0105\u017cki Julii \u0141aszkiewicz\" width=\"1080\" height=\"608\" data-src=\"https:\/\/www.youtube.com\/embed\/-PHae-BoLZ4?feature=oembed\"  allow=\"accelerometer; autoplay; clipboard-write; encrypted-media; gyroscope; picture-in-picture; web-share\" referrerpolicy=\"strict-origin-when-cross-origin\" allowfullscreen src=\"data:image\/gif;base64,R0lGODlhAQABAAAAACH5BAEKAAEALAAAAAABAAEAAAICTAEAOw==\" class=\"lazyload\" data-load-mode=\"1\"><\/iframe><\/div>\n\t\t\t\t\n\t\t\t<\/div><div class=\"et_pb_with_border et_pb_module et_d4_element et_pb_image et_pb_image_1 et_pb_has_overlay\">\n\t\t\t\t\n\t\t\t\t\n\t\t\t\t\n\t\t\t\t\n\t\t\t\t<a href=\"https:\/\/www.morzeaniolow.pl\/index.php\/galeria-ubuntu-quantum-16-08-2020\/\"><span class=\"et_pb_image_wrap \"><img decoding=\"async\" data-src=\"https:\/\/www.morzeaniolow.pl\/wp-content\/uploads\/2020\/09\/morze-Anio\u0142\u00f3w_Ubuntu-Quantum.jpg\"  alt=\"morze-Anio\u0142\u00f3w_Ubuntu-Quantum GALERIE\"   title=\"\" src=\"data:image\/gif;base64,R0lGODlhAQABAAAAACH5BAEKAAEALAAAAAABAAEAAAICTAEAOw==\" class=\"lazyload\" style=\"--smush-placeholder-width: 1000px; --smush-placeholder-aspect-ratio: 1000\/709;\" \/><span class=\"et_overlay\"><\/span><\/span><\/a>\n\t\t\t<\/div><div class=\"et_pb_with_border et_pb_module et_d4_element et_pb_image et_pb_image_2 et_pb_has_overlay\">\n\t\t\t\t\n\t\t\t\t\n\t\t\t\t\n\t\t\t\t\n\t\t\t\t<a href=\"https:\/\/www.morzeaniolow.pl\/index.php\/galeria-2\/\"><span class=\"et_pb_image_wrap \"><img decoding=\"async\" data-src=\"https:\/\/www.morzeaniolow.pl\/wp-content\/uploads\/2020\/07\/Morze-Anio\u0142\u00f3w-wsch\u00f3d-1062020.jpg\"  alt=\"Morze-Anio\u0142\u00f3w-wsch\u00f3d-1062020 GALERIE\"   title=\"\" src=\"data:image\/gif;base64,R0lGODlhAQABAAAAACH5BAEKAAEALAAAAAABAAEAAAICTAEAOw==\" class=\"lazyload\" style=\"--smush-placeholder-width: 1000px; --smush-placeholder-aspect-ratio: 1000\/709;\" \/><span class=\"et_overlay\"><\/span><\/span><\/a>\n\t\t\t<\/div>\n\t\t\t<\/div><div class=\"et_d4_element et_pb_column_1_3 et_pb_column et_pb_column_2  et_pb_css_mix_blend_mode et-last-child et_block_column\">\n\t\t\t\t\n\t\t\t\t\n\t\t\t\t\n\t\t\t\t\n\t\t\t\t<div class=\"et_pb_with_border et_pb_module et_d4_element et_pb_video et_pb_video_4\">\n\t\t\t\t\n\t\t\t\t\n\t\t\t\t\n\t\t\t\t\n\t\t\t\t<div class=\"et_pb_video_box\"><iframe title=\"Morze Anio\u0142\u00f3w Hot Challenge 16\" width=\"1080\" height=\"608\" data-src=\"https:\/\/www.youtube.com\/embed\/gYOfuBohoJo?feature=oembed\"  allow=\"accelerometer; autoplay; clipboard-write; encrypted-media; gyroscope; picture-in-picture; web-share\" referrerpolicy=\"strict-origin-when-cross-origin\" allowfullscreen src=\"data:image\/gif;base64,R0lGODlhAQABAAAAACH5BAEKAAEALAAAAAABAAEAAAICTAEAOw==\" class=\"lazyload\" data-load-mode=\"1\"><\/iframe><\/div>\n\t\t\t\t\n\t\t\t<\/div><div class=\"et_pb_with_border et_pb_module et_d4_element et_pb_image et_pb_image_3 et_pb_has_overlay\">\n\t\t\t\t\n\t\t\t\t\n\t\t\t\t\n\t\t\t\t\n\t\t\t\t<a href=\"https:\/\/www.morzeaniolow.pl\/index.php\/galeria-w-zrodlowej-mocy-30-08-2020\/\"><span class=\"et_pb_image_wrap \"><img decoding=\"async\" data-src=\"https:\/\/www.morzeaniolow.pl\/wp-content\/uploads\/2020\/09\/w-\u017ar\u00f3d\u0142owej-mocy-galaria-morze-anio\u0142\u00f3w.jpg\"  alt=\"w-\u017ar\u00f3d\u0142owej-mocy-galaria-morze-anio\u0142\u00f3w GALERIE\"   title=\"\" src=\"data:image\/gif;base64,R0lGODlhAQABAAAAACH5BAEKAAEALAAAAAABAAEAAAICTAEAOw==\" class=\"lazyload\" style=\"--smush-placeholder-width: 1000px; --smush-placeholder-aspect-ratio: 1000\/709;\" \/><span class=\"et_overlay\"><\/span><\/span><\/a>\n\t\t\t<\/div><div class=\"et_pb_with_border et_pb_module et_d4_element et_pb_image et_pb_image_4 et_pb_has_overlay\">\n\t\t\t\t\n\t\t\t\t\n\t\t\t\t\n\t\t\t\t\n\t\t\t\t<a href=\"https:\/\/www.morzeaniolow.pl\/index.php\/wschody-slonca-photography-love\/\"><span class=\"et_pb_image_wrap \"><img decoding=\"async\" width=\"1000\" height=\"709\" data-src=\"https:\/\/www.morzeaniolow.pl\/wp-content\/uploads\/2020\/07\/Joanna-S-Grzybowska-Photography-Love.jpg\"  alt=\"Joanna-S-Grzybowska-Photography-Love GALERIE\"   title=\"\"  data-srcset=\"https:\/\/www.morzeaniolow.pl\/wp-content\/uploads\/2020\/07\/Joanna-S-Grzybowska-Photography-Love.jpg 1000w, https:\/\/www.morzeaniolow.pl\/wp-content\/uploads\/2020\/07\/Joanna-S-Grzybowska-Photography-Love-980x695.jpg 980w, https:\/\/www.morzeaniolow.pl\/wp-content\/uploads\/2020\/07\/Joanna-S-Grzybowska-Photography-Love-480x340.jpg 480w\" data-sizes=\"(min-width: 0px) and (max-width: 480px) 480px, (min-width: 481px) and (max-width: 980px) 980px, (min-width: 981px) 1000px, 100vw\" class=\"wp-image-5358 lazyload\" src=\"data:image\/gif;base64,R0lGODlhAQABAAAAACH5BAEKAAEALAAAAAABAAEAAAICTAEAOw==\" style=\"--smush-placeholder-width: 1000px; --smush-placeholder-aspect-ratio: 1000\/709;\" \/><span class=\"et_overlay\"><\/span><\/span><\/a>\n\t\t\t<\/div>\n\t\t\t<\/div>\n\t\t\t\t\n\t\t\t\t\n\t\t\t\t\n\t\t\t\t\n\t\t\t<\/div>\n\t\t\t\t\n\t\t\t\t\n\t\t\t<\/div>\n","protected":false},"excerpt":{"rendered":"","protected":false},"author":1,"featured_media":0,"parent":0,"menu_order":0,"comment_status":"closed","ping_status":"closed","template":"","meta":{"_acf_changed":false,"_et_pb_use_builder":"on","_et_pb_old_content":"","_et_gb_content_width":"","footnotes":""},"class_list":["post-3451","page","type-page","status-publish","hentry"],"acf":[],"_links":{"self":[{"href":"https:\/\/www.morzeaniolow.pl\/index.php\/wp-json\/wp\/v2\/pages\/3451","targetHints":{"allow":["GET"]}}],"collection":[{"href":"https:\/\/www.morzeaniolow.pl\/index.php\/wp-json\/wp\/v2\/pages"}],"about":[{"href":"https:\/\/www.morzeaniolow.pl\/index.php\/wp-json\/wp\/v2\/types\/page"}],"author":[{"embeddable":true,"href":"https:\/\/www.morzeaniolow.pl\/index.php\/wp-json\/wp\/v2\/users\/1"}],"replies":[{"embeddable":true,"href":"https:\/\/www.morzeaniolow.pl\/index.php\/wp-json\/wp\/v2\/comments?post=3451"}],"version-history":[{"count":36,"href":"https:\/\/www.morzeaniolow.pl\/index.php\/wp-json\/wp\/v2\/pages\/3451\/revisions"}],"predecessor-version":[{"id":10086,"href":"https:\/\/www.morzeaniolow.pl\/index.php\/wp-json\/wp\/v2\/pages\/3451\/revisions\/10086"}],"wp:attachment":[{"href":"https:\/\/www.morzeaniolow.pl\/index.php\/wp-json\/wp\/v2\/media?parent=3451"}],"curies":[{"name":"wp","href":"https:\/\/api.w.org\/{rel}","templated":true}]}}