{"id":3901,"date":"2020-07-14T15:20:39","date_gmt":"2020-07-14T14:20:39","guid":{"rendered":"https:\/\/www.morzeaniolow.pl\/index.php\/polityka-cookies\/"},"modified":"2021-04-13T14:14:27","modified_gmt":"2021-04-13T13:14:27","slug":"polityka-cookies","status":"publish","type":"page","link":"https:\/\/www.morzeaniolow.pl\/index.php\/polityka-cookies\/","title":{"rendered":"Polityka Cookies"},"content":{"rendered":"<div class=\"vc_row wpb_row vc_row-fluid\">\n<div class=\"wpb_column vc_column_container vc_col-sm-12\">\n<div class=\"vc_column-inner\">\n<div class=\"wpb_wrapper\">\n<h3 class=\"vc_custom_heading\">Informacje o cookies<\/h3>\n<\/div>\n<\/div>\n<\/div>\n<\/div>\n<div class=\"vc_row wpb_row vc_row-fluid\">\n<div class=\"wpb_column vc_column_container vc_col-sm-12\">\n<div class=\"vc_column-inner\">\n<div class=\"wpb_wrapper\">\n<div class=\"wpb_text_column wpb_content_element \">\n<div class=\"wpb_wrapper\">\n<p>Polityka plik\u00f3w \u201ccookies\u201d serwisu www.morzeaniolow.pl<br \/>\n1. Poprzez piki \u201ccookies\u201d nale\u017cy rozumie\u0107 dane informatyczne przechowywane w urz\u0105dzeniach ko\u0144cowych u\u017cytkownik\u00f3w, przeznaczone do korzystania ze stron internetowych. W szczeg\u00f3lno\u015bci s\u0105 to pliki tekstowe, zawieraj\u0105ce nazw\u0119 strony internetowej, z kt\u00f3rej pochodz\u0105, czas przechowywania ich na urz\u0105dzeniu ko\u0144cowym oraz unikalny numer.<br \/>\n2. Serwis nie zbiera w spos\u00f3b automatyczny \u017cadnych informacji, z wyj\u0105tkiem informacji zawartych w plikach cookies.<br \/>\n3. Pliki cookies przeznaczone s\u0105 do korzystania ze stron serwisu. Operator<br \/>\nwykorzystuje te pliki do:<br \/>\na) mo\u017cliwo\u015bci logowania i utrzymywania sesji u\u017cytkownika na ka\u017cdej kolejnej stronie serwisu<br \/>\nb) dopasowania zawarto\u015bci strony internetowej do indywidualnych preferencji<br \/>\nu\u017cytkownika, przede wszystkim pliki te rozpoznaj\u0105 jego urz\u0105dzenie, aby zgodnie z jego preferencjami wy\u015bwietli\u0107 stron\u0119<br \/>\nc) do tworzenia anonimowych statystyk z wy\u0142\u0105czeniem mo\u017cliwo\u015bci identyfikacji<br \/>\nu\u017cytkownika.<br \/>\n4. Pliki cookies wykorzystywane przez partner\u00f3w operatora strony internetowej, w tym w szczeg\u00f3lno\u015bci u\u017cytkownik\u00f3w strony internetowej, podlegaj\u0105 ich w\u0142asnej polityce prywatno\u015bci.<br \/>\n5. W trosce o bezpiecze\u0144stwo powierzonych nam danych opracowali\u015bmy wewn\u0119trzne procedury i zalecenia, kt\u00f3re maj\u0105 zapobiec udost\u0119pnieniu danych osobom nieupowa\u017cnionym. Kontrolujemy ich wykonywanie i stale sprawdzamy ich zgodno\u015b\u0107 z odpowiednimi aktami prawnymi \u2013 ustaw\u0105 o ochronie danych osobowych, ustaw\u0105 o \u015bwiadczeniu us\u0142ug drog\u0105 elektroniczn\u0105, a tak\u017ce wszelkiego rodzaju aktach wykonawczych i aktach prawa wsp\u00f3lnotowego<br \/>\n6. Standardowo oprogramowanie s\u0142u\u017c\u0105ce do przegl\u0105dania stron internetowych<br \/>\ndomy\u015blnie dopuszcza umieszczanie plik\u00f3w cookies na urz\u0105dzeniu ko\u0144cowym<br \/>\nU\u017cytkownika. Ustawienia te mog\u0105 zosta\u0107 zmienione przez U\u017cytkownika w taki<br \/>\nspos\u00f3b, aby blokowa\u0107 automatyczn\u0105 obs\u0142ug\u0119 \u201ccookies\u201d w ustawieniach przegl\u0105darki internetowej b\u0105d\u017a informowa\u0107 o ich ka\u017cdorazowym przes\u0142aniu na urz\u0105dzenia u\u017cytkownika.<br \/>\n7. U\u017cytkownicy Serwisu mog\u0105 dokona\u0107 w ka\u017cdym czasie zmiany ustawie\u0144 dotycz\u0105cych plik\u00f3w cookies. Szczeg\u00f3\u0142owe informacje o mo\u017cliwo\u015bci i sposobach obs\u0142ugi plik\u00f3w cookies dost\u0119pne s\u0105 w ustawieniach oprogramowania (przegl\u0105darki internetowej).<br \/>\nPrzyk\u0142adowe opcje edytowania w popularnych przegl\u0105darkach:<br \/>\n\u2013 Mozilla Firefox: www.support.mozilla.org\/pl\/kb\/ciasteczka<br \/>\n\u2013 Internet Explorer: www.support.microsoft.com\/kb\/278835\/pl<br \/>\n\u2013 Google Chrome: www.support.google.com\/chrome\/bin\/answer.py?hl=pl&amp;answer=95647<br \/>\n\u2013 Safari: www.safari.helpmax.net\/pl\/oszczedzanie-czasu\/blokowanie-zawartosci\/<br \/>\n8. Operator Serwisu informuje, \u017ce zmiany ustawie\u0144 w przegl\u0105darce internetowej u\u017cytkownika mog\u0105 uniemo\u017cliwi\u0107 poprawne dzia\u0142anie Stron Internetowych.<\/p>\n<\/div>\n<\/div>\n<\/div>\n<\/div>\n<\/div>\n<\/div>\n","protected":false},"excerpt":{"rendered":"<p>Informacje o cookies Polityka plik\u00f3w \u201ccookies\u201d serwisu www.morzeaniolow.pl 1. Poprzez piki \u201ccookies\u201d nale\u017cy rozumie\u0107 dane informatyczne przechowywane w urz\u0105dzeniach ko\u0144cowych u\u017cytkownik\u00f3w, przeznaczone do korzystania ze stron internetowych. W szczeg\u00f3lno\u015bci s\u0105 to pliki tekstowe, zawieraj\u0105ce nazw\u0119 strony internetowej, z kt\u00f3rej pochodz\u0105, czas przechowywania ich na urz\u0105dzeniu ko\u0144cowym oraz unikalny numer. 2. Serwis nie zbiera w spos\u00f3b [&hellip;]<\/p>\n","protected":false},"author":1,"featured_media":0,"parent":0,"menu_order":0,"comment_status":"closed","ping_status":"closed","template":"","meta":{"_acf_changed":false,"footnotes":""},"class_list":["post-3901","page","type-page","status-publish","hentry"],"acf":[],"_links":{"self":[{"href":"https:\/\/www.morzeaniolow.pl\/index.php\/wp-json\/wp\/v2\/pages\/3901","targetHints":{"allow":["GET"]}}],"collection":[{"href":"https:\/\/www.morzeaniolow.pl\/index.php\/wp-json\/wp\/v2\/pages"}],"about":[{"href":"https:\/\/www.morzeaniolow.pl\/index.php\/wp-json\/wp\/v2\/types\/page"}],"author":[{"embeddable":true,"href":"https:\/\/www.morzeaniolow.pl\/index.php\/wp-json\/wp\/v2\/users\/1"}],"replies":[{"embeddable":true,"href":"https:\/\/www.morzeaniolow.pl\/index.php\/wp-json\/wp\/v2\/comments?post=3901"}],"version-history":[{"count":3,"href":"https:\/\/www.morzeaniolow.pl\/index.php\/wp-json\/wp\/v2\/pages\/3901\/revisions"}],"predecessor-version":[{"id":6005,"href":"https:\/\/www.morzeaniolow.pl\/index.php\/wp-json\/wp\/v2\/pages\/3901\/revisions\/6005"}],"wp:attachment":[{"href":"https:\/\/www.morzeaniolow.pl\/index.php\/wp-json\/wp\/v2\/media?parent=3901"}],"curies":[{"name":"wp","href":"https:\/\/api.w.org\/{rel}","templated":true}]}}