{"id":4040,"date":"2020-07-20T12:40:05","date_gmt":"2020-07-20T11:40:05","guid":{"rendered":"https:\/\/www.morzeaniolow.pl\/?page_id=4040"},"modified":"2021-04-19T14:24:44","modified_gmt":"2021-04-19T13:24:44","slug":"blog","status":"publish","type":"page","link":"https:\/\/www.morzeaniolow.pl\/index.php\/blog\/","title":{"rendered":"BLOG"},"content":{"rendered":"<div class=\"et_d4_element et_pb_section et_pb_section_0  et_pb_css_mix_blend_mode et_section_regular et_block_section\" >\n\t\t\t\t\n\t\t\t\t\n\t\t\t\t\n\t\t\t\t\n\t\t\t\t\n\t\t\t\t\n\t\t\t\t<div class=\"et_d4_element et_pb_row et_pb_row_0  et_pb_css_mix_blend_mode et_block_row\">\n\t\t\t\t<div class=\"et_d4_element et_pb_column_4_4 et_pb_column et_pb_column_0  et_pb_css_mix_blend_mode et-last-child et_block_column\">\n\t\t\t\t\n\t\t\t\t\n\t\t\t\t\n\t\t\t\t\n\t\t\t\t<div class=\"et_pb_module et_d4_element et_pb_blog_0  et_pb_css_mix_blend_mode et_pb_blog_grid_wrapper et_pb_bg_layout_light\">\n\t\t\t\t\t<div class=\"et_pb_blog_grid clearfix \">\n\t\t\t\t\t\n\t\t\t\t\t\n\t\t\t\t\t\n\t\t\t\t\t\n\t\t\t\t\t<div class=\"et_pb_ajax_pagination_container\">\n\t\t\t\t\t\t<div class=\"et_pb_salvattore_content\" data-columns>\n\t\t\t<article id=\"post-13896\" class=\"et_pb_post clearfix et_pb_has_overlay et_pb_blog_item_0_0 post-13896 post type-post status-publish format-standard has-post-thumbnail hentry category-aukcje-archiwum\">\n\n\t\t\t\t<div class=\"et_pb_image_container\"><a href=\"https:\/\/www.morzeaniolow.pl\/index.php\/2026\/03\/23\/wyjatkowy-rytual-konchowania-uszu\/\" class=\"entry-featured-image-url\"><img  title=\"\" decoding=\"async\" data-src=\"https:\/\/www.morzeaniolow.pl\/wp-content\/uploads\/2026\/03\/konchy-400x250.jpg\"  alt=\"konchy-400x250 BLOG\"  data-srcset=\"https:\/\/www.morzeaniolow.pl\/wp-content\/uploads\/2026\/03\/konchy.jpg 479w, https:\/\/www.morzeaniolow.pl\/wp-content\/uploads\/2026\/03\/konchy-400x250.jpg 480w\" data-sizes=\"(max-width:479px) 479px, 100vw\"  width=\"400\" height=\"250\" src=\"data:image\/gif;base64,R0lGODlhAQABAAAAACH5BAEKAAEALAAAAAABAAEAAAICTAEAOw==\" class=\"lazyload\" style=\"--smush-placeholder-width: 400px; --smush-placeholder-aspect-ratio: 400\/250;\" \/><span class=\"et_overlay\"><\/span><\/a><\/div>\n\t\t\t\t\t\t\t\t\t\t\t\t\t\t<h2 class=\"entry-title\">\n\t\t\t\t\t\t\t\t\t\t\t\t\t<a href=\"https:\/\/www.morzeaniolow.pl\/index.php\/2026\/03\/23\/wyjatkowy-rytual-konchowania-uszu\/\">Wyj\u0105tkowy rytua\u0142 konchowania uszu<\/a>\n\t\t\t\t\t\t\t\t\t\t\t<\/h2>\n\t\t\t\t\n\t\t\t\t\t<p class=\"post-meta\">przez <span class=\"author vcard\"><a href=\"https:\/\/www.morzeaniolow.pl\/index.php\/author\/admin\/\" title=\"Wpisy autora Julia \u0141aszkiewicz\" rel=\"author\">Julia \u0141aszkiewicz<\/a><\/span> | <span class=\"published\">mar 23, 2026<\/span> | Komentarze: 0<\/p><div class=\"post-content\"><div class=\"post-content-inner\"><p>Przedmiotem licytacji jest wyj\u0105tkowy rytua\u0142 konchowania uszu, kt\u00f3ry zatrzymuje czas i wprowadza w g\u0142\u0119bokie ukojenie. Ta skuteczna metoda pochodzi z kultury Indian Hopi z Ameryki P\u00f3\u0142nocnej. Do wykonania zabiegu u\u017cywa si\u0119 \u015bwiecy lub konchy wykonanej z w\u0142\u00f3kna lnianego...<\/p>\n<\/div><a href=\"https:\/\/www.morzeaniolow.pl\/index.php\/2026\/03\/23\/wyjatkowy-rytual-konchowania-uszu\/\" class=\"more-link\">czytaj dalej<\/a><\/div>\t\t\t\n\t\t\t<\/article>\n\t\t\t\t\n\t\t\t<article id=\"post-13892\" class=\"et_pb_post clearfix et_pb_has_overlay et_pb_blog_item_0_1 post-13892 post type-post status-publish format-standard has-post-thumbnail hentry category-aukcje-archiwum\">\n\n\t\t\t\t<div class=\"et_pb_image_container\"><a href=\"https:\/\/www.morzeaniolow.pl\/index.php\/2026\/03\/23\/wyjatkowa-torba\/\" class=\"entry-featured-image-url\"><img  title=\"\" decoding=\"async\" data-src=\"https:\/\/www.morzeaniolow.pl\/wp-content\/uploads\/2026\/03\/torba-400x250.jpg\"  alt=\"torba-400x250 BLOG\"  data-srcset=\"https:\/\/www.morzeaniolow.pl\/wp-content\/uploads\/2026\/03\/torba.jpg 479w, https:\/\/www.morzeaniolow.pl\/wp-content\/uploads\/2026\/03\/torba-400x250.jpg 480w\" data-sizes=\"(max-width:479px) 479px, 100vw\"  width=\"400\" height=\"250\" src=\"data:image\/gif;base64,R0lGODlhAQABAAAAACH5BAEKAAEALAAAAAABAAEAAAICTAEAOw==\" class=\"lazyload\" style=\"--smush-placeholder-width: 400px; --smush-placeholder-aspect-ratio: 400\/250;\" \/><span class=\"et_overlay\"><\/span><\/a><\/div>\n\t\t\t\t\t\t\t\t\t\t\t\t\t\t<h2 class=\"entry-title\">\n\t\t\t\t\t\t\t\t\t\t\t\t\t<a href=\"https:\/\/www.morzeaniolow.pl\/index.php\/2026\/03\/23\/wyjatkowa-torba\/\">Wyj\u0105tkowa Torba<\/a>\n\t\t\t\t\t\t\t\t\t\t\t<\/h2>\n\t\t\t\t\n\t\t\t\t\t<p class=\"post-meta\">przez <span class=\"author vcard\"><a href=\"https:\/\/www.morzeaniolow.pl\/index.php\/author\/admin\/\" title=\"Wpisy autora Julia \u0141aszkiewicz\" rel=\"author\">Julia \u0141aszkiewicz<\/a><\/span> | <span class=\"published\">mar 23, 2026<\/span> | Komentarze: 0<\/p><div class=\"post-content\"><div class=\"post-content-inner\"><p>Przedmiotem licytacji jest wyj\u0105tkowa torba uszyta przez senior\u00f3w ze \u015awietlicy Kreatywnej w Rucianem-Nida. To co\u015b wi\u0119cej ni\u017c przedmiot \u2014 to opowie\u015b\u0107 o wsp\u00f3lnocie, w kt\u00f3rej ludzie spotykaj\u0105 si\u0119, tworz\u0105 i wzajemnie si\u0119 wspieraj\u0105. Miejscu, gdzie obecno\u015b\u0107 drugiego...<\/p>\n<\/div><a href=\"https:\/\/www.morzeaniolow.pl\/index.php\/2026\/03\/23\/wyjatkowa-torba\/\" class=\"more-link\">czytaj dalej<\/a><\/div>\t\t\t\n\t\t\t<\/article>\n\t\t\t\t\n\t\t\t<article id=\"post-13887\" class=\"et_pb_post clearfix et_pb_has_overlay et_pb_blog_item_0_2 post-13887 post type-post status-publish format-standard has-post-thumbnail hentry category-aukcje-archiwum\">\n\n\t\t\t\t<div class=\"et_pb_image_container\"><a href=\"https:\/\/www.morzeaniolow.pl\/index.php\/2026\/03\/23\/bransoletka-z-naturalnych-kamieni\/\" class=\"entry-featured-image-url\"><img  title=\"\" decoding=\"async\" data-src=\"https:\/\/www.morzeaniolow.pl\/wp-content\/uploads\/2026\/03\/bransoletka-400x250.jpg\"  alt=\"bransoletka-400x250 BLOG\"  data-srcset=\"https:\/\/www.morzeaniolow.pl\/wp-content\/uploads\/2026\/03\/bransoletka.jpg 479w, https:\/\/www.morzeaniolow.pl\/wp-content\/uploads\/2026\/03\/bransoletka-400x250.jpg 480w\" data-sizes=\"(max-width:479px) 479px, 100vw\"  width=\"400\" height=\"250\" src=\"data:image\/gif;base64,R0lGODlhAQABAAAAACH5BAEKAAEALAAAAAABAAEAAAICTAEAOw==\" class=\"lazyload\" style=\"--smush-placeholder-width: 400px; --smush-placeholder-aspect-ratio: 400\/250;\" \/><span class=\"et_overlay\"><\/span><\/a><\/div>\n\t\t\t\t\t\t\t\t\t\t\t\t\t\t<h2 class=\"entry-title\">\n\t\t\t\t\t\t\t\t\t\t\t\t\t<a href=\"https:\/\/www.morzeaniolow.pl\/index.php\/2026\/03\/23\/bransoletka-z-naturalnych-kamieni\/\">Bransoletka z naturalnych kamieni<\/a>\n\t\t\t\t\t\t\t\t\t\t\t<\/h2>\n\t\t\t\t\n\t\t\t\t\t<p class=\"post-meta\">przez <span class=\"author vcard\"><a href=\"https:\/\/www.morzeaniolow.pl\/index.php\/author\/admin\/\" title=\"Wpisy autora Julia \u0141aszkiewicz\" rel=\"author\">Julia \u0141aszkiewicz<\/a><\/span> | <span class=\"published\">mar 23, 2026<\/span> | Komentarze: 0<\/p><div class=\"post-content\"><div class=\"post-content-inner\"><p>Przedmiotem licytacji jest wyj\u0105tkowa bransoletka stworzona z naturalnych kamieni: kamienia ksi\u0119\u017cycowego, kamienia s\u0142onecznego, korneolu, ametystu i hematytu. To harmonijne po\u0142\u0105czenie energii \u2014 delikatno\u015bci i intuicji kamienia ksi\u0119\u017cycowego, \u015bwiat\u0142a i mocy kamienia...<\/p>\n<\/div><a href=\"https:\/\/www.morzeaniolow.pl\/index.php\/2026\/03\/23\/bransoletka-z-naturalnych-kamieni\/\" class=\"more-link\">czytaj dalej<\/a><\/div>\t\t\t\n\t\t\t<\/article>\n\t\t\t\t\n\t\t\t<article id=\"post-13883\" class=\"et_pb_post clearfix et_pb_has_overlay et_pb_blog_item_0_3 post-13883 post type-post status-publish format-standard has-post-thumbnail hentry category-aukcje-archiwum\">\n\n\t\t\t\t<div class=\"et_pb_image_container\"><a href=\"https:\/\/www.morzeaniolow.pl\/index.php\/2026\/03\/23\/kamyki\/\" class=\"entry-featured-image-url\"><img  title=\"\" decoding=\"async\" data-src=\"https:\/\/www.morzeaniolow.pl\/wp-content\/uploads\/2026\/03\/ALZ912A1hYGQ-IMG_5139-400x250.jpeg\"  alt=\"ALZ912A1hYGQ-IMG_5139-400x250 BLOG\"  data-srcset=\"https:\/\/www.morzeaniolow.pl\/wp-content\/uploads\/2026\/03\/ALZ912A1hYGQ-IMG_5139-scaled.jpeg 479w, https:\/\/www.morzeaniolow.pl\/wp-content\/uploads\/2026\/03\/ALZ912A1hYGQ-IMG_5139-400x250.jpeg 480w\" data-sizes=\"(max-width:479px) 479px, 100vw\"  width=\"400\" height=\"250\" src=\"data:image\/gif;base64,R0lGODlhAQABAAAAACH5BAEKAAEALAAAAAABAAEAAAICTAEAOw==\" class=\"lazyload\" style=\"--smush-placeholder-width: 400px; --smush-placeholder-aspect-ratio: 400\/250;\" \/><span class=\"et_overlay\"><\/span><\/a><\/div>\n\t\t\t\t\t\t\t\t\t\t\t\t\t\t<h2 class=\"entry-title\">\n\t\t\t\t\t\t\t\t\t\t\t\t\t<a href=\"https:\/\/www.morzeaniolow.pl\/index.php\/2026\/03\/23\/kamyki\/\">Kamyki<\/a>\n\t\t\t\t\t\t\t\t\t\t\t<\/h2>\n\t\t\t\t\n\t\t\t\t\t<p class=\"post-meta\">przez <span class=\"author vcard\"><a href=\"https:\/\/www.morzeaniolow.pl\/index.php\/author\/admin\/\" title=\"Wpisy autora Julia \u0141aszkiewicz\" rel=\"author\">Julia \u0141aszkiewicz<\/a><\/span> | <span class=\"published\">mar 23, 2026<\/span> | Komentarze: 0<\/p><div class=\"post-content\"><div class=\"post-content-inner\"><p>W\u0142asnor\u0119cznie malowane kamyki. Mog\u0105 sta\u0107 si\u0119 ma\u0142ym talizmanem, ozdob\u0105 przestrzeni lub cichym przypomnieniem o tym, co dobre.<\/p>\n<\/div><a href=\"https:\/\/www.morzeaniolow.pl\/index.php\/2026\/03\/23\/kamyki\/\" class=\"more-link\">czytaj dalej<\/a><\/div>\t\t\t\n\t\t\t<\/article>\n\t\t\t\t\n\t\t\t<article id=\"post-13879\" class=\"et_pb_post clearfix et_pb_has_overlay et_pb_blog_item_0_4 post-13879 post type-post status-publish format-standard has-post-thumbnail hentry category-aukcje-archiwum\">\n\n\t\t\t\t<div class=\"et_pb_image_container\"><a href=\"https:\/\/www.morzeaniolow.pl\/index.php\/2026\/03\/23\/kolczyki-i-zawieszka-ze-stali-szlachetnej\/\" class=\"entry-featured-image-url\"><img  title=\"\" decoding=\"async\" data-src=\"https:\/\/www.morzeaniolow.pl\/wp-content\/uploads\/2026\/03\/wwz3iM6tM0T9-IMG_7219-400x250.jpeg\"  alt=\"wwz3iM6tM0T9-IMG_7219-400x250 BLOG\"  data-srcset=\"https:\/\/www.morzeaniolow.pl\/wp-content\/uploads\/2026\/03\/wwz3iM6tM0T9-IMG_7219-scaled.jpeg 479w, https:\/\/www.morzeaniolow.pl\/wp-content\/uploads\/2026\/03\/wwz3iM6tM0T9-IMG_7219-400x250.jpeg 480w\" data-sizes=\"(max-width:479px) 479px, 100vw\"  width=\"400\" height=\"250\" src=\"data:image\/gif;base64,R0lGODlhAQABAAAAACH5BAEKAAEALAAAAAABAAEAAAICTAEAOw==\" class=\"lazyload\" style=\"--smush-placeholder-width: 400px; --smush-placeholder-aspect-ratio: 400\/250;\" \/><span class=\"et_overlay\"><\/span><\/a><\/div>\n\t\t\t\t\t\t\t\t\t\t\t\t\t\t<h2 class=\"entry-title\">\n\t\t\t\t\t\t\t\t\t\t\t\t\t<a href=\"https:\/\/www.morzeaniolow.pl\/index.php\/2026\/03\/23\/kolczyki-i-zawieszka-ze-stali-szlachetnej\/\">Kolczyki i zawieszka ze stali szlachetnej<\/a>\n\t\t\t\t\t\t\t\t\t\t\t<\/h2>\n\t\t\t\t\n\t\t\t\t\t<p class=\"post-meta\">przez <span class=\"author vcard\"><a href=\"https:\/\/www.morzeaniolow.pl\/index.php\/author\/admin\/\" title=\"Wpisy autora Julia \u0141aszkiewicz\" rel=\"author\">Julia \u0141aszkiewicz<\/a><\/span> | <span class=\"published\">mar 23, 2026<\/span> | Komentarze: 0<\/p><div class=\"post-content\"><div class=\"post-content-inner\"><p>Przedmiotem licytacji s\u0105 kolczyki i zawieszka ze stali szlachetniej z kryszta\u0142em marki Elixa. Subtelny blask kryszta\u0142u pi\u0119knie odbija \u015bwiat\u0142o, dodaj\u0105c ca\u0142o\u015bci elegancji i delikatnego wyrazu. To bi\u017cuteria, kt\u00f3ra podkre\u015bla naturalne pi\u0119kno i pasuje zar\u00f3wno do...<\/p>\n<\/div><a href=\"https:\/\/www.morzeaniolow.pl\/index.php\/2026\/03\/23\/kolczyki-i-zawieszka-ze-stali-szlachetnej\/\" class=\"more-link\">czytaj dalej<\/a><\/div>\t\t\t\n\t\t\t<\/article>\n\t\t\t\t\n\t\t\t<article id=\"post-13874\" class=\"et_pb_post clearfix et_pb_has_overlay et_pb_blog_item_0_5 post-13874 post type-post status-publish format-standard has-post-thumbnail hentry category-aukcje-archiwum\">\n\n\t\t\t\t<div class=\"et_pb_image_container\"><a href=\"https:\/\/www.morzeaniolow.pl\/index.php\/2026\/03\/23\/dziergana-chusta-anielskie-skrzydla\/\" class=\"entry-featured-image-url\"><img  title=\"\" decoding=\"async\" data-src=\"https:\/\/www.morzeaniolow.pl\/wp-content\/uploads\/2026\/03\/jGnpOuGYxZWJ-IMG_20260319_185222-400x250.png\"  alt=\"jGnpOuGYxZWJ-IMG_20260319_185222-400x250 BLOG\"  data-srcset=\"https:\/\/www.morzeaniolow.pl\/wp-content\/uploads\/2026\/03\/jGnpOuGYxZWJ-IMG_20260319_185222.png 479w, https:\/\/www.morzeaniolow.pl\/wp-content\/uploads\/2026\/03\/jGnpOuGYxZWJ-IMG_20260319_185222-400x250.png 480w\" data-sizes=\"(max-width:479px) 479px, 100vw\"  width=\"400\" height=\"250\" src=\"data:image\/gif;base64,R0lGODlhAQABAAAAACH5BAEKAAEALAAAAAABAAEAAAICTAEAOw==\" class=\"lazyload\" style=\"--smush-placeholder-width: 400px; --smush-placeholder-aspect-ratio: 400\/250;\" \/><span class=\"et_overlay\"><\/span><\/a><\/div>\n\t\t\t\t\t\t\t\t\t\t\t\t\t\t<h2 class=\"entry-title\">\n\t\t\t\t\t\t\t\t\t\t\t\t\t<a href=\"https:\/\/www.morzeaniolow.pl\/index.php\/2026\/03\/23\/dziergana-chusta-anielskie-skrzydla\/\">Dziergana chusta &#8222;anielskie skrzyd\u0142a&#8221;<\/a>\n\t\t\t\t\t\t\t\t\t\t\t<\/h2>\n\t\t\t\t\n\t\t\t\t\t<p class=\"post-meta\">przez <span class=\"author vcard\"><a href=\"https:\/\/www.morzeaniolow.pl\/index.php\/author\/admin\/\" title=\"Wpisy autora Julia \u0141aszkiewicz\" rel=\"author\">Julia \u0141aszkiewicz<\/a><\/span> | <span class=\"published\">mar 23, 2026<\/span> | Komentarze: 0<\/p><div class=\"post-content\"><div class=\"post-content-inner\"><p>Wyj\u0105tkowa chusta nawi\u0105zuj\u0105ca do anielskich skrzyde\u0142 \ud83e\udebd\ud83e\udebd W kolorystyce \u015bmietankowo-z\u0142otej, powsta\u0142a ze specjalnego po\u0142\u0105czenia 3 nitek prz\u0119dzy merino-akryl z nitk\u0105 moherow\u0105 dodajac\u0105 puszysto\u015bci i z\u0142ot\u0105 nitk\u0105 dodaj\u0105c\u0105 anielsko\u015bci. Dziergana r\u0119cznie, z czu\u0142o\u015bci\u0105, z...<\/p>\n<\/div><a href=\"https:\/\/www.morzeaniolow.pl\/index.php\/2026\/03\/23\/dziergana-chusta-anielskie-skrzydla\/\" class=\"more-link\">czytaj dalej<\/a><\/div>\t\t\t\n\t\t\t<\/article>\n\t\t\t\t\n\t\t\t<article id=\"post-13870\" class=\"et_pb_post clearfix et_pb_has_overlay et_pb_blog_item_0_6 post-13870 post type-post status-publish format-standard has-post-thumbnail hentry category-aukcje-archiwum\">\n\n\t\t\t\t<div class=\"et_pb_image_container\"><a href=\"https:\/\/www.morzeaniolow.pl\/index.php\/2026\/03\/23\/projekt-i-wydruk-na-plotnie\/\" class=\"entry-featured-image-url\"><img  title=\"\" decoding=\"async\" data-src=\"https:\/\/www.morzeaniolow.pl\/wp-content\/uploads\/2026\/03\/U7UFLfE2SdXA-wydruk-400x250.jpeg\"  alt=\"U7UFLfE2SdXA-wydruk-400x250 BLOG\"  data-srcset=\"https:\/\/www.morzeaniolow.pl\/wp-content\/uploads\/2026\/03\/U7UFLfE2SdXA-wydruk.jpeg 479w, https:\/\/www.morzeaniolow.pl\/wp-content\/uploads\/2026\/03\/U7UFLfE2SdXA-wydruk-400x250.jpeg 480w\" data-sizes=\"(max-width:479px) 479px, 100vw\"  width=\"400\" height=\"250\" src=\"data:image\/gif;base64,R0lGODlhAQABAAAAACH5BAEKAAEALAAAAAABAAEAAAICTAEAOw==\" class=\"lazyload\" style=\"--smush-placeholder-width: 400px; --smush-placeholder-aspect-ratio: 400\/250;\" \/><span class=\"et_overlay\"><\/span><\/a><\/div>\n\t\t\t\t\t\t\t\t\t\t\t\t\t\t<h2 class=\"entry-title\">\n\t\t\t\t\t\t\t\t\t\t\t\t\t<a href=\"https:\/\/www.morzeaniolow.pl\/index.php\/2026\/03\/23\/projekt-i-wydruk-na-plotnie\/\">PROJEKT I WYDRUK NA P\u0141\u00d3TNIE<\/a>\n\t\t\t\t\t\t\t\t\t\t\t<\/h2>\n\t\t\t\t\n\t\t\t\t\t<p class=\"post-meta\">przez <span class=\"author vcard\"><a href=\"https:\/\/www.morzeaniolow.pl\/index.php\/author\/admin\/\" title=\"Wpisy autora Julia \u0141aszkiewicz\" rel=\"author\">Julia \u0141aszkiewicz<\/a><\/span> | <span class=\"published\">mar 23, 2026<\/span> | Komentarze: 0<\/p><div class=\"post-content\"><div class=\"post-content-inner\"><p>Wyj\u0105tkowy, personalizowany obraz na p\u0142\u00f3tnie canvas wykonany na podstawie przes\u0142anego przez Ciebie zdj\u0119cia. Po zakupie otrzymasz do wyboru 3 r\u00f3\u017cne wersje autorskiej grafiki, z kt\u00f3rych wybierzesz t\u0119 idealnie pasuj\u0105c\u0105 do Twojego wn\u0119trza. \u200bObraz drukowany jest w wysokiej...<\/p>\n<\/div><a href=\"https:\/\/www.morzeaniolow.pl\/index.php\/2026\/03\/23\/projekt-i-wydruk-na-plotnie\/\" class=\"more-link\">czytaj dalej<\/a><\/div>\t\t\t\n\t\t\t<\/article>\n\t\t\t\t\n\t\t\t<article id=\"post-13865\" class=\"et_pb_post clearfix et_pb_has_overlay et_pb_blog_item_0_7 post-13865 post type-post status-publish format-standard has-post-thumbnail hentry category-aukcje-archiwum\">\n\n\t\t\t\t<div class=\"et_pb_image_container\"><a href=\"https:\/\/www.morzeaniolow.pl\/index.php\/2026\/03\/23\/wypozyczenie-generatora-wodoru-molekularnego-na-4-dni-2\/\" class=\"entry-featured-image-url\"><img  title=\"\" decoding=\"async\" data-src=\"https:\/\/www.morzeaniolow.pl\/wp-content\/uploads\/2026\/03\/FfMae72v01fz-IMG_8855-400x250.jpeg\"  alt=\"FfMae72v01fz-IMG_8855-400x250 BLOG\"  data-srcset=\"https:\/\/www.morzeaniolow.pl\/wp-content\/uploads\/2026\/03\/FfMae72v01fz-IMG_8855.jpeg 479w, https:\/\/www.morzeaniolow.pl\/wp-content\/uploads\/2026\/03\/FfMae72v01fz-IMG_8855-400x250.jpeg 480w\" data-sizes=\"(max-width:479px) 479px, 100vw\"  width=\"400\" height=\"250\" src=\"data:image\/gif;base64,R0lGODlhAQABAAAAACH5BAEKAAEALAAAAAABAAEAAAICTAEAOw==\" class=\"lazyload\" style=\"--smush-placeholder-width: 400px; --smush-placeholder-aspect-ratio: 400\/250;\" \/><span class=\"et_overlay\"><\/span><\/a><\/div>\n\t\t\t\t\t\t\t\t\t\t\t\t\t\t<h2 class=\"entry-title\">\n\t\t\t\t\t\t\t\t\t\t\t\t\t<a href=\"https:\/\/www.morzeaniolow.pl\/index.php\/2026\/03\/23\/wypozyczenie-generatora-wodoru-molekularnego-na-4-dni-2\/\">Wypo\u017cyczenie generatora wodoru molekularnego na 4 dni<\/a>\n\t\t\t\t\t\t\t\t\t\t\t<\/h2>\n\t\t\t\t\n\t\t\t\t\t<p class=\"post-meta\">przez <span class=\"author vcard\"><a href=\"https:\/\/www.morzeaniolow.pl\/index.php\/author\/admin\/\" title=\"Wpisy autora Julia \u0141aszkiewicz\" rel=\"author\">Julia \u0141aszkiewicz<\/a><\/span> | <span class=\"published\">mar 23, 2026<\/span> | Komentarze: 0<\/p><div class=\"post-content\"><div class=\"post-content-inner\"><p>Album powsta\u0142 z okazji 5-lecia praktyki wschod\u00f3w s\u0142o\u0144ca. To historia opowiedziana artystycznymi fotografiami z Sopotu, z inspiruj\u0105cym przes\u0142aniem. Album zaprasza do codziennego celebrowania pi\u0119kna, kontemplowania dobrych s\u0142\u00f3w i pi\u0119knych intencji. Format: 250 x 250...<\/p>\n<\/div><a href=\"https:\/\/www.morzeaniolow.pl\/index.php\/2026\/03\/23\/wypozyczenie-generatora-wodoru-molekularnego-na-4-dni-2\/\" class=\"more-link\">czytaj dalej<\/a><\/div>\t\t\t\n\t\t\t<\/article>\n\t\t\t\t\n\t\t\t<article id=\"post-13860\" class=\"et_pb_post clearfix et_pb_has_overlay et_pb_blog_item_0_8 post-13860 post type-post status-publish format-standard has-post-thumbnail hentry category-aukcje-archiwum\">\n\n\t\t\t\t<div class=\"et_pb_image_container\"><a href=\"https:\/\/www.morzeaniolow.pl\/index.php\/2026\/03\/23\/wypozyczenie-generatora-wodoru-molekularnego-na-4-dni\/\" class=\"entry-featured-image-url\"><img  title=\"\" decoding=\"async\" data-src=\"https:\/\/www.morzeaniolow.pl\/wp-content\/uploads\/2026\/03\/QFdfdpgTkm3P-inhalacja-wodorowa-terapiawodorem-gdansk-fizjofaza-fizjoterapia-antyoksydanty-wodor-antycovid-inhalacje-aleksandra-mroz-400x250.jpg\"  alt=\"QFdfdpgTkm3P-inhalacja-wodorowa-terapiawodorem-gdansk-fizjofaza-fizjoterapia-antyoksydanty-wodor-antycovid-inhalacje-aleksandra-mroz-400x250 BLOG\"  data-srcset=\"https:\/\/www.morzeaniolow.pl\/wp-content\/uploads\/2026\/03\/QFdfdpgTkm3P-inhalacja-wodorowa-terapiawodorem-gdansk-fizjofaza-fizjoterapia-antyoksydanty-wodor-antycovid-inhalacje-aleksandra-mroz-scaled.jpg 479w, https:\/\/www.morzeaniolow.pl\/wp-content\/uploads\/2026\/03\/QFdfdpgTkm3P-inhalacja-wodorowa-terapiawodorem-gdansk-fizjofaza-fizjoterapia-antyoksydanty-wodor-antycovid-inhalacje-aleksandra-mroz-400x250.jpg 480w\" data-sizes=\"(max-width:479px) 479px, 100vw\"  width=\"400\" height=\"250\" src=\"data:image\/gif;base64,R0lGODlhAQABAAAAACH5BAEKAAEALAAAAAABAAEAAAICTAEAOw==\" class=\"lazyload\" style=\"--smush-placeholder-width: 400px; --smush-placeholder-aspect-ratio: 400\/250;\" \/><span class=\"et_overlay\"><\/span><\/a><\/div>\n\t\t\t\t\t\t\t\t\t\t\t\t\t\t<h2 class=\"entry-title\">\n\t\t\t\t\t\t\t\t\t\t\t\t\t<a href=\"https:\/\/www.morzeaniolow.pl\/index.php\/2026\/03\/23\/wypozyczenie-generatora-wodoru-molekularnego-na-4-dni\/\">Wypo\u017cyczenie generatora wodoru molekularnego na 4 dni<\/a>\n\t\t\t\t\t\t\t\t\t\t\t<\/h2>\n\t\t\t\t\n\t\t\t\t\t<p class=\"post-meta\">przez <span class=\"author vcard\"><a href=\"https:\/\/www.morzeaniolow.pl\/index.php\/author\/admin\/\" title=\"Wpisy autora Julia \u0141aszkiewicz\" rel=\"author\">Julia \u0141aszkiewicz<\/a><\/span> | <span class=\"published\">mar 23, 2026<\/span> | Komentarze: 0<\/p><div class=\"post-content\"><div class=\"post-content-inner\"><p>Oferujemy wypo\u017cyczenie generatora wodoru molekularnego na 4 dni \u2013 idealne, \u017ceby sprawdzi\u0107 jego dzia\u0142anie w praktyce i poczu\u0107 realn\u0105 r\u00f3\u017cnic\u0119 w regeneracji organizmu. To \u015bwietna okazja, by zadba\u0107 o swoje zdrowie i jednocze\u015bnie wesprze\u0107 wyj\u0105tkowy cel. Ca\u0142a kwota z...<\/p>\n<\/div><a href=\"https:\/\/www.morzeaniolow.pl\/index.php\/2026\/03\/23\/wypozyczenie-generatora-wodoru-molekularnego-na-4-dni\/\" class=\"more-link\">czytaj dalej<\/a><\/div>\t\t\t\n\t\t\t<\/article>\n\t\t\t\t\n\t\t\t<article id=\"post-13856\" class=\"et_pb_post clearfix et_pb_has_overlay et_pb_blog_item_0_9 post-13856 post type-post status-publish format-standard has-post-thumbnail hentry category-aukcje-archiwum\">\n\n\t\t\t\t<div class=\"et_pb_image_container\"><a href=\"https:\/\/www.morzeaniolow.pl\/index.php\/2026\/03\/23\/swiatlo-na-tafli-ciszy\/\" class=\"entry-featured-image-url\"><img  title=\"\" decoding=\"async\" data-src=\"https:\/\/www.morzeaniolow.pl\/wp-content\/uploads\/2026\/03\/WZg0K73TWlJZ-WhatsApp-Image-2026-03-18-at-14.57.00-400x250.jpeg\"  alt=\"WZg0K73TWlJZ-WhatsApp-Image-2026-03-18-at-14.57.00-400x250 BLOG\"  data-srcset=\"https:\/\/www.morzeaniolow.pl\/wp-content\/uploads\/2026\/03\/WZg0K73TWlJZ-WhatsApp-Image-2026-03-18-at-14.57.00.jpeg 479w, https:\/\/www.morzeaniolow.pl\/wp-content\/uploads\/2026\/03\/WZg0K73TWlJZ-WhatsApp-Image-2026-03-18-at-14.57.00-400x250.jpeg 480w\" data-sizes=\"(max-width:479px) 479px, 100vw\"  width=\"400\" height=\"250\" src=\"data:image\/gif;base64,R0lGODlhAQABAAAAACH5BAEKAAEALAAAAAABAAEAAAICTAEAOw==\" class=\"lazyload\" style=\"--smush-placeholder-width: 400px; --smush-placeholder-aspect-ratio: 400\/250;\" \/><span class=\"et_overlay\"><\/span><\/a><\/div>\n\t\t\t\t\t\t\t\t\t\t\t\t\t\t<h2 class=\"entry-title\">\n\t\t\t\t\t\t\t\t\t\t\t\t\t<a href=\"https:\/\/www.morzeaniolow.pl\/index.php\/2026\/03\/23\/swiatlo-na-tafli-ciszy\/\">\u201e\u015awiat\u0142o na tafli ciszy\u201d<\/a>\n\t\t\t\t\t\t\t\t\t\t\t<\/h2>\n\t\t\t\t\n\t\t\t\t\t<p class=\"post-meta\">przez <span class=\"author vcard\"><a href=\"https:\/\/www.morzeaniolow.pl\/index.php\/author\/admin\/\" title=\"Wpisy autora Julia \u0141aszkiewicz\" rel=\"author\">Julia \u0141aszkiewicz<\/a><\/span> | <span class=\"published\">mar 23, 2026<\/span> | Komentarze: 0<\/p><div class=\"post-content\"><div class=\"post-content-inner\"><p>Przedmiotem \ud83d\ude07 aukcji jest obraz \u201e\u015awiat\u0142o na tafli ciszy\u201d autorstwa Maryla Sucha\u0144ska. To opowie\u015b\u0107 o ogrodzie, kt\u00f3ry oddycha spokojem \u2013 miejscu, gdzie \u015bwiat\u0142o mi\u0119kko osiada na wodzie, a natura m\u00f3wi szeptem. W tej pracy artystka uchwyci\u0142a ulotno\u015b\u0107 chwili \u2013 subtelne...<\/p>\n<\/div><a href=\"https:\/\/www.morzeaniolow.pl\/index.php\/2026\/03\/23\/swiatlo-na-tafli-ciszy\/\" class=\"more-link\">czytaj dalej<\/a><\/div>\t\t\t\n\t\t\t<\/article>\n\t\t\t\t<\/div><div><div class=\"pagination clearfix\">\n\t<div class=\"alignleft\"><a href=\"https:\/\/www.morzeaniolow.pl\/index.php\/wp-json\/wp\/v2\/pages\/4040\/page\/2\/?et_blog\" >&laquo; Starsze Wpisy<\/a><\/div>\n\t<div class=\"alignright\"><\/div>\n<\/div><\/div><\/div>\n\t\t\t\t\t<\/div>\n\t\t\t\t\t \n\t\t\t\t<\/div>\n\t\t\t<\/div>\n\t\t\t\t\n\t\t\t\t\n\t\t\t\t\n\t\t\t\t\n\t\t\t<\/div>\n\t\t\t\t\n\t\t\t\t\n\t\t\t<\/div>\n","protected":false},"excerpt":{"rendered":"","protected":false},"author":1,"featured_media":0,"parent":0,"menu_order":0,"comment_status":"closed","ping_status":"closed","template":"","meta":{"_acf_changed":false,"_et_pb_use_builder":"on","_et_pb_old_content":"","_et_gb_content_width":"","footnotes":""},"class_list":["post-4040","page","type-page","status-publish","hentry"],"acf":[],"_links":{"self":[{"href":"https:\/\/www.morzeaniolow.pl\/index.php\/wp-json\/wp\/v2\/pages\/4040","targetHints":{"allow":["GET"]}}],"collection":[{"href":"https:\/\/www.morzeaniolow.pl\/index.php\/wp-json\/wp\/v2\/pages"}],"about":[{"href":"https:\/\/www.morzeaniolow.pl\/index.php\/wp-json\/wp\/v2\/types\/page"}],"author":[{"embeddable":true,"href":"https:\/\/www.morzeaniolow.pl\/index.php\/wp-json\/wp\/v2\/users\/1"}],"replies":[{"embeddable":true,"href":"https:\/\/www.morzeaniolow.pl\/index.php\/wp-json\/wp\/v2\/comments?post=4040"}],"version-history":[{"count":31,"href":"https:\/\/www.morzeaniolow.pl\/index.php\/wp-json\/wp\/v2\/pages\/4040\/revisions"}],"predecessor-version":[{"id":7280,"href":"https:\/\/www.morzeaniolow.pl\/index.php\/wp-json\/wp\/v2\/pages\/4040\/revisions\/7280"}],"wp:attachment":[{"href":"https:\/\/www.morzeaniolow.pl\/index.php\/wp-json\/wp\/v2\/media?parent=4040"}],"curies":[{"name":"wp","href":"https:\/\/api.w.org\/{rel}","templated":true}]}}