{"id":4120,"date":"2020-07-25T14:55:16","date_gmt":"2020-07-25T13:55:16","guid":{"rendered":"https:\/\/www.morzeaniolow.pl\/?page_id=4120"},"modified":"2020-07-25T14:55:39","modified_gmt":"2020-07-25T13:55:39","slug":"galeria-2","status":"publish","type":"page","link":"https:\/\/www.morzeaniolow.pl\/index.php\/galeria-2\/","title":{"rendered":"GALERIA do 1.06.2020"},"content":{"rendered":"\n\n\n<div class=\"et_d4_element et_pb_section et_pb_section_0  et_pb_css_mix_blend_mode et_section_regular et_block_section\" >\n\t\t\t\t\n\t\t\t\t\n\t\t\t\t\n\t\t\t\t\n\t\t\t\t\n\t\t\t\t\n\t\t\t\t<div class=\"et_d4_element et_pb_row et_pb_row_0  et_pb_css_mix_blend_mode et_block_row\">\n\t\t\t\t<div class=\"et_d4_element et_pb_column_1_3 et_pb_column et_pb_column_0  et_pb_css_mix_blend_mode et_block_column\">\n\t\t\t\t\n\t\t\t\t\n\t\t\t\t\n\t\t\t\t\n\t\t\t\t<div class=\"et_pb_module et_d4_element et_pb_image et_pb_image_0\">\n\t\t\t\t\n\t\t\t\t\n\t\t\t\t\n\t\t\t\t\n\t\t\t\t<a href=\"https:\/\/www.morzeaniolow.pl\/index.php\/photographylove\/\"><span class=\"et_pb_image_wrap \"><img decoding=\"async\" width=\"3201\" height=\"2508\" data-src=\"https:\/\/www.morzeaniolow.pl\/wp-content\/uploads\/2020\/06\/LLLpionowe_strona_kolor_CMYK@4x.png\"  alt=\"LLLpionowe_strona_kolor_CMYK@4x GALERIA do 1.06.2020\"   title=\"\"  data-srcset=\"https:\/\/www.morzeaniolow.pl\/wp-content\/uploads\/2020\/06\/LLLpionowe_strona_kolor_CMYK@4x.png 3201w, https:\/\/www.morzeaniolow.pl\/wp-content\/uploads\/2020\/06\/LLLpionowe_strona_kolor_CMYK@4x-1280x1003.png 1280w, https:\/\/www.morzeaniolow.pl\/wp-content\/uploads\/2020\/06\/LLLpionowe_strona_kolor_CMYK@4x-980x768.png 980w, https:\/\/www.morzeaniolow.pl\/wp-content\/uploads\/2020\/06\/LLLpionowe_strona_kolor_CMYK@4x-480x376.png 480w\" data-sizes=\"(min-width: 0px) and (max-width: 480px) 480px, (min-width: 481px) and (max-width: 980px) 980px, (min-width: 981px) and (max-width: 1280px) 1280px, (min-width: 1281px) 3201px, 100vw\" class=\"wp-image-3454 lazyload\" src=\"data:image\/gif;base64,R0lGODlhAQABAAAAACH5BAEKAAEALAAAAAABAAEAAAICTAEAOw==\" style=\"--smush-placeholder-width: 3201px; --smush-placeholder-aspect-ratio: 3201\/2508;\" \/><\/span><\/a>\n\t\t\t<\/div><ul class=\"et_pb_module et_d4_element et_pb_social_media_follow et_pb_social_media_follow_0 clearfix  et_pb_text_align_center et_pb_bg_layout_light\">\n\t\t\t\t\n\t\t\t\t\n\t\t\t\t\n\t\t\t\t\n\t\t\t\t<li\n            class='et_d4_element et_pb_social_media_follow_network_0 et_pb_social_icon et_block_module et_pb_social_network_link  et-social-facebook et_pb_social_media_follow_network'><a\n              href='https:\/\/www.facebook.com\/Joanna-S-Grzybowska-Photography-Love-1881030775327152\/'\n              class='icon et_pb_with_border'\n              title='Obserwuj na Facebook'\n               target=\"_blank\"><span\n                class='et_pb_social_media_follow_network_name'\n                aria-hidden='true'\n                >Obserwuj<\/span><\/a><\/li>\n\t\t\t<\/ul>\n\t\t\t<\/div><div class=\"et_d4_element et_pb_column_1_3 et_pb_column et_pb_column_1  et_pb_css_mix_blend_mode et_block_column\">\n\t\t\t\t\n\t\t\t\t\n\t\t\t\t\n\t\t\t\t\n\t\t\t\t<div class=\"et_pb_module et_d4_element et_pb_image et_pb_image_1\">\n\t\t\t\t\n\t\t\t\t\n\t\t\t\t\n\t\t\t\t\n\t\t\t\t<a href=\"https:\/\/www.morzeaniolow.pl\/index.php\/artysticmedia\/\"><span class=\"et_pb_image_wrap \"><img decoding=\"async\" width=\"3071\" height=\"1592\" data-src=\"https:\/\/www.morzeaniolow.pl\/wp-content\/uploads\/2020\/06\/Logo-artystic-media.png\"  alt=\"Logo-artystic-media GALERIA do 1.06.2020\"   title=\"\"  data-srcset=\"https:\/\/www.morzeaniolow.pl\/wp-content\/uploads\/2020\/06\/Logo-artystic-media.png 3071w, https:\/\/www.morzeaniolow.pl\/wp-content\/uploads\/2020\/06\/Logo-artystic-media-1280x664.png 1280w, https:\/\/www.morzeaniolow.pl\/wp-content\/uploads\/2020\/06\/Logo-artystic-media-980x508.png 980w, https:\/\/www.morzeaniolow.pl\/wp-content\/uploads\/2020\/06\/Logo-artystic-media-480x249.png 480w\" data-sizes=\"(min-width: 0px) and (max-width: 480px) 480px, (min-width: 481px) and (max-width: 980px) 980px, (min-width: 981px) and (max-width: 1280px) 1280px, (min-width: 1281px) 3071px, 100vw\" class=\"wp-image-3455 lazyload\" src=\"data:image\/gif;base64,R0lGODlhAQABAAAAACH5BAEKAAEALAAAAAABAAEAAAICTAEAOw==\" style=\"--smush-placeholder-width: 3071px; --smush-placeholder-aspect-ratio: 3071\/1592;\" \/><\/span><\/a>\n\t\t\t<\/div><ul class=\"et_pb_module et_d4_element et_pb_social_media_follow et_pb_social_media_follow_1 clearfix  et_pb_text_align_center et_pb_bg_layout_light\">\n\t\t\t\t\n\t\t\t\t\n\t\t\t\t\n\t\t\t\t\n\t\t\t\t<li\n            class='et_d4_element et_pb_social_media_follow_network_1 et_pb_social_icon et_block_module et_pb_social_network_link  et-social-facebook et_pb_social_media_follow_network'><a\n              href='https:\/\/www.facebook.com\/Artistic-Media-Rafa%C5%82-Konefa%C5%82-1900207500074016\/'\n              class='icon et_pb_with_border'\n              title='Obserwuj na Facebook'\n               target=\"_blank\"><span\n                class='et_pb_social_media_follow_network_name'\n                aria-hidden='true'\n                >Obserwuj<\/span><\/a><\/li>\n\t\t\t<\/ul>\n\t\t\t<\/div><div class=\"et_d4_element et_pb_column_1_3 et_pb_column et_pb_column_2  et_pb_css_mix_blend_mode et-last-child et_block_column\">\n\t\t\t\t\n\t\t\t\t\n\t\t\t\t\n\t\t\t\t\n\t\t\t\t<div class=\"et_pb_module et_d4_element et_pb_image et_pb_image_2\">\n\t\t\t\t\n\t\t\t\t\n\t\t\t\t\n\t\t\t\t\n\t\t\t\t<a href=\"https:\/\/www.morzeaniolow.pl\/index.php\/artysticmedia-2\/\"><span class=\"et_pb_image_wrap \"><img decoding=\"async\" width=\"2416\" height=\"794\" data-src=\"https:\/\/www.morzeaniolow.pl\/wp-content\/uploads\/2020\/07\/ESObszar-roboczy-1@2x.png\"  alt=\"ESObszar-roboczy-1@2x GALERIA do 1.06.2020\"   title=\"\"  data-srcset=\"https:\/\/www.morzeaniolow.pl\/wp-content\/uploads\/2020\/07\/ESObszar-roboczy-1@2x.png 2416w, https:\/\/www.morzeaniolow.pl\/wp-content\/uploads\/2020\/07\/ESObszar-roboczy-1@2x-1280x421.png 1280w, https:\/\/www.morzeaniolow.pl\/wp-content\/uploads\/2020\/07\/ESObszar-roboczy-1@2x-980x322.png 980w, https:\/\/www.morzeaniolow.pl\/wp-content\/uploads\/2020\/07\/ESObszar-roboczy-1@2x-480x158.png 480w\" data-sizes=\"(min-width: 0px) and (max-width: 480px) 480px, (min-width: 481px) and (max-width: 980px) 980px, (min-width: 981px) and (max-width: 1280px) 1280px, (min-width: 1281px) 2416px, 100vw\" class=\"wp-image-3690 lazyload\" src=\"data:image\/gif;base64,R0lGODlhAQABAAAAACH5BAEKAAEALAAAAAABAAEAAAICTAEAOw==\" style=\"--smush-placeholder-width: 2416px; --smush-placeholder-aspect-ratio: 2416\/794;\" \/><\/span><\/a>\n\t\t\t<\/div><ul class=\"et_pb_module et_d4_element et_pb_social_media_follow et_pb_social_media_follow_2 clearfix  et_pb_text_align_center et_pb_bg_layout_light\">\n\t\t\t\t\n\t\t\t\t\n\t\t\t\t\n\t\t\t\t\n\t\t\t\t<li\n            class='et_d4_element et_pb_social_media_follow_network_2 et_pb_social_icon et_block_module et_pb_social_network_link  et-social-facebook et_pb_social_media_follow_network'><a\n              href='https:\/\/www.facebook.com\/DzienDobrySopot'\n              class='icon et_pb_with_border'\n              title='Obserwuj na Facebook'\n               target=\"_blank\"><span\n                class='et_pb_social_media_follow_network_name'\n                aria-hidden='true'\n                >Obserwuj<\/span><\/a><\/li>\n\t\t\t<\/ul>\n\t\t\t<\/div>\n\t\t\t\t\n\t\t\t\t\n\t\t\t\t\n\t\t\t\t\n\t\t\t<\/div><div class=\"et_d4_element et_pb_row et_pb_row_1  et_pb_css_mix_blend_mode et_block_row\">\n\t\t\t\t<div class=\"et_d4_element et_pb_column_4_4 et_pb_column et_pb_column_3  et_pb_css_mix_blend_mode et-last-child et_block_column\">\n\t\t\t\t\n\t\t\t\t\n\t\t\t\t\n\t\t\t\t\n\t\t\t\t<div class=\"et_pb_module et_d4_element et_pb_text et_pb_text_0  et_pb_text_align_left et_pb_bg_layout_light\">\n\t\t\t\t\n\t\t\t\t\n\t\t\t\t\n\t\t\t\t\n\t\t\t\t<div class=\"et_pb_text_inner\"><p style=\"text-align: center;\">Udost\u0119pniaj\u0105c zdj\u0119cie z galerii prosimy oznacz autora zdj\u0119cia.<\/p><\/div>\n\t\t\t<\/div>\n\t\t\t<\/div>\n\t\t\t\t\n\t\t\t\t\n\t\t\t\t\n\t\t\t\t\n\t\t\t<\/div>\n\t\t\t\t\n\t\t\t\t\n\t\t\t<\/div>\n\n\n","protected":false},"excerpt":{"rendered":"","protected":false},"author":1,"featured_media":0,"parent":0,"menu_order":0,"comment_status":"closed","ping_status":"closed","template":"","meta":{"_acf_changed":false,"_et_pb_use_builder":"on","_et_pb_old_content":"","_et_gb_content_width":"","footnotes":""},"class_list":["post-4120","page","type-page","status-publish","hentry"],"acf":[],"_links":{"self":[{"href":"https:\/\/www.morzeaniolow.pl\/index.php\/wp-json\/wp\/v2\/pages\/4120","targetHints":{"allow":["GET"]}}],"collection":[{"href":"https:\/\/www.morzeaniolow.pl\/index.php\/wp-json\/wp\/v2\/pages"}],"about":[{"href":"https:\/\/www.morzeaniolow.pl\/index.php\/wp-json\/wp\/v2\/types\/page"}],"author":[{"embeddable":true,"href":"https:\/\/www.morzeaniolow.pl\/index.php\/wp-json\/wp\/v2\/users\/1"}],"replies":[{"embeddable":true,"href":"https:\/\/www.morzeaniolow.pl\/index.php\/wp-json\/wp\/v2\/comments?post=4120"}],"version-history":[{"count":2,"href":"https:\/\/www.morzeaniolow.pl\/index.php\/wp-json\/wp\/v2\/pages\/4120\/revisions"}],"predecessor-version":[{"id":4222,"href":"https:\/\/www.morzeaniolow.pl\/index.php\/wp-json\/wp\/v2\/pages\/4120\/revisions\/4222"}],"wp:attachment":[{"href":"https:\/\/www.morzeaniolow.pl\/index.php\/wp-json\/wp\/v2\/media?parent=4120"}],"curies":[{"name":"wp","href":"https:\/\/api.w.org\/{rel}","templated":true}]}}