{"id":5450,"date":"2020-07-25T16:51:23","date_gmt":"2020-07-25T15:51:23","guid":{"rendered":"https:\/\/www.morzeaniolow.pl\/?page_id=5450"},"modified":"2021-04-19T13:34:10","modified_gmt":"2021-04-19T12:34:10","slug":"budzenie-radosci","status":"publish","type":"page","link":"https:\/\/www.morzeaniolow.pl\/index.php\/budzenie-radosci\/","title":{"rendered":"BUDZENIE RADO\u015aCI"},"content":{"rendered":"<div class=\"et_d4_element et_pb_section et_pb_section_0  et_pb_css_mix_blend_mode et_section_regular et_block_section\" >\n\t\t\t\t\n\t\t\t\t\n\t\t\t\t\n\t\t\t\t\n\t\t\t\t\n\t\t\t\t\n\t\t\t\t<div class=\"et_d4_element et_pb_row et_pb_row_0  et_pb_css_mix_blend_mode et_block_row\">\n\t\t\t\t<div class=\"et_d4_element et_pb_column_4_4 et_pb_column et_pb_column_0  et_pb_css_mix_blend_mode et-last-child et_block_column\">\n\t\t\t\t\n\t\t\t\t\n\t\t\t\t\n\t\t\t\t\n\t\t\t\t<div class=\"et_pb_module et_d4_element et_pb_text et_pb_text_0  et_pb_text_align_left et_pb_bg_layout_light\">\n\t\t\t\t\n\t\t\t\t\n\t\t\t\t\n\t\t\t\t\n\t\t\t\t<div class=\"et_pb_text_inner\"><h1 style=\"text-align: center;\">Niestandardowe sesje coachingowe z Juli\u0105 \u0141aszkiewicz<\/h1><\/div>\n\t\t\t<\/div>\n\t\t\t<\/div>\n\t\t\t\t\n\t\t\t\t\n\t\t\t\t\n\t\t\t\t\n\t\t\t<\/div><div class=\"et_d4_element et_pb_row et_pb_row_1  et_pb_css_mix_blend_mode et_block_row\">\n\t\t\t\t<div class=\"et_d4_element et_pb_column_4_4 et_pb_column et_pb_column_1  et_pb_css_mix_blend_mode et-last-child et_block_column\">\n\t\t\t\t\n\t\t\t\t\n\t\t\t\t\n\t\t\t\t\n\t\t\t\t<div class=\"et_pb_module et_d4_element et_pb_image et_pb_image_0\">\n\t\t\t\t\n\t\t\t\t\n\t\t\t\t\n\t\t\t\t\n\t\t\t\t<span class=\"et_pb_image_wrap \"><img decoding=\"async\" data-src=\"https:\/\/www.morzeaniolow.pl\/wp-content\/uploads\/2020\/07\/niestandardowe-sesje-coachingowe-z-Juli\u0105-\u0141aszkiewicz.jpg\"  alt=\"niestandardowe-sesje-coachingowe-z-Juli\u0105-\u0141aszkiewicz BUDZENIE RADO\u015aCI\"   title=\"\" src=\"data:image\/gif;base64,R0lGODlhAQABAAAAACH5BAEKAAEALAAAAAABAAEAAAICTAEAOw==\" class=\"lazyload\" style=\"--smush-placeholder-width: 2048px; --smush-placeholder-aspect-ratio: 2048\/1182;\" \/><\/span>\n\t\t\t<\/div>\n\t\t\t<\/div>\n\t\t\t\t\n\t\t\t\t\n\t\t\t\t\n\t\t\t\t\n\t\t\t<\/div><div class=\"et_d4_element et_pb_row et_pb_row_2  et_pb_css_mix_blend_mode et_block_row\">\n\t\t\t\t<div class=\"et_d4_element et_pb_column_4_4 et_pb_column et_pb_column_2  et_pb_css_mix_blend_mode et-last-child et_block_column\">\n\t\t\t\t\n\t\t\t\t\n\t\t\t\t\n\t\t\t\t\n\t\t\t\t<div class=\"et_pb_module et_d4_element et_pb_text et_pb_text_1  et_pb_text_align_left et_pb_bg_layout_light\">\n\t\t\t\t\n\t\t\t\t\n\t\t\t\t\n\t\t\t\t\n\t\t\t\t<div class=\"et_pb_text_inner\"><h4>Budzenie rado\u015bci<\/h4>\n<p>Odkryj najlepsz\u0105 wersje siebie. Niestandardowe sesje coachingowe budz\u0105ce moc p\u0142yn\u0105c\u0105 z Twojego wn\u0119trza z autork\u0105 Magii Grupy. Masz realny wp\u0142yw na swoje \u017cycie, mog\u0119 towarzyszy\u0107 Ci w poszukiwaniach Twojego osobistego celu, intencji, sensu istnienia. Je\u015bli Ty b\u0119dziesz emanowa\u0142 swoj\u0105 prawdziw\u0105 intencj\u0105, ca\u0142y \u015bwiat b\u0119dzie synchronizowa\u0142 si\u0119 z Tob\u0105. Zapraszam na indywidualn\u0105 sesj\u0119 coachingow\u0105.<\/p>\n<p>Julia \u0141aszkiewicz, tel. +48 600\u00a0044 807<\/p>\n<p>&nbsp;<\/p>\n<p>\u201eJe\u015bli z ca\u0142ego serca pragniesz spotka\u0107 Anio\u0142a, z pewno\u015bci\u0105 na niego trafisz\u201d.<\/p><\/div>\n\t\t\t<\/div>\n\t\t\t<\/div>\n\t\t\t\t\n\t\t\t\t\n\t\t\t\t\n\t\t\t\t\n\t\t\t<\/div>\n\t\t\t\t\n\t\t\t\t\n\t\t\t<\/div>\n","protected":false},"excerpt":{"rendered":"","protected":false},"author":1,"featured_media":0,"parent":0,"menu_order":0,"comment_status":"closed","ping_status":"closed","template":"","meta":{"_acf_changed":false,"_et_pb_use_builder":"on","_et_pb_old_content":"","_et_gb_content_width":"","footnotes":""},"class_list":["post-5450","page","type-page","status-publish","hentry"],"acf":[],"_links":{"self":[{"href":"https:\/\/www.morzeaniolow.pl\/index.php\/wp-json\/wp\/v2\/pages\/5450","targetHints":{"allow":["GET"]}}],"collection":[{"href":"https:\/\/www.morzeaniolow.pl\/index.php\/wp-json\/wp\/v2\/pages"}],"about":[{"href":"https:\/\/www.morzeaniolow.pl\/index.php\/wp-json\/wp\/v2\/types\/page"}],"author":[{"embeddable":true,"href":"https:\/\/www.morzeaniolow.pl\/index.php\/wp-json\/wp\/v2\/users\/1"}],"replies":[{"embeddable":true,"href":"https:\/\/www.morzeaniolow.pl\/index.php\/wp-json\/wp\/v2\/comments?post=5450"}],"version-history":[{"count":5,"href":"https:\/\/www.morzeaniolow.pl\/index.php\/wp-json\/wp\/v2\/pages\/5450\/revisions"}],"predecessor-version":[{"id":6112,"href":"https:\/\/www.morzeaniolow.pl\/index.php\/wp-json\/wp\/v2\/pages\/5450\/revisions\/6112"}],"wp:attachment":[{"href":"https:\/\/www.morzeaniolow.pl\/index.php\/wp-json\/wp\/v2\/media?parent=5450"}],"curies":[{"name":"wp","href":"https:\/\/api.w.org\/{rel}","templated":true}]}}