{"id":5841,"date":"2020-11-20T21:05:44","date_gmt":"2020-11-20T20:05:44","guid":{"rendered":"https:\/\/www.morzeaniolow.pl\/?page_id=5841"},"modified":"2026-04-14T16:09:35","modified_gmt":"2026-04-14T15:09:35","slug":"zalozyciele","status":"publish","type":"page","link":"https:\/\/www.morzeaniolow.pl\/index.php\/zalozyciele\/","title":{"rendered":"ZA\u0141O\u017bYCIELE"},"content":{"rendered":"<div class=\"et_pb_section_0 et_pb_section et_section_regular et_block_section\">\n<div class=\"et_pb_row_0 et_pb_row et_pb_gutters2 et_block_row\">\n<div class=\"et_pb_column_0 et_pb_column et_pb_column_1_3 et_block_column et_pb_css_mix_blend_mode_passthrough\">\n<div class=\"et_pb_team_member_0 et_pb_team_member et_pb_bg_layout_light et_pb_text_align_center et_animated et_pb_module et_block_module\"><div class=\"et_pb_team_member_image et-waypoint et_pb_animation_off\"><img  title=\"\" decoding=\"async\" data-src=\"https:\/\/www.morzeaniolow.pl\/wp-content\/uploads\/2020\/11\/Julia-\u0141aszkiewicz-Liderka-przysz\u0142o\u015bci.jpg\"  alt=\"Julia-\u0141aszkiewicz-Liderka-przysz\u0142o\u015bci ZA\u0141O\u017bYCIELE\"  width=\"919\" height=\"919\" data-srcset=\"https:\/\/www.morzeaniolow.pl\/wp-content\/uploads\/2020\/11\/Julia-\u0141aszkiewicz-Liderka-przysz\u0142o\u015bci.jpg 919w, https:\/\/www.morzeaniolow.pl\/wp-content\/uploads\/2020\/11\/Julia-\u0141aszkiewicz-Liderka-przysz\u0142o\u015bci-300x300.jpg 300w, https:\/\/www.morzeaniolow.pl\/wp-content\/uploads\/2020\/11\/Julia-\u0141aszkiewicz-Liderka-przysz\u0142o\u015bci-100x100.jpg 100w, https:\/\/www.morzeaniolow.pl\/wp-content\/uploads\/2020\/11\/Julia-\u0141aszkiewicz-Liderka-przysz\u0142o\u015bci-600x600.jpg 600w, https:\/\/www.morzeaniolow.pl\/wp-content\/uploads\/2020\/11\/Julia-\u0141aszkiewicz-Liderka-przysz\u0142o\u015bci-150x150.jpg 150w, https:\/\/www.morzeaniolow.pl\/wp-content\/uploads\/2020\/11\/Julia-\u0141aszkiewicz-Liderka-przysz\u0142o\u015bci-768x768.jpg 768w, https:\/\/www.morzeaniolow.pl\/wp-content\/uploads\/2020\/11\/Julia-\u0141aszkiewicz-Liderka-przysz\u0142o\u015bci-610x610.jpg 610w, https:\/\/www.morzeaniolow.pl\/wp-content\/uploads\/2020\/11\/Julia-\u0141aszkiewicz-Liderka-przysz\u0142o\u015bci-480x480.jpg 480w\" data-sizes=\"(max-width: 919px) 100vw, 919px\" class=\"wp-image-5881 lazyload\" src=\"data:image\/gif;base64,R0lGODlhAQABAAAAACH5BAEKAAEALAAAAAABAAEAAAICTAEAOw==\" style=\"--smush-placeholder-width: 919px; --smush-placeholder-aspect-ratio: 919\/919;\" \/><\/div><div class=\"et_pb_team_member_description\"><h4 class=\"et_pb_module_header\">Julia \u0141aszkiewicz<\/h4><p class=\"et_pb_member_position\">Liderka przysz\u0142o\u015bci<\/p><div class=\"et_pb_team_member_description_content\"><p>Inspiratorka z energi\u0105 sprawcz\u0105, kt\u00f3ra ju\u017c dzi\u015b wprowadza nowe standardy energetyczne i funkcjonalne do grupy. Jej\u00a0 moc sprawcza powoduje, \u017ce nie ma miejsca na wym\u00f3wki. Towarzyszka wielu przemian i reset\u00f3w dla tych, kt\u00f3rzy z zaufaniem podadz\u0105 jej r\u0119k\u0119.<\/p>\n<p>Urzeczywistnia marzenia. Stwarza okoliczno\u015bci u\u0142atwiaj\u0105ce przechodzenie przez trudne do rado\u015bci \u017cycia. Zrz\u0105dza i trzyma przestrze\u0144 Morza Anio\u0142\u00f3w, potrafi by\u0107 w kilku miejscach w jednym czasie. Dba o struktur\u0119 kr\u0119g\u00f3w. Wsp\u00f3\u0142pracuje z fundacj\u0105 Pomorze Dzieciom od pocz\u0105tku swojej osobistej transformacji. Autorka ksi\u0105\u017cki Magia Grupy.<\/p>\n<\/div><ul class=\"et_pb_member_social_links\"><li><a href=\"https:\/\/www.facebook.com\/profile.php?id=100001274183478\" class=\"et_pb_font_icon et_pb_facebook_icon\" title=\"Facebook\"><span>Facebook<\/span><\/a><\/li><li><a href=\"https:\/\/www.linkedin.com\/in\/julia-%C5%82aszkiewicz-a2a040144\/\" class=\"et_pb_font_icon et_pb_linkedin_icon\" title=\"LinkedIn\"><span>LinkedIn<\/span><\/a><\/li><\/ul><\/div><\/div>\n<\/div>\n\n<div class=\"et_pb_column_1 et_pb_column et_pb_column_1_3 et_block_column et_pb_css_mix_blend_mode_passthrough\">\n<div class=\"et_pb_team_member_1 et_pb_team_member et_pb_bg_layout_light et_pb_text_align_center et_animated et_pb_module et_block_module\"><div class=\"et_pb_team_member_image et-waypoint et_pb_animation_off\"><img decoding=\"async\" data-src=\"https:\/\/www.morzeaniolow.pl\/wp-content\/uploads\/2026\/04\/jjsg-1-1024x1024.jpeg\"  alt=\"jjsg-1-1024x1024 ZA\u0141O\u017bYCIELE\"  width=\"1024\" height=\"1024\" data-srcset=\"https:\/\/www.morzeaniolow.pl\/wp-content\/uploads\/2026\/04\/jjsg-1-980x980.jpeg 980w, https:\/\/www.morzeaniolow.pl\/wp-content\/uploads\/2026\/04\/jjsg-1-480x480.jpeg 480w\" data-sizes=\"(min-width: 0px) and (max-width: 480px) 480px, (min-width: 481px) and (max-width: 980px) 980px, (min-width: 981px) 1024px, 100vw\" class=\"wp-image-14613 lazyload\"  title=\"\" src=\"data:image\/gif;base64,R0lGODlhAQABAAAAACH5BAEKAAEALAAAAAABAAEAAAICTAEAOw==\" style=\"--smush-placeholder-width: 1024px; --smush-placeholder-aspect-ratio: 1024\/1024;\" \/><\/div><div class=\"et_pb_team_member_description\"><h4 class=\"et_pb_module_header\">Joanna S-Grzybowska<\/h4><p class=\"et_pb_member_position\">Artystyczna dusza<\/p><div class=\"et_pb_team_member_description_content\"><p>Artystyczna Dusza, kt\u00f3ra jest oczami, g\u0142osem i sercem Morza Anio\u0142\u00f3w. Jej wra\u017cliwo\u015b\u0107 potrafi dostrzec najbardziej skryte emocje w cz\u0142owieku a obiektyw pokazuje ukryte pi\u0119kno. Z mi\u0142o\u015bci do natury, do pasji fotografii powo\u0142a\u0142a do \u017cycia przestrze\u0144 Photography Love, kt\u00f3ra nada\u0142a wst\u0119p dzia\u0142aniom Morza Anio\u0142\u00f3w. Praktyk. Swoim do\u015bwiadczeniem inspiruje i zach\u0119ca do zmiany, do systematyczno\u015bci, do dzia\u0142ania dla siebie i dla natury, do do\u015bwiadczania zachwytu, prostej rado\u015bci i celebrowania \u017cycia. \u0141\u0105czy ludzi. Trzyma przestrze\u0144 i dokumentuje artystycznie \u017cycie Morza Anio\u0142\u00f3w.\u00a0<\/p>\n<\/div><ul class=\"et_pb_member_social_links\"><li><a href=\"https:\/\/www.facebook.com\/search\/top?q=joanna%20s-grzybowska%20-%20photography%20love\" class=\"et_pb_font_icon et_pb_facebook_icon\" title=\"Facebook\"><span>Facebook<\/span><\/a><\/li><\/ul><\/div><\/div>\n<\/div>\n\n<div class=\"et_pb_column_2 et_pb_column et_pb_column_1_3 et-last-child et_block_column et_pb_css_mix_blend_mode_passthrough\">\n<div class=\"et_pb_team_member_2 et_pb_team_member et_pb_bg_layout_light et_pb_text_align_center et_animated et_pb_module et_block_module\"><div class=\"et_pb_team_member_image et-waypoint et_pb_animation_off\"><img  title=\"\" decoding=\"async\" data-src=\"https:\/\/www.morzeaniolow.pl\/wp-content\/uploads\/2020\/11\/MAKA-Marcin-\u0141aszkiewicz.jpg\"  alt=\"MAKA-Marcin-\u0141aszkiewicz ZA\u0141O\u017bYCIELE\"  width=\"919\" height=\"919\" data-srcset=\"https:\/\/www.morzeaniolow.pl\/wp-content\/uploads\/2020\/11\/MAKA-Marcin-\u0141aszkiewicz.jpg 919w, https:\/\/www.morzeaniolow.pl\/wp-content\/uploads\/2020\/11\/MAKA-Marcin-\u0141aszkiewicz-300x300.jpg 300w, https:\/\/www.morzeaniolow.pl\/wp-content\/uploads\/2020\/11\/MAKA-Marcin-\u0141aszkiewicz-100x100.jpg 100w, https:\/\/www.morzeaniolow.pl\/wp-content\/uploads\/2020\/11\/MAKA-Marcin-\u0141aszkiewicz-600x600.jpg 600w, https:\/\/www.morzeaniolow.pl\/wp-content\/uploads\/2020\/11\/MAKA-Marcin-\u0141aszkiewicz-150x150.jpg 150w, https:\/\/www.morzeaniolow.pl\/wp-content\/uploads\/2020\/11\/MAKA-Marcin-\u0141aszkiewicz-768x768.jpg 768w, https:\/\/www.morzeaniolow.pl\/wp-content\/uploads\/2020\/11\/MAKA-Marcin-\u0141aszkiewicz-610x610.jpg 610w, https:\/\/www.morzeaniolow.pl\/wp-content\/uploads\/2020\/11\/MAKA-Marcin-\u0141aszkiewicz-480x480.jpg 480w\" data-sizes=\"(max-width: 919px) 100vw, 919px\" class=\"wp-image-5882 lazyload\" src=\"data:image\/gif;base64,R0lGODlhAQABAAAAACH5BAEKAAEALAAAAAABAAEAAAICTAEAOw==\" style=\"--smush-placeholder-width: 919px; --smush-placeholder-aspect-ratio: 919\/919;\" \/><\/div><div class=\"et_pb_team_member_description\"><h4 class=\"et_pb_module_header\">MAKA Marcin \u0141aszkiewicz<\/h4><p class=\"et_pb_member_position\">Mulitmedia Master<\/p><div class=\"et_pb_team_member_description_content\"><p>Narrator, Anio\u0142 Str\u00f3\u017c. \"Charlie\" Anio\u0142k\u00f3w. Trener cia\u0142a i ducha. Nasz morzowy Wim Hof i artystyczny sprzymierzeniec. Tworzy struktur\u0119 Morza Anio\u0142\u00f3w \/nie tylko on-line\/, przenosi to co nienamacalne w uporz\u0105dkowan\u0105 i funkcjonaln\u0105 matryc\u0119, sprowadza to co nienazwane do rzeczywisto\u015bci. Maka cho\u0107 cz\u0119sto niewidzialny, trzyma form\u0119 i struktur\u0119, tam, gdzie Anio\u0142y fruwaj\u0105. Lata dronem, pokazuj\u0105c przestrze\u0144 Morza z nieba, JEST i to najwa\u017cniejsze.<\/p>\n<\/div><ul class=\"et_pb_member_social_links\"><li><a href=\"https:\/\/www.facebook.com\/makamultimedia\" class=\"et_pb_font_icon et_pb_facebook_icon\" title=\"Facebook\"><span>Facebook<\/span><\/a><\/li><\/ul><\/div><\/div>\n<\/div>\n<\/div>\n\n<div class=\"et_pb_row_1 et_pb_row et_pb_gutters2 et_block_row\">\n<div class=\"et_pb_column_3 et_pb_column et_pb_column_1_2 et_block_column et_pb_css_mix_blend_mode_passthrough\">\n<div class=\"et_pb_team_member_3 et_pb_team_member et_pb_bg_layout_light et_pb_text_align_center et_animated et_pb_module et_block_module\"><div class=\"et_pb_team_member_image et-waypoint et_pb_animation_off\"><img  title=\"\" decoding=\"async\" data-src=\"https:\/\/www.morzeaniolow.pl\/wp-content\/uploads\/2020\/11\/maja-lesi\u0144ska-natural-flow-1.jpg\"  alt=\"maja-lesi\u0144ska-natural-flow-1 ZA\u0141O\u017bYCIELE\"  width=\"919\" height=\"919\" data-srcset=\"https:\/\/www.morzeaniolow.pl\/wp-content\/uploads\/2020\/11\/maja-lesi\u0144ska-natural-flow-1.jpg 919w, https:\/\/www.morzeaniolow.pl\/wp-content\/uploads\/2020\/11\/maja-lesi\u0144ska-natural-flow-1-300x300.jpg 300w, https:\/\/www.morzeaniolow.pl\/wp-content\/uploads\/2020\/11\/maja-lesi\u0144ska-natural-flow-1-100x100.jpg 100w, https:\/\/www.morzeaniolow.pl\/wp-content\/uploads\/2020\/11\/maja-lesi\u0144ska-natural-flow-1-600x600.jpg 600w, https:\/\/www.morzeaniolow.pl\/wp-content\/uploads\/2020\/11\/maja-lesi\u0144ska-natural-flow-1-150x150.jpg 150w, https:\/\/www.morzeaniolow.pl\/wp-content\/uploads\/2020\/11\/maja-lesi\u0144ska-natural-flow-1-768x768.jpg 768w, https:\/\/www.morzeaniolow.pl\/wp-content\/uploads\/2020\/11\/maja-lesi\u0144ska-natural-flow-1-610x610.jpg 610w, https:\/\/www.morzeaniolow.pl\/wp-content\/uploads\/2020\/11\/maja-lesi\u0144ska-natural-flow-1-480x480.jpg 480w\" data-sizes=\"(max-width: 919px) 100vw, 919px\" class=\"wp-image-5880 lazyload\" src=\"data:image\/gif;base64,R0lGODlhAQABAAAAACH5BAEKAAEALAAAAAABAAEAAAICTAEAOw==\" style=\"--smush-placeholder-width: 919px; --smush-placeholder-aspect-ratio: 919\/919;\" \/><\/div><div class=\"et_pb_team_member_description\"><h4 class=\"et_pb_module_header\">Maja \u0141awicka<\/h4><p class=\"et_pb_member_position\">Energetyczna dusza<\/p><div class=\"et_pb_team_member_description_content\"><p>Wsp\u00f3\u0142tworzy energetyczn\u0105 przestrze\u0144 Morza Anio\u0142\u00f3w, dba o cia\u0142o i dusz\u0119, ka\u017cdego, kto szuka drogi do siebie. Dotykiem potrafi rozbroi\u0107 najtwardszy mur.<\/p>\n<p>Towarzyszka podr\u00f3\u017cy, opiekuj\u0105ca si\u0119 uczestnikami w naturalnym przep\u0142ywie. Terapeutka holistyczna. Flagowa twarz i modelowe cia\u0142o Morza Anio\u0142\u00f3w. R\u0119ce, kt\u00f3re lecz\u0105 cia\u0142o i dusz\u0119, wspieraj\u0105, piek\u0105 chleb i ciastka, gotuj\u0105 zup\u0119 i robi\u0105 \u015bniadania od serca i z mi\u0142o\u015bci.<\/p>\n<\/div><ul class=\"et_pb_member_social_links\"><li><a href=\"https:\/\/www.facebook.com\/MajaLawickaNaturalFlow\/\" class=\"et_pb_font_icon et_pb_facebook_icon\" title=\"Facebook\"><span>Facebook<\/span><\/a><\/li><\/ul><\/div><\/div>\n<\/div>\n\n<div class=\"et_pb_column_4 et_pb_column et_pb_column_1_2 et-last-child et_block_column et_pb_css_mix_blend_mode_passthrough\">\n<div class=\"et_pb_team_member_4 et_pb_team_member et_pb_bg_layout_light et_pb_text_align_center et_animated et_pb_module et_block_module\"><div class=\"et_pb_team_member_image et-waypoint et_pb_animation_off\"><img decoding=\"async\" data-src=\"https:\/\/www.morzeaniolow.pl\/wp-content\/uploads\/2026\/04\/kustra.jpg\"  alt=\"kustra ZA\u0141O\u017bYCIELE\"  width=\"1242\" height=\"1242\" data-srcset=\"https:\/\/www.morzeaniolow.pl\/wp-content\/uploads\/2026\/04\/kustra.jpg 1242w, https:\/\/www.morzeaniolow.pl\/wp-content\/uploads\/2026\/04\/kustra-980x980.jpg 980w, https:\/\/www.morzeaniolow.pl\/wp-content\/uploads\/2026\/04\/kustra-480x480.jpg 480w\" data-sizes=\"(min-width: 0px) and (max-width: 480px) 480px, (min-width: 481px) and (max-width: 980px) 980px, (min-width: 981px) 1242px, 100vw\" class=\"wp-image-14615 lazyload\"  title=\"\" src=\"data:image\/gif;base64,R0lGODlhAQABAAAAACH5BAEKAAEALAAAAAABAAEAAAICTAEAOw==\" style=\"--smush-placeholder-width: 1242px; --smush-placeholder-aspect-ratio: 1242\/1242;\" \/><\/div><div class=\"et_pb_team_member_description\"><h4 class=\"et_pb_module_header\">Wojciech Kustra<\/h4><p class=\"et_pb_member_position\">Anio\u0142 Struktury i Rado\u015bci<\/p><div class=\"et_pb_team_member_description_content\"><p>M\u0119ska energia w uwa\u017cnym dzia\u0142aniu. Praktyk \u015bwiadomej obecno\u015bci, kt\u00f3ry \u0142\u0105czy logik\u0119 umys\u0142u z czuciem serca. W Morzu Anio\u0142\u00f3w dba o bezpiecze\u0144stwo, r\u00f3wnowag\u0119 i sp\u00f3jno\u015b\u0107 dzia\u0142a\u0144 \u2013 tych widzialnych i tych subtelnych. Wnosi spok\u00f3j tam, gdzie pojawia si\u0119 chaos, i nadaje przestrzeni grunt, po kt\u00f3rym mo\u017cna pewnie st\u0105pa\u0107.<br \/>Budowniczy most\u00f3w mi\u0119dzy \u015bwiatem fakt\u00f3w a \u015bwiatem emocji. Z pokor\u0105, uwa\u017cno\u015bci\u0105 i otwarto\u015bci\u0105 towarzyszy przemianom, wspieraj\u0105c innych w drodze do wi\u0119kszej blisko\u015bci z sob\u0105, z natur\u0105 i z drugim cz\u0142owiekiem. Od lat zg\u0142\u0119bia sztuk\u0119 komunikacji, relacji, intymno\u015bci ze sob\u0105 i w spotkaniu z drugim, a tak\u017ce mocy bycia tu i teraz. Nieustannie poszukuje swojej drogi i prawdy \u2013 w sobie, w ciszy i w autentycznym do\u015bwiadczeniu \u017cycia.<\/p>\n<\/div><ul class=\"et_pb_member_social_links\"><li><a href=\"https:\/\/www.facebook.com\/wojciech.kustra.96\" class=\"et_pb_font_icon et_pb_facebook_icon\" title=\"Facebook\"><span>Facebook<\/span><\/a><\/li><\/ul><\/div><\/div>\n<\/div>\n<\/div>\n\n<div class=\"et_pb_row_2 et_pb_row et_block_row\">\n<div class=\"et_pb_column_5 et_pb_column et_pb_column_4_4 et-last-child et_block_column et_pb_css_mix_blend_mode_passthrough\">\n<div class=\"et_pb_text_0 et_pb_text et_pb_bg_layout_light et_pb_module et_block_module\"><div class=\"et_pb_text_inner\"><h2 style=\"text-align: center;\">Co nas wszystkich \u0142\u0105czy?<\/h2>\n<h2 style=\"text-align: center;\">Si\u0142a wizjonerskiej sprawczo\u015bci i magiczny rocznik 1973 \ud83d\ude42<\/h2>\n<\/div><\/div>\n\n<div class=\"et_pb_image_0 et_pb_image et_pb_module et_block_module\"><span class=\"et_pb_image_wrap\"><img decoding=\"async\" data-src=\"https:\/\/www.morzeaniolow.pl\/wp-content\/uploads\/2020\/11\/Julia-Maja-Joanna.jpg\" width=\"1824\" height=\"1368\" data-srcset=\"https:\/\/www.morzeaniolow.pl\/wp-content\/uploads\/2020\/11\/Julia-Maja-Joanna.jpg 1824w, https:\/\/www.morzeaniolow.pl\/wp-content\/uploads\/2020\/11\/Julia-Maja-Joanna-1280x960.jpg 1280w, https:\/\/www.morzeaniolow.pl\/wp-content\/uploads\/2020\/11\/Julia-Maja-Joanna-980x735.jpg 980w, https:\/\/www.morzeaniolow.pl\/wp-content\/uploads\/2020\/11\/Julia-Maja-Joanna-480x360.jpg 480w\" data-sizes=\"(min-width: 0px) and (max-width: 480px) 480px, (min-width: 481px) and (max-width: 980px) 980px, (min-width: 981px) and (max-width: 1280px) 1280px, (min-width: 1281px) 1824px, 100vw\" class=\"wp-image-5883 lazyload\"  title=\"\"   alt=\"Julia-Maja-Joanna ZA\u0141O\u017bYCIELE\" src=\"data:image\/gif;base64,R0lGODlhAQABAAAAACH5BAEKAAEALAAAAAABAAEAAAICTAEAOw==\" style=\"--smush-placeholder-width: 1824px; --smush-placeholder-aspect-ratio: 1824\/1368;\" \/><\/span><\/div>\n<\/div>\n<\/div>\n\n<div class=\"et_pb_row_3 et_pb_row et_pb_row_4col et_block_row et_block_row_4col\">\n<div class=\"et_pb_column_6 et_pb_column et_pb_column_1_4 et_block_column et_pb_column_empty et_pb_css_mix_blend_mode_passthrough\"><\/div>\n\n<div class=\"et_pb_column_7 et_pb_column et_pb_column_1_4 et_block_column et_pb_css_mix_blend_mode_passthrough\">\n<div class=\"et_pb_module et_pb_button_module_wrapper et_pb_button_0_wrapper\"><a class=\"et_pb_button_0 et_pb_button et_pb_bg_layout_dark et_pb_module et_block_module\" href=\"https:\/\/www.morzeaniolow.pl\/index.php\/misja\/\">INTENCJA<\/a><\/div>\n<\/div>\n\n<div class=\"et_pb_column_8 et_pb_column et_pb_column_1_4 et_block_column et_pb_css_mix_blend_mode_passthrough\">\n<div class=\"et_pb_module et_pb_button_module_wrapper et_pb_button_1_wrapper\"><a class=\"et_pb_button_1 et_pb_button et_pb_bg_layout_dark et_pb_module et_block_module\" href=\"https:\/\/www.morzeaniolow.pl\/index.php\/1000-aniolow-2\/\">1000 ANIO\u0141\u00d3W<\/a><\/div>\n<\/div>\n\n<div class=\"et_pb_column_9 et_pb_column et_pb_column_1_4 et-last-child et_block_column et_pb_column_empty et_pb_css_mix_blend_mode_passthrough\"><\/div>\n<\/div>\n<\/div>","protected":false},"excerpt":{"rendered":"","protected":false},"author":1,"featured_media":0,"parent":0,"menu_order":0,"comment_status":"closed","ping_status":"closed","template":"","meta":{"_acf_changed":false,"footnotes":""},"class_list":["post-5841","page","type-page","status-publish","hentry"],"acf":[],"_links":{"self":[{"href":"https:\/\/www.morzeaniolow.pl\/index.php\/wp-json\/wp\/v2\/pages\/5841","targetHints":{"allow":["GET"]}}],"collection":[{"href":"https:\/\/www.morzeaniolow.pl\/index.php\/wp-json\/wp\/v2\/pages"}],"about":[{"href":"https:\/\/www.morzeaniolow.pl\/index.php\/wp-json\/wp\/v2\/types\/page"}],"author":[{"embeddable":true,"href":"https:\/\/www.morzeaniolow.pl\/index.php\/wp-json\/wp\/v2\/users\/1"}],"replies":[{"embeddable":true,"href":"https:\/\/www.morzeaniolow.pl\/index.php\/wp-json\/wp\/v2\/comments?post=5841"}],"version-history":[{"count":12,"href":"https:\/\/www.morzeaniolow.pl\/index.php\/wp-json\/wp\/v2\/pages\/5841\/revisions"}],"predecessor-version":[{"id":14616,"href":"https:\/\/www.morzeaniolow.pl\/index.php\/wp-json\/wp\/v2\/pages\/5841\/revisions\/14616"}],"wp:attachment":[{"href":"https:\/\/www.morzeaniolow.pl\/index.php\/wp-json\/wp\/v2\/media?parent=5841"}],"curies":[{"name":"wp","href":"https:\/\/api.w.org\/{rel}","templated":true}]}}