{"id":5844,"date":"2020-11-20T21:07:05","date_gmt":"2020-11-20T20:07:05","guid":{"rendered":"https:\/\/www.morzeaniolow.pl\/?page_id=5844"},"modified":"2025-12-02T10:31:14","modified_gmt":"2025-12-02T09:31:14","slug":"1000-aniolow-2","status":"publish","type":"page","link":"https:\/\/www.morzeaniolow.pl\/index.php\/1000-aniolow-2\/","title":{"rendered":"1000 ANIO\u0141\u00d3W"},"content":{"rendered":"<div class=\"et_d4_element et_pb_section et_pb_section_0  et_pb_css_mix_blend_mode et_section_regular et_block_section\" >\n\t\t\t\t\n\t\t\t\t\n\t\t\t\t\n\t\t\t\t\n\t\t\t\t\n\t\t\t\t\n\t\t\t\t<div class=\"et_d4_element et_pb_row et_pb_row_0  et_pb_css_mix_blend_mode et_block_row\">\n\t\t\t\t<div class=\"et_d4_element et_pb_column_4_4 et_pb_column et_pb_column_0  et_pb_css_mix_blend_mode et-last-child et_block_column\">\n\t\t\t\t\n\t\t\t\t\n\t\t\t\t\n\t\t\t\t\n\t\t\t\t<div class=\"et_pb_module et_d4_element dipl_floating_image dipl_floating_image_0 et_clickable\">\n\t\t\t\t\n\t\t\t\t\n\t\t\t\t\n\t\t\t\t\n\t\t\t\t\n\t\t\t\t\n\t\t\t\t<div class=\"et_pb_module_inner\">\n\t\t\t\t\t<div class=\"dipl_floating_images_wrapper\"><div class=\"et_pb_module et_d4_element dipl_floating_image_item dipl_floating_image_item_0\">\n\t\t\t\t\n\t\t\t\t\n\t\t\t\t\n\t\t\t\t\n\t\t\t\t\n\t\t\t\t\n\t\t\t\t<div class=\"et_pb_module_inner\">\n\t\t\t\t\t<img  title=\"\" decoding=\"async\" data-src=\"https:\/\/www.morzeaniolow.pl\/wp-content\/uploads\/2022\/02\/Artboard-1@4x.png\"  alt=\"Artboard-1@4x 1000 ANIO\u0141\u00d3W\"  data-srcset=\"https:\/\/www.morzeaniolow.pl\/wp-content\/uploads\/2022\/02\/Artboard-1@4x.png 987w, https:\/\/www.morzeaniolow.pl\/wp-content\/uploads\/2022\/02\/Artboard-1@4x-980x453.png 980w, https:\/\/www.morzeaniolow.pl\/wp-content\/uploads\/2022\/02\/Artboard-1@4x-480x222.png 480w\" data-sizes=\"(min-width: 0px) and (max-width: 480px) 480px, (min-width: 481px) and (max-width: 980px) 980px, (min-width: 981px) 987px, 100vw\" src=\"data:image\/gif;base64,R0lGODlhAQABAAAAACH5BAEKAAEALAAAAAABAAEAAAICTAEAOw==\" class=\"lazyload\" style=\"--smush-placeholder-width: 987px; --smush-placeholder-aspect-ratio: 987\/456;\" \/>\n\t\t\t\t<\/div>\n\t\t\t<\/div><\/div>\n\t\t\t\t<\/div>\n\t\t\t<\/div><div class=\"et_pb_module et_d4_element dipl_text_highlighter dipl_text_highlighter_0\">\n\t\t\t\t\n\t\t\t\t\n\t\t\t\t\n\t\t\t\t\n\t\t\t\t\n\t\t\t\t\n\t\t\t\t<div class=\"et_pb_module_inner\">\n\t\t\t\t\t<div class=\"dipl_text_highlighter_wrapper dipl_highlighter_heading dipl_highlight_double_underline \"><h1><span class=\"dipl_text_highlighter_inner_wrapper\"><span class=\"dipl_text_highlighted_content\">1000 Anio\u0142\u00f3w <\/span><?xml version=\"1.0\" encoding=\"utf-8\"?><!-- Generator: Adobe Illustrator 24.3.0, SVG Export Plug-In . SVG Version: 6.00 Build 0)  --><svg version=\"1.1\" xmlns=\"http:\/\/www.w3.org\/2000\/svg\" xmlns:xlink=\"http:\/\/www.w3.org\/1999\/xlink\" x=\"0px\" y=\"0px\" viewBox=\"0 0 176.4 15.3\" style=\"enable-background:new 0 0 176.4 15.3;\" xml:space=\"preserve\"><style type=\"text\/css\">.st0{fill:none;stroke:#231F20;stroke-width:2.5;stroke-linecap:round;stroke-linejoin:round;}<\/style><path class=\"st0\" d=\"M3.7,8.4c0,0,112.2-9,169.3-3.1\"\/><path class=\"st0\" d=\"M12.7,12.2c0,0,92.8-8,149.9-2.7\"\/><\/svg><\/span><span class=\"dipl_text_highlighter_post_inner_wrapper\">&nbsp;o wschodzie s\u0142o\u0144ca 31 maja 2026<\/span><\/h1><\/div>\n\t\t\t\t<\/div>\n\t\t\t<\/div>\n\t\t\t<\/div>\n\t\t\t\t\n\t\t\t\t\n\t\t\t\t\n\t\t\t\t\n\t\t\t<\/div><div class=\"et_d4_element et_pb_row et_pb_row_1 et_pb_equal_columns et_pb_gutters1  et_pb_css_mix_blend_mode et_block_row\">\n\t\t\t\t<div class=\"et_d4_element et_pb_column_1_2 et_pb_column et_pb_column_1  et_pb_css_mix_blend_mode et_block_column\">\n\t\t\t\t\n\t\t\t\t\n\t\t\t\t\n\t\t\t\t\n\t\t\t\t<div class=\"et_pb_module et_d4_element et_pb_image et_pb_image_0\">\n\t\t\t\t\n\t\t\t\t\n\t\t\t\t\n\t\t\t\t\n\t\t\t\t<span class=\"et_pb_image_wrap \"><img decoding=\"async\" width=\"2560\" height=\"1441\" data-src=\"https:\/\/www.morzeaniolow.pl\/wp-content\/uploads\/2025\/12\/20240601_041650-scaled.jpg\"  alt=\"20240601_041650-scaled 1000 ANIO\u0141\u00d3W\"   title=\"\"  data-srcset=\"https:\/\/www.morzeaniolow.pl\/wp-content\/uploads\/2025\/12\/20240601_041650-scaled.jpg 2560w, https:\/\/www.morzeaniolow.pl\/wp-content\/uploads\/2025\/12\/20240601_041650-1280x721.jpg 1280w, https:\/\/www.morzeaniolow.pl\/wp-content\/uploads\/2025\/12\/20240601_041650-980x552.jpg 980w, https:\/\/www.morzeaniolow.pl\/wp-content\/uploads\/2025\/12\/20240601_041650-480x270.jpg 480w\" data-sizes=\"(min-width: 0px) and (max-width: 480px) 480px, (min-width: 481px) and (max-width: 980px) 980px, (min-width: 981px) and (max-width: 1280px) 1280px, (min-width: 1281px) 2560px, 100vw\" class=\"wp-image-12260 lazyload\" src=\"data:image\/gif;base64,R0lGODlhAQABAAAAACH5BAEKAAEALAAAAAABAAEAAAICTAEAOw==\" style=\"--smush-placeholder-width: 2560px; --smush-placeholder-aspect-ratio: 2560\/1441;\" \/><\/span>\n\t\t\t<\/div>\n\t\t\t<\/div><div class=\"et_d4_element et_pb_column_1_2 et_pb_column et_pb_column_2  et_pb_css_mix_blend_mode et-last-child et_block_column\">\n\t\t\t\t\n\t\t\t\t\n\t\t\t\t\n\t\t\t\t\n\t\t\t\t<div class=\"et_pb_module et_d4_element et_pb_text et_pb_text_0  et_pb_text_align_left et_pb_bg_layout_light\">\n\t\t\t\t\n\t\t\t\t\n\t\t\t\t\n\t\t\t\t\n\t\t\t\t<div class=\"et_pb_text_inner\"><p><span style=\"color: #d4af37;\"><strong>Zapraszamy<\/strong><\/span>\u00a0 31 maja 2026 roku do wej\u015bcia do wody i tym samym wzi\u0119cia udzia\u0142u w charytatywnej akcji 1000 Anio\u0142\u00f3w o wschodzie s\u0142o\u0144ca.<\/p>\n<p>Dotychczas na <span style=\"color: #d4af37;\"><a href=\"https:\/\/pomorzedzieciom.pl\/\" target=\"_blank\" rel=\"noopener\" style=\"color: #d4af37;\">Hospicjum Pomorze Dzieciom<\/a><\/span> zebrali\u015bmy:<\/p>\n<p>Rok 2025: <span style=\"color: #d4af37;\"><strong>101.620 z\u0142<\/strong><\/span>, 1.603 zarejestrowanych Anio\u0142\u00f3w z ca\u0142ego \u015bwiata<br \/>Rok 2024: <span style=\"color: #d4af37;\"><strong>71.078 z\u0142<\/strong><\/span>, 1.433 zarejestrowanych Anio\u0142\u00f3w z ca\u0142ego \u015bwiata<br \/>Rok 2023: <span style=\"color: #d4af37;\"><strong>53.472 z\u0142<\/strong><\/span>, 1.155 zarejestrowanych Anio\u0142\u00f3w z ca\u0142ego \u015bwiata<br \/>Rok 2022: <span style=\"color: #d4af37;\"><strong>49.137 z\u0142<\/strong><\/span>, \u00a0962 Anio\u0142\u00f3w<br \/>Rok 2021: <span style=\"color: #d4af37;\"><strong>58.712 z\u0142<\/strong><\/span>, 1.170 Anio\u0142\u00f3w<br \/>Rok 2020: <span style=\"color: #d4af37;\"><strong>3.500 z\u0142<\/strong><\/span>, 153 Anio\u0142\u00f3w<\/p><\/div>\n\t\t\t<\/div>\n\t\t\t<\/div>\n\t\t\t\t\n\t\t\t\t\n\t\t\t\t\n\t\t\t\t\n\t\t\t<\/div><div class=\"et_d4_element et_pb_row et_pb_row_2 et_pb_gutters1  et_pb_css_mix_blend_mode et_block_row\">\n\t\t\t\t<div class=\"et_d4_element et_pb_column_1_2 et_pb_column et_pb_column_3  et_pb_css_mix_blend_mode et_block_column\">\n\t\t\t\t\n\t\t\t\t\n\t\t\t\t\n\t\t\t\t\n\t\t\t\t<div class=\"et_pb_module et_d4_element et_pb_text et_pb_text_1 et_animated  et_pb_text_align_justified et_pb_bg_layout_light\">\n\t\t\t\t\n\t\t\t\t\n\t\t\t\t\n\t\t\t\t\n\t\t\t\t<div class=\"et_pb_text_inner\"><p><span style=\"color: #ff9900;\"><strong><\/strong><span style=\"color: #d4af37;\"><strong>\u017beby zosta\u0107 Anio\u0142em wystarczy zarejestrowa\u0107<\/strong><\/span><\/span> si\u0119 i wp\u0142aci\u0107 datek, kt\u00f3ry bezpo\u015brednio wp\u0142ywa na konto Hospicjum Pomorze Dzieciom. Pomaganie dodaje skrzyde\u0142. Niech dobro si\u0119 niesie!<\/p>\n<p>&nbsp;<\/p>\n<p>Je\u017celi nie mo\u017cesz by\u0107 z nami tego dnia w Sopocie, zapraszamy Ci\u0119 do wej\u015bcia do wody w swojej okolicy.<\/p>\n<p>Mo\u017cesz zaprosi\u0107 lub zainspirowa\u0107 inne osoby i zorganizowa\u0107 wsp\u00f3lne wej\u015bcie do wody.<\/p>\n<p>Je\u017celi nie masz mo\u017cliwo\u015bci wej\u015bcia do wody mo\u017cesz do\u0142\u0105czy\u0107 \u0142\u0105cz\u0105c si\u0119 z nami intencj\u0105 pokoju i wolno\u015bci w godzinie wschodu s\u0142o\u0144ca.<\/p><\/div>\n\t\t\t<\/div>\n\t\t\t<\/div><div class=\"et_d4_element et_pb_column_1_2 et_pb_column et_pb_column_4  et_pb_css_mix_blend_mode et-last-child et_block_column\">\n\t\t\t\t\n\t\t\t\t\n\t\t\t\t\n\t\t\t\t\n\t\t\t\t<div class=\"et_pb_module et_d4_element et_pb_image et_pb_image_1\">\n\t\t\t\t\n\t\t\t\t\n\t\t\t\t\n\t\t\t\t\n\t\t\t\t<span class=\"et_pb_image_wrap \"><img decoding=\"async\" data-src=\"https:\/\/www.morzeaniolow.pl\/wp-content\/uploads\/2020\/09\/Morze-Anio\u0142\u00f3w_UBUNTU-QUANTUM_004-scaled.jpg\"  alt=\"Morze-Anio\u0142\u00f3w_UBUNTU-QUANTUM_004-scaled 1000 ANIO\u0141\u00d3W\"   title=\"\" src=\"data:image\/gif;base64,R0lGODlhAQABAAAAACH5BAEKAAEALAAAAAABAAEAAAICTAEAOw==\" class=\"lazyload\" style=\"--smush-placeholder-width: 2560px; --smush-placeholder-aspect-ratio: 2560\/1695;\" \/><\/span>\n\t\t\t<\/div>\n\t\t\t<\/div>\n\t\t\t\t\n\t\t\t\t\n\t\t\t\t\n\t\t\t\t\n\t\t\t<\/div><div class=\"et_d4_element et_pb_row et_pb_row_3 et_pb_equal_columns et_pb_gutters1  et_pb_css_mix_blend_mode et_block_row\">\n\t\t\t\t<div class=\"et_d4_element et_pb_column_1_2 et_pb_column et_pb_column_5  et_pb_css_mix_blend_mode et_block_column\">\n\t\t\t\t\n\t\t\t\t\n\t\t\t\t\n\t\t\t\t\n\t\t\t\t<div class=\"et_pb_module et_d4_element et_pb_image et_pb_image_2\">\n\t\t\t\t\n\t\t\t\t\n\t\t\t\t\n\t\t\t\t\n\t\t\t\t<span class=\"et_pb_image_wrap \"><img decoding=\"async\" width=\"2560\" height=\"1441\" data-src=\"https:\/\/www.morzeaniolow.pl\/wp-content\/uploads\/2025\/12\/20240601_041425-scaled.jpg\"  alt=\"20240601_041425-scaled 1000 ANIO\u0141\u00d3W\"   title=\"\"  data-srcset=\"https:\/\/www.morzeaniolow.pl\/wp-content\/uploads\/2025\/12\/20240601_041425-scaled.jpg 2560w, https:\/\/www.morzeaniolow.pl\/wp-content\/uploads\/2025\/12\/20240601_041425-1280x721.jpg 1280w, https:\/\/www.morzeaniolow.pl\/wp-content\/uploads\/2025\/12\/20240601_041425-980x552.jpg 980w, https:\/\/www.morzeaniolow.pl\/wp-content\/uploads\/2025\/12\/20240601_041425-480x270.jpg 480w\" data-sizes=\"(min-width: 0px) and (max-width: 480px) 480px, (min-width: 481px) and (max-width: 980px) 980px, (min-width: 981px) and (max-width: 1280px) 1280px, (min-width: 1281px) 2560px, 100vw\" class=\"wp-image-12261 lazyload\" src=\"data:image\/gif;base64,R0lGODlhAQABAAAAACH5BAEKAAEALAAAAAABAAEAAAICTAEAOw==\" style=\"--smush-placeholder-width: 2560px; --smush-placeholder-aspect-ratio: 2560\/1441;\" \/><\/span>\n\t\t\t<\/div>\n\t\t\t<\/div><div class=\"et_d4_element et_pb_column_1_2 et_pb_column et_pb_column_6  et_pb_css_mix_blend_mode et-last-child et_block_column\">\n\t\t\t\t\n\t\t\t\t\n\t\t\t\t\n\t\t\t\t\n\t\t\t\t<div class=\"et_pb_module et_d4_element et_pb_text et_pb_text_2  et_pb_text_align_left et_pb_bg_layout_light\">\n\t\t\t\t\n\t\t\t\t\n\t\t\t\t\n\t\t\t\t\n\t\t\t\t<div class=\"et_pb_text_inner\"><p><span style=\"color: #d4af37;\"><strong>Morza Anio\u0142\u00f3w jest inicjatyw\u0105 spo\u0142eczn\u0105, kt\u00f3ra \u0142\u0105czy ludzi<\/strong>.<\/span> To spo\u0142eczno\u015b\u0107, kt\u00f3ra praktykuje codziennie k\u0105piele w zimnym Ba\u0142tyku o wschodzie S\u0142o\u0144ca. Inspiruje do dbania o siebie i o innych, do zdrowych praktyk, do \u015bwiadomego obcowania z natur\u0105 i z zimnem, kt\u00f3re maj\u0105 dzia\u0142anie terapeutyczne.<\/p>\n<p>Inspiruje do pomagania bo \"Nigdy nie wiesz kto dla Ciebie stanie si\u0119 Anio\u0142em a a dla kogo staniesz si\u0119 nim Ty.\"<\/p>\n<p>Jeste\u015bmy codziennie o wschodzie s\u0142o\u0144ca na pla\u017cy przy wej\u015bciu nr 28 w Sopocie.<\/p>\n<p>Zapraszamy \ud83d\udc99<\/p>\n<p>Pomaganie dodaje skrzyde\u0142 \ud83d\udc99<\/p>\n<p>&nbsp;<\/p>\n<p>&nbsp;<\/p><\/div>\n\t\t\t<\/div>\n\t\t\t<\/div>\n\t\t\t\t\n\t\t\t\t\n\t\t\t\t\n\t\t\t\t\n\t\t\t<\/div><div class=\"et_d4_element et_pb_row et_pb_row_4  et_pb_css_mix_blend_mode et_block_row\">\n\t\t\t\t<div class=\"et_d4_element et_pb_column_1_4 et_pb_column et_pb_column_7  et_pb_css_mix_blend_mode et_block_column\">\n\t\t\t\t\n\t\t\t\t\n\t\t\t\t\n\t\t\t\t\n\t\t\t\t<div class=\"et_pb_module et_d4_element et_pb_video et_pb_video_0\">\n\t\t\t\t\n\t\t\t\t\n\t\t\t\t\n\t\t\t\t\n\t\t\t\t<div class=\"et_pb_video_box\"><iframe title=\"Morze Anio\u0142\u00f3w 1.06.2020 - w intencji WOLNO\u015aCI\" width=\"1080\" height=\"608\" data-src=\"https:\/\/www.youtube.com\/embed\/fcAGz9IziuI?feature=oembed\"  allow=\"accelerometer; autoplay; clipboard-write; encrypted-media; gyroscope; picture-in-picture; web-share\" referrerpolicy=\"strict-origin-when-cross-origin\" allowfullscreen src=\"data:image\/gif;base64,R0lGODlhAQABAAAAACH5BAEKAAEALAAAAAABAAEAAAICTAEAOw==\" class=\"lazyload\" data-load-mode=\"1\"><\/iframe><\/div>\n\t\t\t\t\n\t\t\t<\/div>\n\t\t\t<\/div><div class=\"et_d4_element et_pb_column_1_4 et_pb_column et_pb_column_8  et_pb_css_mix_blend_mode et_block_column\">\n\t\t\t\t\n\t\t\t\t\n\t\t\t\t\n\t\t\t\t\n\t\t\t\t<div class=\"et_pb_module et_d4_element et_pb_video et_pb_video_1\">\n\t\t\t\t\n\t\t\t\t\n\t\t\t\t\n\t\t\t\t\n\t\t\t\t<div class=\"et_pb_video_box\"><iframe title=\"1000 Aniolow 1 czerwca 2021\" width=\"1080\" height=\"608\" data-src=\"https:\/\/www.youtube.com\/embed\/lOJyMrLx6s0?feature=oembed\"  allow=\"accelerometer; autoplay; clipboard-write; encrypted-media; gyroscope; picture-in-picture; web-share\" referrerpolicy=\"strict-origin-when-cross-origin\" allowfullscreen src=\"data:image\/gif;base64,R0lGODlhAQABAAAAACH5BAEKAAEALAAAAAABAAEAAAICTAEAOw==\" class=\"lazyload\" data-load-mode=\"1\"><\/iframe><\/div>\n\t\t\t\t\n\t\t\t<\/div>\n\t\t\t<\/div><div class=\"et_d4_element et_pb_column_1_4 et_pb_column et_pb_column_9  et_pb_css_mix_blend_mode et_block_column\">\n\t\t\t\t\n\t\t\t\t\n\t\t\t\t\n\t\t\t\t\n\t\t\t\t<div class=\"et_pb_module et_d4_element et_pb_video et_pb_video_2\">\n\t\t\t\t\n\t\t\t\t\n\t\t\t\t\n\t\t\t\t\n\t\t\t\t<div class=\"et_pb_video_box\"><iframe title=\"1000 Aniolow o wschodzie s\u0142o\u0144ca 2023\" width=\"1080\" height=\"608\" data-src=\"https:\/\/www.youtube.com\/embed\/Ux3hNFs_q_g?feature=oembed\"  allow=\"accelerometer; autoplay; clipboard-write; encrypted-media; gyroscope; picture-in-picture; web-share\" referrerpolicy=\"strict-origin-when-cross-origin\" allowfullscreen src=\"data:image\/gif;base64,R0lGODlhAQABAAAAACH5BAEKAAEALAAAAAABAAEAAAICTAEAOw==\" class=\"lazyload\" data-load-mode=\"1\"><\/iframe><\/div>\n\t\t\t\t\n\t\t\t<\/div>\n\t\t\t<\/div><div class=\"et_d4_element et_pb_column_1_4 et_pb_column et_pb_column_10  et_pb_css_mix_blend_mode et-last-child et_block_column\">\n\t\t\t\t\n\t\t\t\t\n\t\t\t\t\n\t\t\t\t\n\t\t\t\t<div class=\"et_pb_module et_d4_element et_pb_video et_pb_video_3\">\n\t\t\t\t\n\t\t\t\t\n\t\t\t\t\n\t\t\t\t\n\t\t\t\t<div class=\"et_pb_video_box\"><iframe title=\"1000 Anio\u0142\u00f3w o  wschodzie s\u0142o\u0144ca 2024 wydarzenie charytatywne Morza Anio\u0142\u00f3w. V edycja\" width=\"1080\" height=\"608\" data-src=\"https:\/\/www.youtube.com\/embed\/A_iVPMFa4uc?feature=oembed\"  allow=\"accelerometer; autoplay; clipboard-write; encrypted-media; gyroscope; picture-in-picture; web-share\" referrerpolicy=\"strict-origin-when-cross-origin\" allowfullscreen src=\"data:image\/gif;base64,R0lGODlhAQABAAAAACH5BAEKAAEALAAAAAABAAEAAAICTAEAOw==\" class=\"lazyload\" data-load-mode=\"1\"><\/iframe><\/div>\n\t\t\t\t\n\t\t\t<\/div>\n\t\t\t<\/div>\n\t\t\t\t\n\t\t\t\t\n\t\t\t\t\n\t\t\t\t\n\t\t\t<\/div>\n\t\t\t\t\n\t\t\t\t\n\t\t\t<\/div>\n","protected":false},"excerpt":{"rendered":"","protected":false},"author":1,"featured_media":0,"parent":0,"menu_order":0,"comment_status":"closed","ping_status":"closed","template":"","meta":{"_acf_changed":false,"_et_pb_use_builder":"on","_et_pb_old_content":"","_et_gb_content_width":"","footnotes":""},"class_list":["post-5844","page","type-page","status-publish","hentry"],"acf":[],"_links":{"self":[{"href":"https:\/\/www.morzeaniolow.pl\/index.php\/wp-json\/wp\/v2\/pages\/5844","targetHints":{"allow":["GET"]}}],"collection":[{"href":"https:\/\/www.morzeaniolow.pl\/index.php\/wp-json\/wp\/v2\/pages"}],"about":[{"href":"https:\/\/www.morzeaniolow.pl\/index.php\/wp-json\/wp\/v2\/types\/page"}],"author":[{"embeddable":true,"href":"https:\/\/www.morzeaniolow.pl\/index.php\/wp-json\/wp\/v2\/users\/1"}],"replies":[{"embeddable":true,"href":"https:\/\/www.morzeaniolow.pl\/index.php\/wp-json\/wp\/v2\/comments?post=5844"}],"version-history":[{"count":78,"href":"https:\/\/www.morzeaniolow.pl\/index.php\/wp-json\/wp\/v2\/pages\/5844\/revisions"}],"predecessor-version":[{"id":12270,"href":"https:\/\/www.morzeaniolow.pl\/index.php\/wp-json\/wp\/v2\/pages\/5844\/revisions\/12270"}],"wp:attachment":[{"href":"https:\/\/www.morzeaniolow.pl\/index.php\/wp-json\/wp\/v2\/media?parent=5844"}],"curies":[{"name":"wp","href":"https:\/\/api.w.org\/{rel}","templated":true}]}}