{"id":6148,"date":"2021-04-22T08:53:49","date_gmt":"2021-04-22T07:53:49","guid":{"rendered":"https:\/\/www.morzeaniolow.pl\/?page_id=6148"},"modified":"2026-04-04T09:26:52","modified_gmt":"2026-04-04T08:26:52","slug":"pytania-i-odpowiedzi","status":"publish","type":"page","link":"https:\/\/www.morzeaniolow.pl\/index.php\/pytania-i-odpowiedzi\/","title":{"rendered":"PYTANIA I ODPOWIEDZI"},"content":{"rendered":"<div class=\"et_pb_section_0 et_pb_section et_pb_fullwidth_section et_section_regular et_block_section\">\n<div class=\"et_pb_fullwidth_image_0 et_pb_fullwidth_image et_pb_module\"><img  alt=\"podklad_fotro-scaled PYTANIA I ODPOWIEDZI\" decoding=\"async\" data-src=\"https:\/\/www.morzeaniolow.pl\/wp-content\/uploads\/2021\/04\/podklad_fotro-scaled.jpg\" width=\"2560\" height=\"460\" data-srcset=\"https:\/\/www.morzeaniolow.pl\/wp-content\/uploads\/2021\/04\/podklad_fotro-scaled.jpg 2560w, https:\/\/www.morzeaniolow.pl\/wp-content\/uploads\/2021\/04\/podklad_fotro-1280x230.jpg 1280w, https:\/\/www.morzeaniolow.pl\/wp-content\/uploads\/2021\/04\/podklad_fotro-980x176.jpg 980w, https:\/\/www.morzeaniolow.pl\/wp-content\/uploads\/2021\/04\/podklad_fotro-480x86.jpg 480w\" data-sizes=\"(min-width: 0px) and (max-width: 480px) 480px, (min-width: 481px) and (max-width: 980px) 980px, (min-width: 981px) and (max-width: 1280px) 1280px, (min-width: 1281px) 2560px, 100vw\" class=\"wp-image-6151 lazyload\"  title=\"\" src=\"data:image\/gif;base64,R0lGODlhAQABAAAAACH5BAEKAAEALAAAAAABAAEAAAICTAEAOw==\" style=\"--smush-placeholder-width: 2560px; --smush-placeholder-aspect-ratio: 2560\/460;\" \/><\/div>\n<\/div>\n\n<div class=\"et_pb_section_1 et_pb_section et_section_regular et_block_section\">\n<div class=\"et_pb_row_0 et_pb_row et_block_row\">\n<div class=\"et_pb_column_0 et_pb_column et_pb_column_4_4 et-last-child et_block_column et_pb_css_mix_blend_mode_passthrough\">\n\n<div class=\"et_pb_module et_d4_element dipl_text_highlighter dipl_text_highlighter_0\">\n\t\t\t\t\n\t\t\t\t\n\t\t\t\t\n\t\t\t\t\n\t\t\t\t\n\t\t\t\t\n\t\t\t\t<div class=\"et_pb_module_inner\">\n\t\t\t\t\t<div class=\"dipl_text_highlighter_wrapper dipl_highlighter_text dipl_highlight_double_underline \"><span class=\"dipl_text_highlighter_inner_wrapper\"><span class=\"dipl_text_highlighted_content\">PYTANIA I ODPOWIEDZI<\/span><?xml version=\"1.0\" encoding=\"utf-8\"?><!-- Generator: Adobe Illustrator 24.3.0, SVG Export Plug-In . SVG Version: 6.00 Build 0)  --><svg version=\"1.1\" xmlns=\"http:\/\/www.w3.org\/2000\/svg\" xmlns:xlink=\"http:\/\/www.w3.org\/1999\/xlink\" x=\"0px\" y=\"0px\" viewBox=\"0 0 176.4 15.3\" style=\"enable-background:new 0 0 176.4 15.3;\" xml:space=\"preserve\"><style type=\"text\/css\">.st0{fill:none;stroke:#231F20;stroke-width:2.5;stroke-linecap:round;stroke-linejoin:round;}<\/style><path class=\"st0\" d=\"M3.7,8.4c0,0,112.2-9,169.3-3.1\"\/><path class=\"st0\" d=\"M12.7,12.2c0,0,92.8-8,149.9-2.7\"\/><\/svg><\/span><\/div>\n\t\t\t\t<\/div>\n\t\t\t<\/div>\n\n\n\n<div class=\"et_pb_module et_d4_element dipl_faq_page_schema dipl_faq_page_schema_0\">\n\t\t\t\t<div class=\"dipl_faq_wrapper dipl_faq_accordion dipl_faq_col_2 \" itemscope itemtype=\"https:\/\/schema.org\/FAQPage\"><div class=\"et_pb_module et_d4_element dipl_faq_page_schema_item dipl_faq_page_schema_item_0\">\n\t\t\t\t<div class=\"dipl_faq_item_wrapper\" itemscope itemprop=\"mainEntity\" itemtype=\"https:\/\/schema.org\/Question\">\n                <div class=\"dipl_question_wrapper\"><h4 itemprop=\"name\">Jak zapisa\u0107 si\u0119 na 1000 Anio\u0142\u00f3w ?<\/h4><\/div>\n                <div class=\"dipl_answer_wrapper\" itemscope itemprop=\"acceptedAnswer\" itemtype=\"https:\/\/schema.org\/Answer\"><div itemprop=\"text\"><p><span>Aby zapisa\u0107 si\u0119 na wydarzenie nale\u017cy posiada\u0107 konto lub przej\u015b\u0107 proces rejestracji konta na elektronicznych zapisach. Nast\u0119pnie mo\u017cna przej\u015b\u0107 do zapisu na wydarzenie.<\/span><\/p>\n<p><span>Instrukcj\u0119 znajdziesz\u00a0<\/span> <a href=\"https:\/\/www.instagram.com\/reel\/C4alR66INdm\/?igsh=MTBkaGRudzVvZm10ZQ==\" target=\"_blank\" rel=\"noopener noreferrer\">TUTAJ<\/a><\/p><\/div><\/div>\n            <\/div>\n\t\t\t<\/div><div class=\"et_pb_module et_d4_element dipl_faq_page_schema_item dipl_faq_page_schema_item_1\">\n\t\t\t\t<div class=\"dipl_faq_item_wrapper\" itemscope itemprop=\"mainEntity\" itemtype=\"https:\/\/schema.org\/Question\">\n                <div class=\"dipl_question_wrapper\"><h4 itemprop=\"name\">Jak sprawdzi\u0107 czy si\u0119 zarejestrowa\u0142am\/em<\/h4><\/div>\n                <div class=\"dipl_answer_wrapper\" itemscope itemprop=\"acceptedAnswer\" itemtype=\"https:\/\/schema.org\/Answer\"><div itemprop=\"text\"><p>Wystarczy wej\u015b\u0107 na stron\u0119<br \/><a href=\"https:\/\/elektronicznezapisy.pl\/event\/i00644k3d0v0g127w6z475f7e7j8v4d9\/clients.html\">LINK<\/a><\/p>\n<p>i znale\u017a\u0107 swoje imi\u0119 i nazwisko na li\u015bcie \u2013 je\u017celi nie twoich danych na li\u015bcie, to znaczy, \u017ce rejestracja nie dosz\u0142a do skutku. Warto r\u00f3wnie\u017c sprawdzi\u0107 w kolumnie \"do zap\u0142aty\u201d czy p\u0142atno\u015b\u0107 po rejestracji zosta\u0142a dokonana. Je\u017celi nie mo\u017cna jej dokona\u0107 klikaj\u0105c na przycisk wybranej wcze\u015bniej kwoty.<br \/><img  title=\"\" decoding=\"async\" class=\"wp-image-7082 alignnone size-full lazyload\" data-src=\"https:\/\/www.morzeaniolow.pl\/wp-content\/uploads\/2022\/05\/platnosc.jpg\"  alt=\"platnosc PYTANIA I ODPOWIEDZI\"  width=\"853\" height=\"458\" data-srcset=\"https:\/\/www.morzeaniolow.pl\/wp-content\/uploads\/2022\/05\/platnosc.jpg 853w, https:\/\/www.morzeaniolow.pl\/wp-content\/uploads\/2022\/05\/platnosc-480x258.jpg 480w\" data-sizes=\"(min-width: 0px) and (max-width: 480px) 480px, (min-width: 481px) 853px, 100vw\" src=\"data:image\/gif;base64,R0lGODlhAQABAAAAACH5BAEKAAEALAAAAAABAAEAAAICTAEAOw==\" style=\"--smush-placeholder-width: 853px; --smush-placeholder-aspect-ratio: 853\/458;\" \/><\/p>\n<p>&nbsp;<\/p><\/div><\/div>\n            <\/div>\n\t\t\t<\/div><div class=\"et_pb_module et_d4_element dipl_faq_page_schema_item dipl_faq_page_schema_item_2\">\n\t\t\t\t<div class=\"dipl_faq_item_wrapper\" itemscope itemprop=\"mainEntity\" itemtype=\"https:\/\/schema.org\/Question\">\n                <div class=\"dipl_question_wrapper\"><h4 itemprop=\"name\">Jak pobra\u0107 numer startowy<\/h4><\/div>\n                <div class=\"dipl_answer_wrapper\" itemscope itemprop=\"acceptedAnswer\" itemtype=\"https:\/\/schema.org\/Answer\"><div itemprop=\"text\"><p>Numer startowy mo\u017cemy pobra\u0107 dopiero po jego wygenerowaniu (w ci\u0105gu 1-2 dni, od momentu op\u0142aconej rejestracji).<\/p>\n<p>Numer pojawi si\u0119 na stronie <a href=\"https:\/\/elektronicznezapisy.pl\/event\/i00644k3d0v0g127w6z475f7e7j8v4d9\/clients.html\">Listy uczestnik\u00f3w\u00a0 <\/a>w drugiej kolumnie \u201cNumer\u201d tu\u017c przy wprowadzonych danych (imi\u0119 i nazwisko)<\/p>\n<p>&nbsp;<\/p>\n<p><img  title=\"\" decoding=\"async\" data-src=\"https:\/\/www.morzeaniolow.pl\/wp-content\/uploads\/2022\/05\/numer1000-1024x53.jpg\"  alt=\"numer1000-1024x53 PYTANIA I ODPOWIEDZI\"  class=\"wp-image-6991 alignnone size-large lazyload\" width=\"1024\" height=\"53\" data-srcset=\"https:\/\/www.morzeaniolow.pl\/wp-content\/uploads\/2022\/05\/numer1000-1024x53.jpg 1024w, https:\/\/www.morzeaniolow.pl\/wp-content\/uploads\/2022\/05\/numer1000-980x50.jpg 980w, https:\/\/www.morzeaniolow.pl\/wp-content\/uploads\/2022\/05\/numer1000-480x25.jpg 480w\" data-sizes=\"(min-width: 0px) and (max-width: 480px) 480px, (min-width: 481px) and (max-width: 980px) 980px, (min-width: 981px) 1024px, 100vw\" src=\"data:image\/gif;base64,R0lGODlhAQABAAAAACH5BAEKAAEALAAAAAABAAEAAAICTAEAOw==\" style=\"--smush-placeholder-width: 1024px; --smush-placeholder-aspect-ratio: 1024\/53;\" \/><\/p>\n<p>Klikaj\u0105c na numer, mo\u017cemy go pobra\u0107 w formacie pdf.<\/p>\n<p>Mo\u017cesz r\u00f3wnie\u017c uzyska\u0107 numer w wersji jpg (do wykorzystania na Facebook) wtedy nale\u017cy skorzysta\u0107 z darmowego konwertera online na <a href=\"https:\/\/www.adobe.com\/pl\/acrobat\/online\/pdf-to-jpg.html\">stronie Adoba.<\/a> Wchodzimy na stron\u0119 \u2013 klikamy wybierz plik-\u00a0 i wybieramy pdf-a z pobranym numerem lub przeci\u0105gamy go na okno<img  title=\"\" decoding=\"async\" data-src=\"https:\/\/www.morzeaniolow.pl\/wp-content\/uploads\/2022\/05\/numer1000_2-1024x429.jpg\"  alt=\"numer1000_2-1024x429 PYTANIA I ODPOWIEDZI\"  class=\"wp-image-6992 alignnone size-large lazyload\" width=\"1024\" height=\"429\" data-srcset=\"https:\/\/www.morzeaniolow.pl\/wp-content\/uploads\/2022\/05\/numer1000_2-980x411.jpg 980w, https:\/\/www.morzeaniolow.pl\/wp-content\/uploads\/2022\/05\/numer1000_2-480x201.jpg 480w\" data-sizes=\"(min-width: 0px) and (max-width: 480px) 480px, (min-width: 481px) and (max-width: 980px) 980px, (min-width: 981px) 1024px, 100vw\" src=\"data:image\/gif;base64,R0lGODlhAQABAAAAACH5BAEKAAEALAAAAAABAAEAAAICTAEAOw==\" style=\"--smush-placeholder-width: 1024px; --smush-placeholder-aspect-ratio: 1024\/429;\" \/><\/p>\n<p>&nbsp;<\/p>\n<p>Nast\u0119pnie nacikamy przycisk - Konwertuj na format jpg.<\/p>\n<p>Plik gotowy do pobrania<\/p>\n<p><img  title=\"\" decoding=\"async\" data-src=\"https:\/\/www.morzeaniolow.pl\/wp-content\/uploads\/2022\/05\/numer1000_3-1024x440.jpg\"  alt=\"numer1000_3-1024x440 PYTANIA I ODPOWIEDZI\"  class=\"wp-image-6993 alignnone size-large lazyload\" width=\"1024\" height=\"440\" data-srcset=\"https:\/\/www.morzeaniolow.pl\/wp-content\/uploads\/2022\/05\/numer1000_3-1024x440.jpg 1024w, https:\/\/www.morzeaniolow.pl\/wp-content\/uploads\/2022\/05\/numer1000_3-980x421.jpg 980w, https:\/\/www.morzeaniolow.pl\/wp-content\/uploads\/2022\/05\/numer1000_3-480x206.jpg 480w\" data-sizes=\"(min-width: 0px) and (max-width: 480px) 480px, (min-width: 481px) and (max-width: 980px) 980px, (min-width: 981px) 1024px, 100vw\" src=\"data:image\/gif;base64,R0lGODlhAQABAAAAACH5BAEKAAEALAAAAAABAAEAAAICTAEAOw==\" style=\"--smush-placeholder-width: 1024px; --smush-placeholder-aspect-ratio: 1024\/440;\" \/><\/p>\n<p>Plik pobiera si\u0119 w spakowanym formacie zip. Nale\u017cy wypakowa\u0107 zdj\u0119cie i mo\u017cna je ju\u017c wykorzysta\u0107 na swoim FB.<\/p><\/div><\/div>\n            <\/div>\n\t\t\t<\/div><div class=\"et_pb_module et_d4_element dipl_faq_page_schema_item dipl_faq_page_schema_item_3\">\n\t\t\t\t<div class=\"dipl_faq_item_wrapper\" itemscope itemprop=\"mainEntity\" itemtype=\"https:\/\/schema.org\/Question\">\n                <div class=\"dipl_question_wrapper\"><h4 itemprop=\"name\">Jak op\u0142aci\u0107 zarejestrowanego u\u017cytkownika online ?<\/h4><\/div>\n                <div class=\"dipl_answer_wrapper\" itemscope itemprop=\"acceptedAnswer\" itemtype=\"https:\/\/schema.org\/Answer\"><div itemprop=\"text\"><p>Czasem podczas procesu rejestracji p\u0142atno\u015b\u0107 nie dochodzi do skutku. Mo\u017cna j\u0105 powt\u00f3rzy\u0107 na zarejestrowanym u\u017cytkowniku przechodz\u0105c na <a href=\"https:\/\/elektronicznezapisy.pl\/event\/i00644k3d0v0g127w6z475f7e7j8v4d9\/clients.html\">STRON\u0118 z list\u0105 uczestnik\u00f3w<\/a><\/p>\n<p>Na li\u015bcie znajdujemy swoje nazwisko i w kolumnie \u201cdo zap\u0142aty\u201d klikamy na kwot\u0119 p\u0142atno\u015bci.<\/p>\n<p>&nbsp;<\/p>\n<p><img  title=\"\" decoding=\"async\" data-src=\"https:\/\/www.morzeaniolow.pl\/wp-content\/uploads\/2022\/05\/platnosc.jpg\"  alt=\"platnosc PYTANIA I ODPOWIEDZI\"  class=\"wp-image-7082 alignnone size-full lazyload\" width=\"853\" height=\"458\" data-srcset=\"https:\/\/www.morzeaniolow.pl\/wp-content\/uploads\/2022\/05\/platnosc.jpg 853w, https:\/\/www.morzeaniolow.pl\/wp-content\/uploads\/2022\/05\/platnosc-480x258.jpg 480w\" data-sizes=\"(min-width: 0px) and (max-width: 480px) 480px, (min-width: 481px) 853px, 100vw\" src=\"data:image\/gif;base64,R0lGODlhAQABAAAAACH5BAEKAAEALAAAAAABAAEAAAICTAEAOw==\" style=\"--smush-placeholder-width: 853px; --smush-placeholder-aspect-ratio: 853\/458;\" \/><\/p>\n<p>Poka\u017ce nam si\u0119 okno gdzie mo\u017cemy dokona\u0107 p\u0142atno\u015bci online tpay.<\/p>\n<p><img  title=\"\" decoding=\"async\" data-src=\"https:\/\/www.morzeaniolow.pl\/wp-content\/uploads\/2022\/05\/platnosc0.jpg\"  alt=\"platnosc0 PYTANIA I ODPOWIEDZI\"  class=\"wp-image-7089 alignnone size-full lazyload\" width=\"633\" height=\"800\" data-srcset=\"https:\/\/www.morzeaniolow.pl\/wp-content\/uploads\/2022\/05\/platnosc0.jpg 633w, https:\/\/www.morzeaniolow.pl\/wp-content\/uploads\/2022\/05\/platnosc0-480x607.jpg 480w\" data-sizes=\"(min-width: 0px) and (max-width: 480px) 480px, (min-width: 481px) 633px, 100vw\" src=\"data:image\/gif;base64,R0lGODlhAQABAAAAACH5BAEKAAEALAAAAAABAAEAAAICTAEAOw==\" style=\"--smush-placeholder-width: 633px; --smush-placeholder-aspect-ratio: 633\/800;\" \/><\/p>\n<p>&nbsp;<\/p>\n<p>Dla przelew\u00f3w w EURO z zagranicy wybieramy w przelewach online \u2013 przelew SEPA.<\/p>\n<p><img  title=\"\" decoding=\"async\" data-src=\"https:\/\/www.morzeaniolow.pl\/wp-content\/uploads\/2022\/05\/platnosc1.jpg\"  alt=\"platnosc1 PYTANIA I ODPOWIEDZI\"  class=\"wp-image-7090 alignnone size-full lazyload\" width=\"613\" height=\"833\" data-srcset=\"https:\/\/www.morzeaniolow.pl\/wp-content\/uploads\/2022\/05\/platnosc1.jpg 613w, https:\/\/www.morzeaniolow.pl\/wp-content\/uploads\/2022\/05\/platnosc1-480x652.jpg 480w\" data-sizes=\"(min-width: 0px) and (max-width: 480px) 480px, (min-width: 481px) 613px, 100vw\" src=\"data:image\/gif;base64,R0lGODlhAQABAAAAACH5BAEKAAEALAAAAAABAAEAAAICTAEAOw==\" style=\"--smush-placeholder-width: 613px; --smush-placeholder-aspect-ratio: 613\/833;\" \/><\/p><\/div><\/div>\n            <\/div>\n\t\t\t<\/div><div class=\"et_pb_module et_d4_element dipl_faq_page_schema_item dipl_faq_page_schema_item_4\">\n\t\t\t\t<div class=\"dipl_faq_item_wrapper\" itemscope itemprop=\"mainEntity\" itemtype=\"https:\/\/schema.org\/Question\">\n                <div class=\"dipl_question_wrapper\"><h4 itemprop=\"name\">NUMER STARTOWY - o co chodzi ?<\/h4><\/div>\n                <div class=\"dipl_answer_wrapper\" itemscope itemprop=\"acceptedAnswer\" itemtype=\"https:\/\/schema.org\/Answer\"><div itemprop=\"text\"><p>Numer startowy to Tw\u00f3j NUMER ANIELSKI\u00a0 \u2013 nadawany raz dziennie automatycznie przez system po op\u0142aceniu zapisu.<br \/>List\u0119 numer\u00f3w startowych mo\u017cesz znale\u017a\u0107 na stronie wydarzenia na Elektronicznych Zapisach pod zak\u0142adk\u0105\u00a0<a href=\"https:\/\/elektronicznezapisy.pl\/event\/i00644k3d0v0g127w6z475f7e7j8v4d9\/clients.html\">Lista uczestnik\u00f3w<\/a><\/p>\n<p>Z tej strony mo\u017cna pobra\u0107 sw\u00f3j numer startowy w kolumnie \u201cNumer\u201d przy swoim nazwisku.<\/p><\/div><\/div>\n            <\/div>\n\t\t\t<\/div><div class=\"et_pb_module et_d4_element dipl_faq_page_schema_item dipl_faq_page_schema_item_5\">\n\t\t\t\t<div class=\"dipl_faq_item_wrapper\" itemscope itemprop=\"mainEntity\" itemtype=\"https:\/\/schema.org\/Question\">\n                <div class=\"dipl_question_wrapper\"><h4 itemprop=\"name\">Czy konto na Elektronicznych Zapisach jest wymagane do rejestracji na wydarzenie 1000 Anio\u0142\u00f3w ?<\/h4><\/div>\n                <div class=\"dipl_answer_wrapper\" itemscope itemprop=\"acceptedAnswer\" itemtype=\"https:\/\/schema.org\/Answer\"><div itemprop=\"text\"><p>Tak, aby zapisa\u0107 si\u0119 na wydarzenie trzeba posiada\u0107 aktywne konto na Elektronicznych Zapisach. Istnieje jednak mo\u017cliwo\u015b\u0107, \u017ce kto\u015b z Twoich znajomych, kt\u00f3ry ma ju\u017c zarejestrowane konto mo\u017ce zapisa\u0107\/dopisa\u0107 Ciebie na wydarzenie.<\/p><\/div><\/div>\n            <\/div>\n\t\t\t<\/div><div class=\"et_pb_module et_d4_element dipl_faq_page_schema_item dipl_faq_page_schema_item_6\">\n\t\t\t\t<div class=\"dipl_faq_item_wrapper\" itemscope itemprop=\"mainEntity\" itemtype=\"https:\/\/schema.org\/Question\">\n                <div class=\"dipl_question_wrapper\"><h4 itemprop=\"name\">Czy mog\u0119 zapisa\u0107 dodatkow\u0105 osob\u0119 na wydarzenie na swoim koncie Elektronicznych Zapis\u00f3w<\/h4><\/div>\n                <div class=\"dipl_answer_wrapper\" itemscope itemprop=\"acceptedAnswer\" itemtype=\"https:\/\/schema.org\/Answer\"><div itemprop=\"text\"><p>Tak, istnieje mo\u017cliwo\u015b\u0107 zapisania dodatkowej osoby\/os\u00f3b na swoim koncie Elektronicznych Zapis\u00f3w.<\/p>\n<p>W tym celu przechodzimy do zak\u0142adki \u201cZapisz si\u0119\u201d i tam mamy u g\u00f3ry niebieski przycisk \u2013 \u201cZapisz inn\u0105 osob\u0119\u201d<\/p>\n<p>&nbsp;<\/p>\n<p style=\"margin: 0cm; vertical-align: baseline; box-sizing: border-box; outline: 0px; text-size-adjust: 100%; background-image: initial; background-position: initial; background-size: initial; background-repeat: initial; background-attachment: initial; background-origin: initial; background-clip: initial; font-variant-ligatures: normal; font-variant-caps: normal; orphans: 2; text-align: start; widows: 2; -webkit-text-stroke-width: 0px; text-decoration-thickness: initial; text-decoration-style: initial; text-decoration-color: initial; word-spacing: 0px;\"><span class=\"size\"><span style=\"font-size: 10.5pt; font-family: 'Lato',sans-serif; color: #666666; background: white;\">\u00a0<\/span><\/span><\/p>\n<p>&nbsp;<\/p><\/div><\/div>\n            <\/div>\n\t\t\t<\/div><div class=\"et_pb_module et_d4_element dipl_faq_page_schema_item dipl_faq_page_schema_item_7\">\n\t\t\t\t<div class=\"dipl_faq_item_wrapper\" itemscope itemprop=\"mainEntity\" itemtype=\"https:\/\/schema.org\/Question\">\n                <div class=\"dipl_question_wrapper\"><h4 itemprop=\"name\">DYSTANS inaczej PAKIET  - co to jest ?<\/h4><\/div>\n                <div class=\"dipl_answer_wrapper\" itemscope itemprop=\"acceptedAnswer\" itemtype=\"https:\/\/schema.org\/Answer\"><div itemprop=\"text\"><p>Pakiet to wp\u0142ata startowa, kt\u00f3ra jest wp\u0142at\u0105 charytatywn\u0105 i w CA\u0141O\u015aCI ZASILA KONTO FUNDACJI HOSPICJUM POMORZE DZIECIOM<\/p>\n<p>Rejestracja obliguje do wyboru pakietu.\u00a0 Wniesienie op\u0142aty w wydarzeniu jest jednoznaczne z przekazaniem darowizny na cele statutowe Hospicjum w kwocie: 55 z\u0142, 155, 255, 555 lub 1055. Tytu\u0142 przelewu: \u201eWydarzenie charytatywne 1000 Anio\u0142\u00f3w \u2013 darowizna na cele statutowe Hospicjum\u201d.<\/p>\n<ol>\n<li>Op\u0142ata w wysoko\u015bci 55 z\u0142 ANIO\u0141- pakiet podstawowy . Upowa\u017cnia do udzia\u0142u w koncercie zorganizowanym z tej okazji w dniu 31.05.2026.<\/li>\n<li>Op\u0142ata w wysoko\u015bci 155 z\u0142 ANIO\u0141 PREMIUM. Upowa\u017cnia do udzia\u0142u w koncercie zorganizowanym z tej okazji w dniu 31.05.2026 w Sopocie plus limitowana niespodzianka rzeczowa.<\/li>\n<li>Op\u0142ata w wysoko\u015bci 255 z\u0142 ANIO\u0141 SPECJALNY NUMER upowa\u017cnia do udzia\u0142u w koncercie zorganizowanym z tej okazji w dniu 31.05.2024 w Sopocie plus otrzymanie specjalnego numeru anielskiego oraz limitowanej niespodzianki rzeczowej. NUMER SPECJALNY to numer z puli -2,3,4,5,6,7,8,9,10,11,22,33,44,55, \u2026111,\u2026.999 nadawany automatycznie z puli wolnych numer\u00f3w. Mo\u017cliwe jest te\u017c nadanie innego wolnego numeru na \u017cyczenie uczestnika kt\u00f3ry wykupi ten pakiet.<\/li>\n<li>Op\u0142ata 555 z\u0142 ARCHANIO\u0141 upowa\u017cnia do udzia\u0142u w koncercie zorganizowanym z tej okazji w dniu 31.05.2026 w Sopocie plus otrzymanie specjalnego numeru anielskiego oraz specjalnej niespodzianki rzeczowej.<\/li>\n<li>Op\u0142ata 1055 z\u0142 ARCHANIO\u0141 PREMIUM upowa\u017cnia do udzia\u0142u w koncercie zorganizowanym z tej okazji w dniu 31.05.2026 w Sopocie plus otrzymanie specjalnego numeru anielskiego oraz niespodzianki rzeczowej <strong>PREMIUM<\/strong>.<\/li>\n<\/ol><\/div><\/div>\n            <\/div>\n\t\t\t<\/div><div class=\"et_pb_module et_d4_element dipl_faq_page_schema_item dipl_faq_page_schema_item_8\">\n\t\t\t\t<div class=\"dipl_faq_item_wrapper\" itemscope itemprop=\"mainEntity\" itemtype=\"https:\/\/schema.org\/Question\">\n                <div class=\"dipl_question_wrapper\"><h4 itemprop=\"name\">Inne sposoby p\u0142atno\u015bci za pakiet<\/h4><\/div>\n                <div class=\"dipl_answer_wrapper\" itemscope itemprop=\"acceptedAnswer\" itemtype=\"https:\/\/schema.org\/Answer\"><div itemprop=\"text\"><p>Mo\u017cliwe s\u0105 jedynie patno\u015bci online BLIK\/ PRZELEW ONLINE Z POLSKIEGO BANKU\/ P\u0141ATNO\u015aCI Z ZAGRANICY - \u00a0 S\u20acPA -\u00a0 po rejestracji i przej\u015bciu do p\u0142atno\u015bci Tpay - wybieramy opcj\u0119 Przelew (online lub tradycyjny) - pojawi\u0105 nam si\u0119 banki, przelew tradycyjny oraz S\u20acPA - to opcja p\u0142atnosci dla przlew\u00f3w z zzagranicy.<\/p><\/div><\/div>\n            <\/div>\n\t\t\t<\/div><div class=\"et_pb_module et_d4_element dipl_faq_page_schema_item dipl_faq_page_schema_item_9\">\n\t\t\t\t<div class=\"dipl_faq_item_wrapper\" itemscope itemprop=\"mainEntity\" itemtype=\"https:\/\/schema.org\/Question\">\n                <div class=\"dipl_question_wrapper\"><h4 itemprop=\"name\">Zarejestrowa\u0142am\/em sie ale nie dokona\u0142em op\u0142aty. Czy mog\u0119 to zrobi\u0107 p\u00f3\u017aniej ?<\/h4><\/div>\n                <div class=\"dipl_answer_wrapper\" itemscope itemprop=\"acceptedAnswer\" itemtype=\"https:\/\/schema.org\/Answer\"><div itemprop=\"text\"><p>Tak po rejestracji b\u0119dziesz widoczna\/y jako uczestnik nieop\u0142acony. Aby dokona\u0107 op\u0142aty nale\u017cy<br \/>- wej\u015b\u0107 na wydarzenie 1000 Anio\u0142\u00f3w na elektronicznych zapisach.<br \/>- wybra\u0107 zak\u0142adk\u0119 Lista uczestnik\u00f3w<br \/>-<a href=\"https:\/\/elektronicznezapisy.pl\/event\/i00644k3d0v0g127w6z475f7e7j8v4d9\/clients.html?payment=2\"> wybra\u0107 uczestnik\u00f3w nieop\u0142aconych<\/a><br \/>- znale\u017a\u0107 uczestnika zarejestrowanego ale nie op\u0142aconego.<br \/>- nacisn\u0105\u0107 na kwot\u0119 do zap\u0142aty<br \/>- link automatycznie przekieruje Cie do p\u0142atno\u015bci na Tpay.<\/p><\/div><\/div>\n            <\/div>\n\t\t\t<\/div><div class=\"et_pb_module et_d4_element dipl_faq_page_schema_item dipl_faq_page_schema_item_10\">\n\t\t\t\t<div class=\"dipl_faq_item_wrapper\" itemscope itemprop=\"mainEntity\" itemtype=\"https:\/\/schema.org\/Question\">\n                <div class=\"dipl_question_wrapper\"><h4 itemprop=\"name\">Nie mam maila aktywacyjnego po rejestracji konta na Elektronicznych Zapisach. Co teraz ?<\/h4><\/div>\n                <div class=\"dipl_answer_wrapper\" itemscope itemprop=\"acceptedAnswer\" itemtype=\"https:\/\/schema.org\/Answer\"><div itemprop=\"text\"><p><span>E-mail aktywacyjny po rejestracji konta na elektronicznych zapisach powinien dotrze\u0107 w ci\u0105gu paru minut. Je\u017celi nie ma go w skrzynce pocztowej (koniecznie sprawd\u017a SPAM) to istnieje mo\u017cliwo\u015b\u0107 rozwi\u0105zania tego problemu.<\/span><\/p>\n<p><span>Instrukcja\u00a0<a href=\"https:\/\/vimeo.com\/207590563\" target=\"_blank\" rel=\"noopener noreferrer\">TUTAJ<\/a><\/span><\/p>\n<p><a href=\"https:\/\/vimeo.com\/207590563\" target=\"_blank\" rel=\"noopener noreferrer\"><\/a><\/p><\/div><\/div>\n            <\/div>\n\t\t\t<\/div><div class=\"et_pb_module et_d4_element dipl_faq_page_schema_item dipl_faq_page_schema_item_11\">\n\t\t\t\t<div class=\"dipl_faq_item_wrapper\" itemscope itemprop=\"mainEntity\" itemtype=\"https:\/\/schema.org\/Question\">\n                <div class=\"dipl_question_wrapper\"><h4 itemprop=\"name\">KLUB - co tu wpisa\u0107 ?<\/h4><\/div>\n                <div class=\"dipl_answer_wrapper\" itemscope itemprop=\"acceptedAnswer\" itemtype=\"https:\/\/schema.org\/Answer\"><div itemprop=\"text\"><p>Klub jest polem w formularzu w kt\u00f3rym mo\u017cna (ale nie trzeba) wpisa\u0107 Spo\u0142eczno\u015b\u0107\/ Grup\u0119 \/\u00a0 Organizacj\u0119 \/ Klub , w ramach kt\u00f3rego bierzesz udzia\u0142 w wydarzeniu.<\/p><\/div><\/div>\n            <\/div>\n\t\t\t<\/div><\/div>\n\t\t\t<\/div>\n\n<\/div>\n<\/div>\n<\/div>","protected":false},"excerpt":{"rendered":"","protected":false},"author":1,"featured_media":0,"parent":0,"menu_order":0,"comment_status":"closed","ping_status":"closed","template":"","meta":{"_acf_changed":false,"_et_pb_use_builder":"on","_et_pb_old_content":"","_et_gb_content_width":"","footnotes":""},"class_list":["post-6148","page","type-page","status-publish","hentry"],"acf":[],"_links":{"self":[{"href":"https:\/\/www.morzeaniolow.pl\/index.php\/wp-json\/wp\/v2\/pages\/6148","targetHints":{"allow":["GET"]}}],"collection":[{"href":"https:\/\/www.morzeaniolow.pl\/index.php\/wp-json\/wp\/v2\/pages"}],"about":[{"href":"https:\/\/www.morzeaniolow.pl\/index.php\/wp-json\/wp\/v2\/types\/page"}],"author":[{"embeddable":true,"href":"https:\/\/www.morzeaniolow.pl\/index.php\/wp-json\/wp\/v2\/users\/1"}],"replies":[{"embeddable":true,"href":"https:\/\/www.morzeaniolow.pl\/index.php\/wp-json\/wp\/v2\/comments?post=6148"}],"version-history":[{"count":49,"href":"https:\/\/www.morzeaniolow.pl\/index.php\/wp-json\/wp\/v2\/pages\/6148\/revisions"}],"predecessor-version":[{"id":14444,"href":"https:\/\/www.morzeaniolow.pl\/index.php\/wp-json\/wp\/v2\/pages\/6148\/revisions\/14444"}],"wp:attachment":[{"href":"https:\/\/www.morzeaniolow.pl\/index.php\/wp-json\/wp\/v2\/media?parent=6148"}],"curies":[{"name":"wp","href":"https:\/\/api.w.org\/{rel}","templated":true}]}}