{"id":7624,"date":"2024-05-21T07:41:29","date_gmt":"2024-05-21T06:41:29","guid":{"rendered":"https:\/\/www.morzeaniolow.pl\/?page_id=7624"},"modified":"2026-04-16T09:12:53","modified_gmt":"2026-04-16T08:12:53","slug":"mapka-wejsc-1-04-2024","status":"publish","type":"page","link":"https:\/\/www.morzeaniolow.pl\/index.php\/mapka-wejsc-1-04-2024\/","title":{"rendered":"Anielska Mapa"},"content":{"rendered":"<div class=\"et_pb_section_0 et_pb_section et_section_regular et_block_section\">\n<div class=\"et_pb_row_0 et_pb_row et_block_row\">\n<div class=\"et_pb_column_0 et_pb_column et_pb_column_4_4 et-last-child et_block_column et_pb_css_mix_blend_mode_passthrough\">\n\n\n\n<div class=\"et_pb_module et_d4_element dipl_floating_image dipl_floating_image_0 et_clickable\">\n\t\t\t\t\n\t\t\t\t\n\t\t\t\t\n\t\t\t\t\n\t\t\t\t\n\t\t\t\t\n\t\t\t\t<div class=\"et_pb_module_inner\">\n\t\t\t\t\t<div class=\"dipl_floating_images_wrapper\"><div class=\"et_pb_module et_d4_element dipl_floating_image_item dipl_floating_image_item_0\">\n\t\t\t\t\n\t\t\t\t\n\t\t\t\t\n\t\t\t\t\n\t\t\t\t\n\t\t\t\t\n\t\t\t\t<div class=\"et_pb_module_inner\">\n\t\t\t\t\t<img  title=\"\" decoding=\"async\" data-src=\"https:\/\/www.morzeaniolow.pl\/wp-content\/uploads\/2022\/02\/Artboard-1@4x.png\"  alt=\"Artboard-1@4x Anielska Mapa\"  data-srcset=\"https:\/\/www.morzeaniolow.pl\/wp-content\/uploads\/2022\/02\/Artboard-1@4x.png 987w, https:\/\/www.morzeaniolow.pl\/wp-content\/uploads\/2022\/02\/Artboard-1@4x-980x453.png 980w, https:\/\/www.morzeaniolow.pl\/wp-content\/uploads\/2022\/02\/Artboard-1@4x-480x222.png 480w\" data-sizes=\"(min-width: 0px) and (max-width: 480px) 480px, (min-width: 481px) and (max-width: 980px) 980px, (min-width: 981px) 987px, 100vw\" src=\"data:image\/gif;base64,R0lGODlhAQABAAAAACH5BAEKAAEALAAAAAABAAEAAAICTAEAOw==\" class=\"lazyload\" style=\"--smush-placeholder-width: 987px; --smush-placeholder-aspect-ratio: 987\/456;\" \/>\n\t\t\t\t<\/div>\n\t\t\t<\/div><\/div>\n\t\t\t\t<\/div>\n\t\t\t<\/div>\n\n\n\n\n\n\n\n<div class=\"et_pb_module et_d4_element dipl_text_highlighter dipl_text_highlighter_0\">\n\t\t\t\t\n\t\t\t\t\n\t\t\t\t\n\t\t\t\t\n\t\t\t\t\n\t\t\t\t\n\t\t\t\t<div class=\"et_pb_module_inner\">\n\t\t\t\t\t<div class=\"dipl_text_highlighter_wrapper dipl_highlighter_heading dipl_highlight_double_underline \"><h1><span class=\"dipl_text_highlighter_pre_inner_wrapper\">ANIELSKA MAPA&nbsp;<\/span><\/h1><\/div>\n\t\t\t\t<\/div>\n\t\t\t<\/div>\n\n\n\n\n<div class=\"et_pb_text_0 et_pb_text et_pb_bg_layout_light et_pb_module et_block_module\"><div class=\"et_pb_text_inner\"><p style=\"text-align: center;\">POLSKA<\/p>\n<\/div><\/div>\n<\/div>\n<\/div>\n\n<div class=\"et_pb_row_1 et_pb_row et_pb_equal_columns et_block_row\">\n<div class=\"et_pb_column_1 et_pb_column et_pb_column_4_4 et-last-child et_block_column et_pb_css_mix_blend_mode_passthrough\">\n\n<div class=\"et_pb_module et_d4_element dipl_hotspot dipl_hotspot_0\">\n\t\t\t\t\n\t\t\t\t\n\t\t\t\t\n\t\t\t\t\n\t\t\t\t\n\t\t\t\t\n\t\t\t\t<div class=\"et_pb_module_inner\">\n\t\t\t\t\t<div class=\"dipl_hotspot_wrapper pulsating\">\n\t\t\t\t<div class=\"dipl_image_wrapper\"><img  title=\"\" decoding=\"async\" data-src=\"https:\/\/www.morzeaniolow.pl\/wp-content\/uploads\/2024\/05\/mapa\u041c\u043e\u043d\u0442\u0430\u0436\u043d\u0430\u044f-\u043e\u0431\u043b\u0430\u0441\u0442\u044c-1@4x.png\"  alt=\"mapa\u041c\u043e\u043d\u0442\u0430\u0436\u043d\u0430\u044f-\u043e\u0431\u043b\u0430\u0441\u0442\u044c-1@4x Anielska Mapa\" src=\"data:image\/gif;base64,R0lGODlhAQABAAAAACH5BAEKAAEALAAAAAABAAEAAAICTAEAOw==\" class=\"lazyload\" style=\"--smush-placeholder-width: 2385px; --smush-placeholder-aspect-ratio: 2385\/2234;\" \/><\/div>\n\t\t\t\t<div class=\"et_pb_module et_d4_element dipl_hotspot_item dipl_hotspot_item_0\">\n\t\t\t\t\n\t\t\t\t\n\t\t\t\t\n\t\t\t\t\n\t\t\t\t\n\t\t\t\t\n\t\t\t\t<div class=\"et_pb_module_inner\">\n\t\t\t\t\t<div class=\"dipl_marker\" id=\"dipl_marker_0\" data-tooltip-content=\"#dipl_tooltip_0\"><span class=\"dipl_marker_wrapper dipl_icon_marker et-pb-icon\">&#xf041;<\/span><\/div><div class=\"dipl_tooltip_wrapper\"><div id=\"dipl_tooltip_0\">Sopot pla\u017ca - wej\u015bcie nr 28, godz 4:17\r<\/div><\/div>\n\t\t\t\t<\/div>\n\t\t\t<\/div><div class=\"et_pb_module et_d4_element dipl_hotspot_item dipl_hotspot_item_1\">\n\t\t\t\t\n\t\t\t\t\n\t\t\t\t\n\t\t\t\t\n\t\t\t\t\n\t\t\t\t\n\t\t\t\t<div class=\"et_pb_module_inner\">\n\t\t\t\t\t<div class=\"dipl_marker\" id=\"dipl_marker_1\" data-tooltip-content=\"#dipl_tooltip_1\"><span class=\"dipl_marker_wrapper dipl_icon_marker et-pb-icon\"><\/span><\/div><div class=\"dipl_tooltip_wrapper\"><div id=\"dipl_tooltip_1\"><p>MIELNO - pla\u017ca<\/p><\/div><\/div>\n\t\t\t\t<\/div>\n\t\t\t<\/div><div class=\"et_pb_module et_d4_element dipl_hotspot_item dipl_hotspot_item_2\">\n\t\t\t\t\n\t\t\t\t\n\t\t\t\t\n\t\t\t\t\n\t\t\t\t\n\t\t\t\t\n\t\t\t\t<div class=\"et_pb_module_inner\">\n\t\t\t\t\t<div class=\"dipl_marker\" id=\"dipl_marker_2\" data-tooltip-content=\"#dipl_tooltip_2\"><span class=\"dipl_marker_wrapper dipl_icon_marker et-pb-icon\"><\/span><\/div><div class=\"dipl_tooltip_wrapper\"><div id=\"dipl_tooltip_2\"><p>D\u0105browa G\u00f3rnicza - Pogoria 3<\/p><\/div><\/div>\n\t\t\t\t<\/div>\n\t\t\t<\/div><div class=\"et_pb_module et_d4_element dipl_hotspot_item dipl_hotspot_item_3\">\n\t\t\t\t\n\t\t\t\t\n\t\t\t\t\n\t\t\t\t\n\t\t\t\t\n\t\t\t\t\n\t\t\t\t<div class=\"et_pb_module_inner\">\n\t\t\t\t\t<div class=\"dipl_marker\" id=\"dipl_marker_3\" data-tooltip-content=\"#dipl_tooltip_3\"><span class=\"dipl_marker_wrapper dipl_icon_marker et-pb-icon\"><\/span><\/div><div class=\"dipl_tooltip_wrapper\"><div id=\"dipl_tooltip_3\"><p>\u015awinouj\u015bcie -Pla\u017ca miejska, wej\u015bcie od pazy ratownik\u00f3w.<o:p><\/o:p><\/p><\/div><\/div>\n\t\t\t\t<\/div>\n\t\t\t<\/div><div class=\"et_pb_module et_d4_element dipl_hotspot_item dipl_hotspot_item_4\">\n\t\t\t\t\n\t\t\t\t\n\t\t\t\t\n\t\t\t\t\n\t\t\t\t\n\t\t\t\t\n\t\t\t\t<div class=\"et_pb_module_inner\">\n\t\t\t\t\t<div class=\"dipl_marker\" id=\"dipl_marker_4\" data-tooltip-content=\"#dipl_tooltip_4\"><span class=\"dipl_marker_wrapper dipl_icon_marker et-pb-icon\"><\/span><\/div><div class=\"dipl_tooltip_wrapper\"><div id=\"dipl_tooltip_4\"><p>Toru\u0144<\/p><\/div><\/div>\n\t\t\t\t<\/div>\n\t\t\t<\/div>\n\t\t\t<\/div><script type=\"text\/javascript\">\n                jQuery(document).ready( function($) {\n\n\t\t\t\t\tvar isTouchDevice = (\n\t\t\t\t\t\t\"ontouchstart\" in window || \n\t\t\t\t\t\tnavigator.maxTouchPoints > 0 || \n\t\t\t\t\t\tnavigator.msMaxTouchPoints > 0\n\t\t\t\t\t);\n\n\t\t\t\t\tvar triggerType = isTouchDevice \n\t\t\t\t\t\t? \"click\"   \/\/ Mobile\/tablet\n\t\t\t\t\t\t: \"hover\";  \/\/ Desktop\n\n            \t\t$('.dipl_hotspot_0').find('.dipl_marker').each(function() {\n                        $(this).tooltipster( {\n                            contentCloning: false,\n                            trigger: triggerType,\n                            animation: \"fade\",\n                            animationDuration: 350,\n                            arrow: false,\n                            interactive: true,\n                            maxWidth: 200,\n                            theme: [\"dipl_tooltip\",\"dipl_hotspot_0_0\"],\n                        } );\n                    } );\n                } );\n            <\/script>\n\t\t\t\t<\/div>\n\t\t\t<\/div>\n\n<\/div>\n<\/div>\n\n<div class=\"et_pb_row_2 et_pb_row et_block_row\">\n<div class=\"et_pb_column_2 et_pb_column et_pb_column_1_2 et_block_column et_pb_css_mix_blend_mode_passthrough\">\n<div class=\"et_pb_text_1 et_pb_text et_pb_bg_layout_light et_pb_module et_block_module\"><div class=\"et_pb_text_inner\"><h2 style=\"text-align: center;\" id=\"swiat\">\u015aWIAT<\/h2>\n<\/div><\/div>\n<\/div>\n\n<div class=\"et_pb_column_3 et_pb_column et_pb_column_1_2 et-last-child et_block_column et_pb_css_mix_blend_mode_passthrough\">\n<div class=\"et_pb_text_2 et_pb_text et_pb_bg_layout_light et_pb_module et_block_module\"><div class=\"et_pb_text_inner\"><p><strong>DAJ ZNA\u0106 GDZIE WEJDZIESZ Z NAMI O WSCHODZI S\u0141O\u0143CA<\/strong><\/p>\n<\/div><\/div>\n\n<div class=\"et_pb_code_0 et_pb_code et_pb_module\"><div class=\"et_pb_code_inner\"><div class=\"forminator-ui forminator-custom-form forminator-custom-form-7641 forminator-design--default  forminator_ajax\" data-forminator-render=\"0\" data-form=\"forminator-module-7641\" data-uid=\"69e204e12b071\"><br\/><\/div><form\n\t\t\t\tid=\"forminator-module-7641\"\n\t\t\t\tclass=\"forminator-ui forminator-custom-form forminator-custom-form-7641 forminator-design--default  forminator_ajax\"\n\t\t\t\tmethod=\"post\"\n\t\t\t\tdata-forminator-render=\"0\"\n\t\t\t\tdata-form-id=\"7641\"\n\t\t\t\t data-color-option=\"default\" data-design=\"default\" data-grid=\"open\" style=\"display: none;\"\n\t\t\t\tdata-uid=\"69e204e12b071\"\n\t\t\t><div role=\"alert\" aria-live=\"polite\" class=\"forminator-response-message forminator-error\" aria-hidden=\"true\"><\/div><div class=\"forminator-row\"><div id=\"name-1\" class=\"forminator-field-name forminator-col forminator-col-12 \"><div class=\"forminator-row forminator-no-margin\" data-multiple=\"true\"><div class=\"forminator-col forminator-col-md-6\"><div class=\"forminator-field\"><label for=\"forminator-field-first-name-1_69e204e12b071\" id=\"forminator-field-first-name-1_69e204e12b071-label\" class=\"forminator-label\">Imi\u0119 <span class=\"forminator-required\">*<\/span><\/label><input type=\"text\" name=\"name-1-first-name\" placeholder=\"Na przyk\u0142ad: Jan\" id=\"forminator-field-first-name-1_69e204e12b071\" class=\"forminator-input\" aria-required=\"true\" data-multi=\"1\" autocomplete=\"given-name\" value=\"\" \/><\/div><\/div><div class=\"forminator-col forminator-col-md-6\"><div class=\"forminator-field\"><label for=\"forminator-field-last-name-1_69e204e12b071\" id=\"forminator-field-last-name-1_69e204e12b071-label\" class=\"forminator-label\">Nazwisko <span class=\"forminator-required\">*<\/span><\/label><input type=\"text\" name=\"name-1-last-name\" placeholder=\"Na przyk\u0142ad: Kowalski\" id=\"forminator-field-last-name-1_69e204e12b071\" class=\"forminator-input\" aria-required=\"true\" data-multi=\"1\" autocomplete=\"family-name\" value=\"\" \/><\/div><\/div><\/div><\/div><\/div><div class=\"forminator-row\"><div id=\"email-1\" class=\"forminator-field-email forminator-col forminator-col-12 \"><div class=\"forminator-field\"><label for=\"forminator-field-email-1_69e204e12b071\" id=\"forminator-field-email-1_69e204e12b071-label\" class=\"forminator-label\">Adres e-mail <span class=\"forminator-required\">*<\/span><\/label><input type=\"email\" name=\"email-1\" value=\"\" placeholder=\"Na przyk\u0142ad: jan@kowalski.com\" id=\"forminator-field-email-1_69e204e12b071\" class=\"forminator-input forminator-email--field\" data-required=\"1\" aria-required=\"true\" autocomplete=\"email\" \/><\/div><\/div><\/div><div class=\"forminator-row\"><div id=\"phone-1\" class=\"forminator-field-phone forminator-col forminator-col-12 \"><div class=\"forminator-field\"><label for=\"forminator-field-phone-1_69e204e12b071\" id=\"forminator-field-phone-1_69e204e12b071-label\" class=\"forminator-label\">Numer telefonu opcjonalnie<\/label><input type=\"text\" name=\"phone-1\" value=\"\" placeholder=\"\" id=\"forminator-field-phone-1_69e204e12b071\" class=\"forminator-input forminator-field--phone\" data-required=\"\" aria-required=\"false\" autocomplete=\"off\" aria-describedby=\"forminator-field-phone-1_69e204e12b071-description\" \/><span id=\"forminator-field-phone-1_69e204e12b071-description\" class=\"forminator-description\" id=\"forminator-field-phone-1_69e204e12b071-description\">Telefon do kontaktu dla os\u00f3b zainteresowanych wej\u015bciem<\/span><\/div><\/div><\/div><div class=\"forminator-row\"><div id=\"select-1\" class=\"forminator-field-select forminator-col forminator-col-12 \"><div class=\"forminator-field\"><label for=\"forminator-form-7641__field--select-1_69e204e12b071\" id=\"forminator-form-7641__field--select-1_69e204e12b071-label\" class=\"forminator-label\">Kraj<\/label><select  id=\"forminator-form-7641__field--select-1_69e204e12b071\" class=\"forminator-select--field forminator-select2 forminator-select2-multiple\" data-required=\"\" name=\"select-1\" data-default-value=\"one\" data-hidden-behavior=\"zero\" data-placeholder=\"\" data-search=\"false\" data-search-placeholder=\"\" data-checkbox=\"false\" data-allow-clear=\"false\" aria-labelledby=\"forminator-form-7641__field--select-1_69e204e12b071-label\" aria-describedby=\"forminator-form-7641__field--select-1_69e204e12b071-description\"><option value=\"one\" selected=\"selected\" data-calculation=\"0\">Polska<\/option><option value=\"two\"  data-calculation=\"0\">Niemcy<\/option><option value=\"Holandia\"  data-calculation=\"0\">Holandia<\/option><option value=\"Wielka-Brytania\"  data-calculation=\"0\">Wielka Brytania<\/option><option value=\"Czechy\"  data-calculation=\"0\">Czechy<\/option><option value=\"W\u0142ochy\"  data-calculation=\"0\">W\u0142ochy<\/option><option value=\"Hiszpania\"  data-calculation=\"0\">Hiszpania<\/option><option value=\"Francja\"  data-calculation=\"0\">Francja<\/option><option value=\"Inny\"  data-calculation=\"0\">Inny<\/option><\/select><span id=\"forminator-form-7641__field--select-1_69e204e12b071-description\" class=\"forminator-description\">Kraj w k\u00f3trym b\u0119dzie organizowane wej\u015bcie<\/span><\/div><\/div><\/div><div class=\"forminator-row\"><div id=\"text-2\" class=\"forminator-field-text forminator-col forminator-col-12 \"><div class=\"forminator-field\"><label for=\"forminator-field-text-2_69e204e12b071\" id=\"forminator-field-text-2_69e204e12b071-label\" class=\"forminator-label\">WPISZ KRAJ <span class=\"forminator-required\">*<\/span><\/label><input type=\"text\" name=\"text-2\" value=\"\" placeholder=\"\" id=\"forminator-field-text-2_69e204e12b071\" class=\"forminator-input forminator-name--field\" data-required=\"1\" \/><\/div><\/div><\/div><div class=\"forminator-row\"><div id=\"text-3\" class=\"forminator-field-text forminator-col forminator-col-12 \"><div class=\"forminator-field\"><label for=\"forminator-field-text-3_69e204e12b071\" id=\"forminator-field-text-3_69e204e12b071-label\" class=\"forminator-label\">Miasto \/ Miejscowo\u015b\u0107 <span class=\"forminator-required\">*<\/span><\/label><input type=\"text\" name=\"text-3\" value=\"\" placeholder=\"\" id=\"forminator-field-text-3_69e204e12b071\" class=\"forminator-input forminator-name--field\" data-required=\"1\" aria-describedby=\"forminator-field-text-3_69e204e12b071-description\" \/><span id=\"forminator-field-text-3_69e204e12b071-description\" class=\"forminator-description\">Podaj miasto\/miejscowo\u015b\u0107 wej\u015bcie do wody<\/span><\/div><\/div><\/div><div class=\"forminator-row\"><div id=\"text-1\" class=\"forminator-field-text forminator-col forminator-col-12 \"><div class=\"forminator-field\"><label for=\"forminator-field-text-1_69e204e12b071\" id=\"forminator-field-text-1_69e204e12b071-label\" class=\"forminator-label\">Godzina wej\u015bcia do wody <span class=\"forminator-required\">*<\/span><\/label><input type=\"text\" name=\"text-1\" value=\"\" placeholder=\"Przyk\u0142ad: tekst zast\u0119pczy\" id=\"forminator-field-text-1_69e204e12b071\" class=\"forminator-input forminator-name--field\" data-required=\"1\" aria-describedby=\"forminator-field-text-1_69e204e12b071-description\" \/><span id=\"forminator-field-text-1_69e204e12b071-description\" class=\"forminator-description\">Podaj sw\u00f3j czas lokalny o kt\u00f3rej b\u0119dziecie wchodzili do wody<\/span><\/div><\/div><\/div><div class=\"forminator-row\"><div id=\"textarea-3\" class=\"forminator-field-textarea forminator-col forminator-col-12 \"><div class=\"forminator-field\"><label for=\"forminator-field-textarea-3_69e204e12b071\" id=\"forminator-field-textarea-3_69e204e12b071-label\" class=\"forminator-label\">Wpisz dodatkowe informacj\u0119 dotycz\u0105ce wej\u015bcia (pla\u017ca, jezioro, rzeka - miejsce)<\/label><textarea name=\"textarea-3\" placeholder=\"\" id=\"forminator-field-textarea-3_69e204e12b071\" class=\"forminator-textarea\" rows=\"6\" style=\"min-height:140px;\" ><\/textarea><\/div><\/div><\/div><input type=\"hidden\" name=\"referer_url\" value=\"\" \/><div class=\"forminator-row forminator-row-last\"><div class=\"forminator-col\"><div class=\"forminator-field\"><button class=\"forminator-button forminator-button-submit\">Wy\u015blij wiadomo\u015b\u0107<\/button><\/div><\/div><\/div><input type=\"hidden\" id=\"forminator_nonce\" name=\"forminator_nonce\" value=\"e2c15f29e5\" \/><input type=\"hidden\" name=\"_wp_http_referer\" value=\"\/index.php\/wp-json\/wp\/v2\/pages\/7624\" \/><input type=\"hidden\" name=\"form_id\" value=\"7641\"><input type=\"hidden\" name=\"page_id\" value=\"7624\"><input type=\"hidden\" name=\"form_type\" value=\"default\"><input type=\"hidden\" name=\"current_url\" value=\"https:\/\/www.morzeaniolow.pl\/index.php\/mapka-wejsc-1-04-2024\/\"><input type=\"hidden\" name=\"render_id\" value=\"0\"><input type=\"hidden\" name=\"action\" value=\"forminator_submit_form_custom-forms\"><\/form><\/div><\/div>\n<\/div>\n<\/div>\n<\/div>","protected":false},"excerpt":{"rendered":"","protected":false},"author":1,"featured_media":0,"parent":0,"menu_order":0,"comment_status":"closed","ping_status":"closed","template":"","meta":{"_acf_changed":false,"_et_pb_use_builder":"on","_et_pb_old_content":"","_et_gb_content_width":"","footnotes":""},"class_list":["post-7624","page","type-page","status-publish","hentry"],"acf":[],"_links":{"self":[{"href":"https:\/\/www.morzeaniolow.pl\/index.php\/wp-json\/wp\/v2\/pages\/7624","targetHints":{"allow":["GET"]}}],"collection":[{"href":"https:\/\/www.morzeaniolow.pl\/index.php\/wp-json\/wp\/v2\/pages"}],"about":[{"href":"https:\/\/www.morzeaniolow.pl\/index.php\/wp-json\/wp\/v2\/types\/page"}],"author":[{"embeddable":true,"href":"https:\/\/www.morzeaniolow.pl\/index.php\/wp-json\/wp\/v2\/users\/1"}],"replies":[{"embeddable":true,"href":"https:\/\/www.morzeaniolow.pl\/index.php\/wp-json\/wp\/v2\/comments?post=7624"}],"version-history":[{"count":67,"href":"https:\/\/www.morzeaniolow.pl\/index.php\/wp-json\/wp\/v2\/pages\/7624\/revisions"}],"predecessor-version":[{"id":14673,"href":"https:\/\/www.morzeaniolow.pl\/index.php\/wp-json\/wp\/v2\/pages\/7624\/revisions\/14673"}],"wp:attachment":[{"href":"https:\/\/www.morzeaniolow.pl\/index.php\/wp-json\/wp\/v2\/media?parent=7624"}],"curies":[{"name":"wp","href":"https:\/\/api.w.org\/{rel}","templated":true}]}}